{"id":149030,"date":"2021-01-15T10:58:46","date_gmt":"2021-01-15T10:58:46","guid":{"rendered":"https:\/\/codengine3.ch\/?product=import-placeholder-for-200560"},"modified":"2023-01-24T09:33:09","modified_gmt":"2023-01-24T08:33:09","slug":"avalanches-mieux-les-comprendre","status":"publish","type":"product","link":"https:\/\/pizbube.ch\/en\/shop\/avalanches-mieux-les-comprendre\/","title":{"rendered":"Avalanches &#8211; mieux les comprendre"},"content":{"rendered":"<p>Connaissances pratiques pour d\u00e9butants et professionnels: les dangers, les<br \/>\nrisques, les strat\u00e9gies \u00e0 adopter<\/p>\n<p>\u00c9valuer soi-m\u00eame les risques li\u00e9s aux avalanches, savoir en reconna\u00eetre les<br \/>\nprincipaux pi\u00e8ges, appr\u00e9cier correctement les conditions de neige et la m\u00e9t\u00e9o.<br \/>\nCet ouvrage copieusement illustr\u00e9 apporte \u00e0 tous les randonneurs \u00e0 ski, \u00e0<br \/>\nsnowboard ou en raquettes les connaissances de base n\u00e9cessaires pour:<br \/>\nl\u2019\u00e9valuation des risques, les prises de d\u00e9cision, les comportements et les<br \/>\ngestes vitaux \u00e0 adopter en cas d\u2019accident, les m\u00e9thodes modernes de d\u00e9tection<br \/>\ndes victimes.<\/p>\n<p>Un manuel clair, pratique, indispensable! 192 pages, 200 illustrations<\/p>","protected":false},"excerpt":{"rendered":"<p>Connaissances pratiques pour d\u00e9butants et professionnels: les dangers, les risques, les strat\u00e9gies \u00e0 adopter \u00c9valuer soi-m\u00eame les risques li\u00e9s aux avalanches, savoir en reconna\u00eetre les principaux pi\u00e8ges, appr\u00e9cier correctement les conditions de neige et la m\u00e9t\u00e9o. Cet ouvrage copieusement illustr\u00e9 apporte \u00e0 tous les randonneurs \u00e0 ski, \u00e0 snowboard ou en raquettes les connaissances de [&#8230;]\n","protected":false},"featured_media":27301,"template":"","meta":[],"product_brand":[],"product_cat":[21538],"product_tag":[],"class_list":{"0":"post-149030","1":"product","2":"type-product","3":"status-publish","4":"has-post-thumbnail","6":"product_cat-lehrbuecher","7":"pa_autor-harvey-rhyner-schweizer","8":"pa_erscheinungsjahr-21568","9":"pa_region-alpin-winter","10":"pa_sprache-fr","12":"first","13":"outofstock","14":"taxable","15":"shipping-taxable","16":"purchasable","17":"product-type-simple"},"_links":{"self":[{"href":"https:\/\/pizbube.ch\/en\/wp-json\/wp\/v2\/product\/149030","targetHints":{"allow":["GET"]}}],"collection":[{"href":"https:\/\/pizbube.ch\/en\/wp-json\/wp\/v2\/product"}],"about":[{"href":"https:\/\/pizbube.ch\/en\/wp-json\/wp\/v2\/types\/product"}],"wp:featuredmedia":[{"embeddable":true,"href":"https:\/\/pizbube.ch\/en\/wp-json\/wp\/v2\/media\/27301"}],"wp:attachment":[{"href":"https:\/\/pizbube.ch\/en\/wp-json\/wp\/v2\/media?parent=149030"}],"wp:term":[{"taxonomy":"product_brand","embeddable":true,"href":"https:\/\/pizbube.ch\/en\/wp-json\/wp\/v2\/product_brand?post=149030"},{"taxonomy":"product_cat","embeddable":true,"href":"https:\/\/pizbube.ch\/en\/wp-json\/wp\/v2\/product_cat?post=149030"},{"taxonomy":"product_tag","embeddable":true,"href":"https:\/\/pizbube.ch\/en\/wp-json\/wp\/v2\/product_tag?post=149030"}],"curies":[{"name":"wp","href":"https:\/\/api.w.org\/{rel}","templated":true}]}}