{"id":149032,"date":"2021-01-15T10:58:47","date_gmt":"2021-01-15T10:58:47","guid":{"rendered":"https:\/\/codengine3.ch\/?product=import-placeholder-for-203922"},"modified":"2022-06-28T11:11:08","modified_gmt":"2022-06-28T09:11:08","slug":"3x3-avalanches","status":"publish","type":"product","link":"https:\/\/pizbube.ch\/en\/shop\/3x3-avalanches\/","title":{"rendered":"3&#215;3 avalanches"},"content":{"rendered":"<p>La gestion du risque dans les sports d`hiver.<\/p>\n<p>Bas\u00e9 sur une nouvelle \u00e9dition compl\u00e8tement remani\u00e9e. La m\u00e9thode de r\u00e9duction<br \/>\ndes risques 3&#215;3, pratique et conviviale, s`appuie sur les recherches les plus<br \/>\nr\u00e9centes et sur 10 ans d`exp\u00e9rience. 224 pages, div. photos et graphiques.<\/p>","protected":false},"excerpt":{"rendered":"<ul>\n<li><b>INFO: Vergriffen, keine Neuauflage <b><\/b><\/b><\/li>\n<\/ul>","protected":false},"featured_media":31634,"template":"","meta":[],"product_brand":[],"product_cat":[21538],"product_tag":[],"class_list":{"0":"post-149032","1":"product","2":"type-product","3":"status-publish","4":"has-post-thumbnail","6":"product_cat-lehrbuecher","7":"pa_autor-munter","8":"pa_erscheinungsjahr-21763","9":"pa_region-alpin-winter","10":"pa_sprache-fr","12":"first","13":"outofstock","14":"taxable","15":"shipping-taxable","16":"purchasable","17":"product-type-simple"},"_links":{"self":[{"href":"https:\/\/pizbube.ch\/en\/wp-json\/wp\/v2\/product\/149032","targetHints":{"allow":["GET"]}}],"collection":[{"href":"https:\/\/pizbube.ch\/en\/wp-json\/wp\/v2\/product"}],"about":[{"href":"https:\/\/pizbube.ch\/en\/wp-json\/wp\/v2\/types\/product"}],"wp:featuredmedia":[{"embeddable":true,"href":"https:\/\/pizbube.ch\/en\/wp-json\/wp\/v2\/media\/31634"}],"wp:attachment":[{"href":"https:\/\/pizbube.ch\/en\/wp-json\/wp\/v2\/media?parent=149032"}],"wp:term":[{"taxonomy":"product_brand","embeddable":true,"href":"https:\/\/pizbube.ch\/en\/wp-json\/wp\/v2\/product_brand?post=149032"},{"taxonomy":"product_cat","embeddable":true,"href":"https:\/\/pizbube.ch\/en\/wp-json\/wp\/v2\/product_cat?post=149032"},{"taxonomy":"product_tag","embeddable":true,"href":"https:\/\/pizbube.ch\/en\/wp-json\/wp\/v2\/product_tag?post=149032"}],"curies":[{"name":"wp","href":"https:\/\/api.w.org\/{rel}","templated":true}]}}