{"id":149033,"date":"2021-01-15T10:58:47","date_gmt":"2021-01-15T10:58:47","guid":{"rendered":"https:\/\/codengine3.ch\/?product=import-placeholder-for-203205"},"modified":"2021-01-15T12:55:05","modified_gmt":"2021-01-15T12:55:05","slug":"dans-le-secret-des-avalanches","status":"publish","type":"product","link":"https:\/\/pizbube.ch\/en\/shop\/dans-le-secret-des-avalanches\/","title":{"rendered":"Dans le secret des avalanches"},"content":{"rendered":"<p>Ce guide propose des r\u00e9ponses simples, concr\u00e8tes, pratiques, pour vous<br \/>\nfamiliariser avec un risque naturel relativement complexe. Les avalanches<br \/>\npeuvent toucher toute personne qui se d\u00e9place en montagne, sur les pentes<br \/>\nenneig\u00e9es ou \u00e0 leur pied. Et pas seulement en hiver ! Que vous soyez skieur ou<br \/>\nsnowboarder, randonneur ou adepte du ski hors-piste, pratiquant de la raquette<br \/>\n\u00e0 neige ou alpiniste, amateur ou professionnel de la montagne, vous \u00eates<br \/>\nconcern\u00e9. Plaisir de la glisse ou d&#8217;une belle balade \u00e0 raquettes et s\u00e9curit\u00e9<br \/>\nne s&#8217;opposent pas, bien au contraire! Guide pratique pour l&#8217;estimation des<br \/>\nrisques.  <\/p>","protected":false},"excerpt":{"rendered":"<p>Ce guide propose des r\u00e9ponses simples, concr\u00e8tes, pratiques, pour vous familiariser avec un risque naturel relativement complexe. Les avalanches peuvent toucher toute personne qui se d\u00e9place en montagne, sur les pentes enneig\u00e9es ou \u00e0 leur pied. Et pas seulement en hiver ! Que vous soyez skieur ou snowboarder, randonneur ou adepte du ski hors-piste, pratiquant [&#8230;]\n","protected":false},"featured_media":30754,"template":"","meta":[],"product_brand":[],"product_cat":[21538],"product_tag":[],"class_list":{"0":"post-149033","1":"product","2":"type-product","3":"status-publish","4":"has-post-thumbnail","6":"product_cat-lehrbuecher","7":"pa_autor-sivardiere","8":"pa_erscheinungsjahr-21920","9":"pa_region-alpin-winter","10":"pa_sprache-fr","12":"first","13":"instock","14":"taxable","15":"shipping-taxable","16":"purchasable","17":"product-type-simple"},"_links":{"self":[{"href":"https:\/\/pizbube.ch\/en\/wp-json\/wp\/v2\/product\/149033","targetHints":{"allow":["GET"]}}],"collection":[{"href":"https:\/\/pizbube.ch\/en\/wp-json\/wp\/v2\/product"}],"about":[{"href":"https:\/\/pizbube.ch\/en\/wp-json\/wp\/v2\/types\/product"}],"wp:featuredmedia":[{"embeddable":true,"href":"https:\/\/pizbube.ch\/en\/wp-json\/wp\/v2\/media\/30754"}],"wp:attachment":[{"href":"https:\/\/pizbube.ch\/en\/wp-json\/wp\/v2\/media?parent=149033"}],"wp:term":[{"taxonomy":"product_brand","embeddable":true,"href":"https:\/\/pizbube.ch\/en\/wp-json\/wp\/v2\/product_brand?post=149033"},{"taxonomy":"product_cat","embeddable":true,"href":"https:\/\/pizbube.ch\/en\/wp-json\/wp\/v2\/product_cat?post=149033"},{"taxonomy":"product_tag","embeddable":true,"href":"https:\/\/pizbube.ch\/en\/wp-json\/wp\/v2\/product_tag?post=149033"}],"curies":[{"name":"wp","href":"https:\/\/api.w.org\/{rel}","templated":true}]}}