{"id":149034,"date":"2021-01-15T10:58:47","date_gmt":"2021-01-15T10:58:47","guid":{"rendered":"https:\/\/codengine3.ch\/?product=import-placeholder-for-203605"},"modified":"2024-12-11T09:57:19","modified_gmt":"2024-12-11T08:57:19","slug":"avalanches-et-gestion-du-risque","status":"publish","type":"product","link":"https:\/\/pizbube.ch\/en\/shop\/avalanches-et-gestion-du-risque\/","title":{"rendered":"Avalanches et gestion du risque"},"content":{"rendered":"<p>Tout ce qu&#8217;il faut savoir sur les avalanches et la gestion du risque y est<br \/>\nr\u00e9sum\u00e9 simplement et clairement. Ce manuel pratique explique les notions sur<br \/>\nles avalanches, d\u00e9crit des outils et des strat\u00e9gies visant la minimisation du<br \/>\nrisque et donne des conseils sur la proc\u00e9dure \u00e0 suivre lors de sauvetages.<br \/>\nL&#8217;\u00e9dition pr\u00e9c\u00e9dente (en allemand) a d\u00e9j\u00e0 \u00e9t\u00e9 utilis\u00e9e avec succ\u00e8s comme<br \/>\nsupport de cours lors de la formation de professeurs de sports de neige et de<br \/>\nguides de montagne.<br \/>\nLe manuel est surtout destin\u00e9 \u00e0 la pr\u00e9paration et \u00e0 l&#8217;\u00e9valuation des courses.<br \/>\nLes notions de base sur les avalanches sont aussi expliqu\u00e9es, notamment<br \/>\nl&#8217;interpr\u00e9tation du bulletin d&#8217;avalanches et l&#8217;application de la m\u00e9thode de<br \/>\nr\u00e9duction. Un chapitre entier est consacr\u00e9 \u00e0 la planification de course : 7<br \/>\n\u00e9tapes qui garantissent d&#8217;avoir un aper\u00e7u complet de la course et une<br \/>\nchecklist qui aide lors de la pr\u00e9paration.<\/p>","protected":false},"excerpt":{"rendered":"<p>Tout ce qu&#8217;il faut savoir sur les avalanches et la gestion du risque y est r\u00e9sum\u00e9 simplement et clairement. Ce manuel pratique explique les notions sur les avalanches, d\u00e9crit des outils et des strat\u00e9gies visant la minimisation du risque et donne des conseils sur la proc\u00e9dure \u00e0 suivre lors de sauvetages. L&#8217;\u00e9dition pr\u00e9c\u00e9dente (en allemand) [&#8230;]\n","protected":false},"featured_media":31252,"template":"","meta":[],"product_brand":[],"product_cat":[21538],"product_tag":[],"class_list":{"0":"post-149034","1":"product","2":"type-product","3":"status-publish","4":"has-post-thumbnail","6":"product_cat-lehrbuecher","7":"pa_autor-wassermann-wicky","8":"pa_erscheinungsjahr-21920","9":"pa_region-alpin-winter","10":"pa_sprache-fr","12":"first","13":"instock","14":"taxable","15":"shipping-taxable","16":"purchasable","17":"product-type-simple"},"_links":{"self":[{"href":"https:\/\/pizbube.ch\/en\/wp-json\/wp\/v2\/product\/149034","targetHints":{"allow":["GET"]}}],"collection":[{"href":"https:\/\/pizbube.ch\/en\/wp-json\/wp\/v2\/product"}],"about":[{"href":"https:\/\/pizbube.ch\/en\/wp-json\/wp\/v2\/types\/product"}],"wp:featuredmedia":[{"embeddable":true,"href":"https:\/\/pizbube.ch\/en\/wp-json\/wp\/v2\/media\/31252"}],"wp:attachment":[{"href":"https:\/\/pizbube.ch\/en\/wp-json\/wp\/v2\/media?parent=149034"}],"wp:term":[{"taxonomy":"product_brand","embeddable":true,"href":"https:\/\/pizbube.ch\/en\/wp-json\/wp\/v2\/product_brand?post=149034"},{"taxonomy":"product_cat","embeddable":true,"href":"https:\/\/pizbube.ch\/en\/wp-json\/wp\/v2\/product_cat?post=149034"},{"taxonomy":"product_tag","embeddable":true,"href":"https:\/\/pizbube.ch\/en\/wp-json\/wp\/v2\/product_tag?post=149034"}],"curies":[{"name":"wp","href":"https:\/\/api.w.org\/{rel}","templated":true}]}}