{"id":149035,"date":"2021-01-15T10:58:47","date_gmt":"2021-01-15T10:58:47","guid":{"rendered":"https:\/\/codengine3.ch\/?product=import-placeholder-for-203955"},"modified":"2024-01-05T11:32:25","modified_gmt":"2024-01-05T10:32:25","slug":"sports-de-montagne-dhiver","status":"publish","type":"product","link":"https:\/\/pizbube.ch\/en\/shop\/sports-de-montagne-dhiver\/","title":{"rendered":"Sports de montagne d`hiver"},"content":{"rendered":"<p class=\"m-introduction__headline fs-h2\">Sports de montagne d&#8217;hiver &#8211; <span class=\"m-introduction__subline fs-h2-subline\">Technique \/ Tactique \/ S\u00e9curit\u00e9<\/span><\/p>\n<p><em>Sports de montagne d\u2019hiver<\/em> est le manuel de formation du CAS le plus actuel et complet qui traite de l\u2019alpinisme hivernal. Les connaissances en mati\u00e8re de pr\u00e9paration d\u2019une course, la description des techniques de mont\u00e9e et de descente ainsi que les instructions relatives \u00e0 la s\u00e9curit\u00e9 s\u2019adressent \u00e0 tous les randonneurs \u00e0 ski, en raquettes ou en snowboard. Tout un chapitre est d\u00e9di\u00e9 \u00e0 la cascade de glace. Le manuel fournit en outre des notions de base sur l\u2019orientation, la m\u00e9t\u00e9o, la condition physique et le comportement respectueux envers la faune, qui compl\u00e8tent avec succ\u00e8s un contenu r\u00e9solument orient\u00e9 vers la pratique.<\/p>\n<p><strong>Contenu:<\/strong><\/p>\n<p>\u2022 Pr\u00e9paration d\u2019une course et prise de d\u00e9cision<br \/>\n\u2022 Science des avalanches<br \/>\n\u2022 Equipement de randonn\u00e9e<br \/>\n\u2022 Techniques de mont\u00e9e et de descente<br \/>\n\u2022 Techniques d\u2019assurage dans la neige et la glace<br \/>\n\u2022 Sauvetage et premiers secours<br \/>\n\u2022 Annexes avec listes de contr\u00f4le ainsi que des liens et applications importants<\/p>\n<p>Ouvrage de r\u00e9f\u00e9rence suisse pour les sports de montagne d\u2019hiver, ce manuel est utilis\u00e9 comme support didactique dans les cours du CAS, les formations de moniteurs J+S, au Secours Alpin Suisse et dans diverses \u00e9coles d\u2019alpinisme.<\/p>\n<p><strong>Les nouveaut\u00e9s de la 5e \u00e9dition de <em>Sports de montagne d\u2019hiver<\/em><\/strong><br \/>\n\u2022 Inclusion des derni\u00e8res d\u00e9couvertes en mati\u00e8re de gestion du risque d\u2019avalanche en fonction de la d\u00e9clivit\u00e9 de la pente et de l\u2019altitude<br \/>\n\u2022 Nivocheck 2.0 : outil pour l\u2019\u00e9valuation du degr\u00e9 de danger en route<br \/>\n\u2022 Orientation avec t\u00e9l\u00e9phone portable et GPS<br \/>\n\u2022 Description d\u00e9taill\u00e9e des \u00e9metteurs satellites de secours<br \/>\n\u2022 Pr\u00e9sentation d\u2019un nouveau n\u0153ud autobloquant plus efficace<br \/>\n\u2022 Variante simplifi\u00e9e du mouflage autrichien pour le sauvetage en crevasses<\/p>\n<p>5. \u00e9dition 2021;<br \/>\n195 illustrations et images<\/p>","protected":false},"excerpt":{"rendered":"<p>Sports de montagne d&#8217;hiver &#8211; Technique \/ Tactique \/ S\u00e9curit\u00e9 Sports de montagne d\u2019hiver est le manuel de formation du CAS le plus actuel et complet qui traite de l\u2019alpinisme hivernal. Les connaissances en mati\u00e8re de pr\u00e9paration d\u2019une course, la description des techniques de mont\u00e9e et de descente ainsi que les instructions relatives \u00e0 la [&#8230;]\n","protected":false},"featured_media":159483,"template":"","meta":[],"product_brand":[],"product_cat":[21538],"product_tag":[],"class_list":{"0":"post-149035","1":"product","2":"type-product","3":"status-publish","4":"has-post-thumbnail","6":"product_cat-lehrbuecher","7":"pa_autor-winkler-brehm-haltmeier","8":"pa_erscheinungsjahr-25440","9":"pa_region-alpin-winter","10":"pa_sprache-fr","12":"first","13":"instock","14":"taxable","15":"shipping-taxable","16":"purchasable","17":"product-type-simple"},"_links":{"self":[{"href":"https:\/\/pizbube.ch\/en\/wp-json\/wp\/v2\/product\/149035","targetHints":{"allow":["GET"]}}],"collection":[{"href":"https:\/\/pizbube.ch\/en\/wp-json\/wp\/v2\/product"}],"about":[{"href":"https:\/\/pizbube.ch\/en\/wp-json\/wp\/v2\/types\/product"}],"wp:featuredmedia":[{"embeddable":true,"href":"https:\/\/pizbube.ch\/en\/wp-json\/wp\/v2\/media\/159483"}],"wp:attachment":[{"href":"https:\/\/pizbube.ch\/en\/wp-json\/wp\/v2\/media?parent=149035"}],"wp:term":[{"taxonomy":"product_brand","embeddable":true,"href":"https:\/\/pizbube.ch\/en\/wp-json\/wp\/v2\/product_brand?post=149035"},{"taxonomy":"product_cat","embeddable":true,"href":"https:\/\/pizbube.ch\/en\/wp-json\/wp\/v2\/product_cat?post=149035"},{"taxonomy":"product_tag","embeddable":true,"href":"https:\/\/pizbube.ch\/en\/wp-json\/wp\/v2\/product_tag?post=149035"}],"curies":[{"name":"wp","href":"https:\/\/api.w.org\/{rel}","templated":true}]}}