{"id":149042,"date":"2021-01-15T10:58:47","date_gmt":"2021-01-15T10:58:47","guid":{"rendered":"https:\/\/codengine3.ch\/?product=import-placeholder-for-208671"},"modified":"2025-06-12T12:49:40","modified_gmt":"2025-06-12T10:49:40","slug":"newcastle-and-hunter-rock-climbing","status":"publish","type":"product","link":"https:\/\/pizbube.ch\/en\/shop\/newcastle-and-hunter-rock-climbing\/","title":{"rendered":"Newcastle and Hunter Rock Climbing"},"content":{"rendered":"<p>Watagans &#8211; Port Stephens &#8211; Newcastle &#8211; Bulahdelah &#8211; Gloucester<\/p>\n<p>This guidebook is your essential tool to finding all the great climbing,<br \/>\nbouldering, Deep Water Solo (DWS) and slacklining areas around the region.<\/p>\n<p>The region offers a wide selection of climbing styles, rock types and some<br \/>\nvery scenic locations.Newcastle is the capital of the Hunter region and is<br \/>\nlocated on the east coast of Australia approximately 1.5hrs drive north from<br \/>\nSydney. A great place to stop off on a east coast climbing trip up the coast<br \/>\nof Australia.<\/p>\n<p>incl. vertical-life App inside<\/p>\n<p>The guidebooks features include:<\/p>\n<p>Includes the areas of The Watagans, Port Stephens, Bulahdelah, Gloucester and<br \/>\nsome local Newcastle CBD areas.<br \/>\nIt has over 950 routes,<br \/>\n170 boulder problems<br \/>\n100 Deep Water Solo (DWS) routes.<br \/>\nFull colour maps and topos of every crag.<br \/>\nEvery crag and sector is GPS located and most of the car parks are also<br \/>\nmarked.<br \/>\nSymbols on all climbs to differentiate styles for easy navigation.<\/p>\n<p>&nbsp;<\/p>\n<p>Dieser Kletterf\u00fchrer ist ein Must-have, um die gro\u00dfartigen Kletterg\u00e4rten,<br \/>\nBouldergebiete, Deep Water Soloing (DWS) und Slackline M\u00f6glichkeiten um<br \/>\nNewcastle in Australien zu entdecken. Die Region bietet eine ganze Bandbreite<br \/>\nan Kletterstilen, Felsarten und Gebieten mit einmaliger Landschaft.<\/p>\n<p>Newcastle ist die Haupstadt der Region Hunter und liegt an der Ostk\u00fcste<br \/>\nAustraliens, etwa 1,5 Stunden von Sydney entfernt. Hier sollte jeder Halt<br \/>\nmachen, der auf einem Klettertrip an der K\u00fcste unterwegs ist.<\/p>\n<p>Im F\u00fchrer enthalten sind die Gebiete The Watagans, Port Stephens, Bulahdelah,<br \/>\nGloucester und einige lokale Newcastle Gebiete.<br \/>\nMehr als 950 Routen<br \/>\n170 Boulder.<br \/>\n100 Deep Water Solo (DWS) Routen.<br \/>\nFarbtopos und -karten aller Gebiete.<br \/>\nGPS Koordinaten zu allen Kletterg\u00e4rten und Sektoren, fast alle Parkpl\u00e4tze sind<br \/>\nmarkiert.<br \/>\nZur leichteren Orientierung kennzeichnen Symbole die Stile.<br \/>\ninkl. vertical-life App<\/p>","protected":false},"excerpt":{"rendered":"<p>Watagans &#8211; Port Stephens &#8211; Newcastle &#8211; Bulahdelah &#8211; Gloucester This guidebook is your essential tool to finding all the great climbing, bouldering, Deep Water Solo (DWS) and slacklining areas around the region. The region offers a wide selection of climbing styles, rock types and some very scenic locations.Newcastle is the capital of the Hunter [&#8230;]\n","protected":false},"featured_media":40921,"template":"","meta":[],"product_brand":[],"product_cat":[21539],"product_tag":[],"class_list":{"0":"post-149042","1":"product","2":"type-product","3":"status-publish","4":"has-post-thumbnail","6":"product_cat-fuehrerliteratur-sportklettern-bouldern","7":"pa_autor-haasnoot","8":"pa_erscheinungsjahr-21568","9":"pa_region-australien","10":"pa_sprache-en","12":"first","13":"onbackorder","14":"taxable","15":"shipping-taxable","16":"purchasable","17":"product-type-simple"},"_links":{"self":[{"href":"https:\/\/pizbube.ch\/en\/wp-json\/wp\/v2\/product\/149042","targetHints":{"allow":["GET"]}}],"collection":[{"href":"https:\/\/pizbube.ch\/en\/wp-json\/wp\/v2\/product"}],"about":[{"href":"https:\/\/pizbube.ch\/en\/wp-json\/wp\/v2\/types\/product"}],"wp:featuredmedia":[{"embeddable":true,"href":"https:\/\/pizbube.ch\/en\/wp-json\/wp\/v2\/media\/40921"}],"wp:attachment":[{"href":"https:\/\/pizbube.ch\/en\/wp-json\/wp\/v2\/media?parent=149042"}],"wp:term":[{"taxonomy":"product_brand","embeddable":true,"href":"https:\/\/pizbube.ch\/en\/wp-json\/wp\/v2\/product_brand?post=149042"},{"taxonomy":"product_cat","embeddable":true,"href":"https:\/\/pizbube.ch\/en\/wp-json\/wp\/v2\/product_cat?post=149042"},{"taxonomy":"product_tag","embeddable":true,"href":"https:\/\/pizbube.ch\/en\/wp-json\/wp\/v2\/product_tag?post=149042"}],"curies":[{"name":"wp","href":"https:\/\/api.w.org\/{rel}","templated":true}]}}