{"id":149046,"date":"2021-01-15T10:58:47","date_gmt":"2021-01-15T10:58:47","guid":{"rendered":"https:\/\/codengine3.ch\/?product=import-placeholder-for-206442"},"modified":"2021-01-15T14:48:59","modified_gmt":"2021-01-15T14:48:59","slug":"bouldering-in-ireland","status":"publish","type":"product","link":"https:\/\/pizbube.ch\/en\/shop\/bouldering-in-ireland\/","title":{"rendered":"Bouldering in Ireland"},"content":{"rendered":"<p>\nThe Bouldering in Ireland guidebook details all the major and minor bouldering<br \/>\nareas across the length and breadth of the island of Ireland including<br \/>\nGlendalough and The Wicklow Mountains, The Reeks, The Burren, Connemara, North<br \/>\nWest Donegal, Inishowen Peninsula, Fair Head, The Mournes and many more.  <\/p>\n<p>\u2022Over 1700 problems in 90 areas<br \/>\n\u2022From Font 3 to 8b<br \/>\n\u2022Granite, gritstone, gabbro, limestone, sandstone, schist, quartzite and<br \/>\ndolerite<br \/>\n\u2022100 maps, 140 photo-topos and detailed directions to get you to the problems<br \/>\n\u2022Over 150 colour photos of the best problems<br \/>\n\u2022256 pages of full color in an A5 landscape format<br \/>\n\u2022Contains areas that have never been documented before including Brimstones,<br \/>\nThur Mountain, Ayton\u2019s Cave, Doagh Strand, Windy Gap, Larry The Goats and<br \/>\nPierce\u2019s Castle  <\/p>\n<p>2nd Edition Nov 2020; 288 pages  <\/p>\n<p>Dieser Kletterf\u00fchrer beschreibt jedes kleinere und gr\u00f6\u00dfere Bouldergebiet in<br \/>\nder gesamten L\u00e4nge und Breite der gr\u00fcnen Insel Irland. Glendalough und The<br \/>\nWicklow Montains sind dabei, sowie auch The Reeks, The Burren, Connemara, Nort<br \/>\nWest Donegal, Inishowen Peninsula, Fair Head, The Mournes und viele mehr.<\/p>\n<p>&#8211; \u00fcber 1700 Probleme verteilt auf \u00fcber 90 Gebiete<br \/>\n&#8211; Schwierigkeiten von Font 3+ bis 8b+- Granit, Gritstone, Gabbro, Kalkstein,<br \/>\nSandstein, Schifer, Quarzit und Diabas<br \/>\n&#8211; 100 Karten, 140 Foto-Topos, und detaillierte Beschreibungen, um die Spots<br \/>\nzu erreichen<br \/>\n&#8211; Mehr als 150 Farbfotos mit den sch\u00f6nsten Problemen  <\/p>\n<p>2. Auflg. 2020; 288 Seiten  <\/p>","protected":false},"excerpt":{"rendered":"<p>The Bouldering in Ireland guidebook details all the major and minor bouldering areas across the length and breadth of the island of Ireland including Glendalough and The Wicklow Mountains, The Reeks, The Burren, Connemara, North West Donegal, Inishowen Peninsula, Fair Head, The Mournes and many more. \u2022Over 1700 problems in 90 areas \u2022From Font 3 [&#8230;]\n","protected":false},"featured_media":33065,"template":"","meta":[],"product_brand":[],"product_cat":[21539],"product_tag":[],"class_list":{"0":"post-149046","1":"product","2":"type-product","3":"status-publish","4":"has-post-thumbnail","6":"product_cat-fuehrerliteratur-sportklettern-bouldern","7":"pa_autor-flanagan","8":"pa_erscheinungsjahr-21558","9":"pa_region-irland","10":"pa_sprache-en","12":"first","13":"instock","14":"taxable","15":"shipping-taxable","16":"purchasable","17":"product-type-simple"},"_links":{"self":[{"href":"https:\/\/pizbube.ch\/en\/wp-json\/wp\/v2\/product\/149046","targetHints":{"allow":["GET"]}}],"collection":[{"href":"https:\/\/pizbube.ch\/en\/wp-json\/wp\/v2\/product"}],"about":[{"href":"https:\/\/pizbube.ch\/en\/wp-json\/wp\/v2\/types\/product"}],"wp:featuredmedia":[{"embeddable":true,"href":"https:\/\/pizbube.ch\/en\/wp-json\/wp\/v2\/media\/33065"}],"wp:attachment":[{"href":"https:\/\/pizbube.ch\/en\/wp-json\/wp\/v2\/media?parent=149046"}],"wp:term":[{"taxonomy":"product_brand","embeddable":true,"href":"https:\/\/pizbube.ch\/en\/wp-json\/wp\/v2\/product_brand?post=149046"},{"taxonomy":"product_cat","embeddable":true,"href":"https:\/\/pizbube.ch\/en\/wp-json\/wp\/v2\/product_cat?post=149046"},{"taxonomy":"product_tag","embeddable":true,"href":"https:\/\/pizbube.ch\/en\/wp-json\/wp\/v2\/product_tag?post=149046"}],"curies":[{"name":"wp","href":"https:\/\/api.w.org\/{rel}","templated":true}]}}