{"id":149053,"date":"2021-01-15T10:58:47","date_gmt":"2021-01-15T10:58:47","guid":{"rendered":"https:\/\/codengine3.ch\/?product=import-placeholder-for-204501"},"modified":"2021-01-15T14:33:49","modified_gmt":"2021-01-15T14:33:49","slug":"gletscherfuehrer-von-meiringen","status":"publish","type":"product","link":"https:\/\/pizbube.ch\/en\/shop\/gletscherfuehrer-von-meiringen\/","title":{"rendered":"Gletscherf\u00fchrer von Meiringen"},"content":{"rendered":"<p>Alle Gletscherf\u00fchrer von Meiringen und Umgebung, 1880. Melchior Anderegg<br \/>\nsitzend mit Tasse<br \/>\nArchiv Bergf\u00fchrerverein Oberhasli und Limmat Verlag Z\u00fcrich<\/p>","protected":false},"excerpt":{"rendered":"<p>Alle Gletscherf\u00fchrer von Meiringen und Umgebung, 1880. Melchior Anderegg sitzend mit Tasse Archiv Bergf\u00fchrerverein Oberhasli und Limmat Verlag Z\u00fcrich<\/p>","protected":false},"featured_media":32484,"template":"","meta":[],"product_brand":[],"product_cat":[21853],"product_tag":[],"class_list":{"0":"post-149053","1":"product","2":"type-product","3":"status-publish","4":"has-post-thumbnail","6":"product_cat-ansichtskarten","7":"pa_autor-limmatverlag","8":"pa_erscheinungsjahr-21550","9":"pa_region-schweiz","10":"pa_sprache-de","12":"first","13":"instock","14":"taxable","15":"shipping-taxable","16":"purchasable","17":"product-type-simple"},"_links":{"self":[{"href":"https:\/\/pizbube.ch\/en\/wp-json\/wp\/v2\/product\/149053","targetHints":{"allow":["GET"]}}],"collection":[{"href":"https:\/\/pizbube.ch\/en\/wp-json\/wp\/v2\/product"}],"about":[{"href":"https:\/\/pizbube.ch\/en\/wp-json\/wp\/v2\/types\/product"}],"wp:featuredmedia":[{"embeddable":true,"href":"https:\/\/pizbube.ch\/en\/wp-json\/wp\/v2\/media\/32484"}],"wp:attachment":[{"href":"https:\/\/pizbube.ch\/en\/wp-json\/wp\/v2\/media?parent=149053"}],"wp:term":[{"taxonomy":"product_brand","embeddable":true,"href":"https:\/\/pizbube.ch\/en\/wp-json\/wp\/v2\/product_brand?post=149053"},{"taxonomy":"product_cat","embeddable":true,"href":"https:\/\/pizbube.ch\/en\/wp-json\/wp\/v2\/product_cat?post=149053"},{"taxonomy":"product_tag","embeddable":true,"href":"https:\/\/pizbube.ch\/en\/wp-json\/wp\/v2\/product_tag?post=149053"}],"curies":[{"name":"wp","href":"https:\/\/api.w.org\/{rel}","templated":true}]}}