{"id":149054,"date":"2021-01-15T10:58:48","date_gmt":"2021-01-15T10:58:48","guid":{"rendered":"https:\/\/codengine3.ch\/?product=import-placeholder-for-207372"},"modified":"2026-01-07T11:24:36","modified_gmt":"2026-01-07T10:24:36","slug":"ich-bleibe-im-valle-maira","status":"publish","type":"product","link":"https:\/\/pizbube.ch\/en\/shop\/ich-bleibe-im-valle-maira\/","title":{"rendered":"Ich bleibe im Valle Maira"},"content":{"rendered":"<p>Lebensperspektiven in einem rauen Land<\/p>\n<p>Warum leben Menschen heute ganz bewusst in diesem abgelegenen und schwer<br \/>\nerreichbaren Gebirgstal, wo sie doch in der Stadt einfacher und leichter leben<br \/>\nk\u00f6nnten?<br \/>\nDie Antworten, die darauf in diesem Band in Wort und Bild gegeben werden,<br \/>\nmachen anschaulich deutlich, wie kurz es greift, unsere moderne Welt<br \/>\nausschlie\u00dflich aus der Sicht der Gro\u00dfst\u00e4dte und Metropolen zu sehen.<\/p>\n<p>Sommer hei\u00dft Arbeit<br \/>\nDas Maira-Tal in den Cottischen Alpen z\u00e4hlt zu den T\u00e4lern der S\u00fcdwestalpen,<br \/>\ndie in den vergangenen 120 Jahren mehr als 80 Prozent ihrer Bev\u00f6lkerung<br \/>\nverloren haben. Doch dieses Tal ist anders: Bereits in den 1970er-Jahren<br \/>\nlie\u00dfen sich hier die ersten R\u00fcckkehrer aus der Stadt nieder, und diese<br \/>\nNeueinwanderung versiegt &#8211; im Gegensatz zu anderen T\u00e4lern &#8211; bis heute nicht.<\/p>\n<p>\u00bbZiegen auf der Weide, Hunde, Kinder, Hunger nach frischem Gr\u00fcn im Fr\u00fchjahr<br \/>\n&#8230; Weiden zwischen den Felsen, neben Thymian und Lavendel. Sommer hei\u00dft<br \/>\nArbeit, immer nur Arbeit! Rotes und gelbes Laub, Kastanien im Herbst, im<br \/>\nWinter ein Feuer im Holzofen des Hauses und das schwarze Pferd drau\u00dfen im<br \/>\nSchnee. Nachts sind die Sterne ganz nah &#8230; Wir bleiben, um den Berg nicht den<br \/>\nW\u00f6lfen zu \u00fcberlassen, weder denen mit zwei noch denen mit vier Pfoten.\u00ab Jors<br \/>\ndel Puy aus San Damiano Macra<\/p>\n<p>Rimango in Valle Maira<br \/>\n\u00c8 stato pubblicato il libro bilingue con 120 fotografie in bianco e nero del<br \/>\nfotografo tedesco J\u00f6rg Waste, con testi di collegamento di Giorgio Alifredi e<br \/>\ntestimonianze dei personaggi ritrattati. L\u2019opera \u00e8 dedicata alla gente di<br \/>\nValle Maira, contribuendo con il loro lavoro appassionato alla conservazione<br \/>\ndi un paese stupendo.<\/p>","protected":false},"excerpt":{"rendered":"<p>Lebensperspektiven in einem rauen Land Warum leben Menschen heute ganz bewusst in diesem abgelegenen und schwer erreichbaren Gebirgstal, wo sie doch in der Stadt einfacher und leichter leben k\u00f6nnten? Die Antworten, die darauf in diesem Band in Wort und Bild gegeben werden, machen anschaulich deutlich, wie kurz es greift, unsere moderne Welt ausschlie\u00dflich aus der [&#8230;]\n","protected":false},"featured_media":182736,"template":"","meta":[],"product_brand":[],"product_cat":[21542],"product_tag":[],"class_list":{"0":"post-149054","1":"product","2":"type-product","3":"status-publish","4":"has-post-thumbnail","6":"product_cat-sachbuecher-dokumentationen","7":"pa_autor-waste-alifredi","8":"pa_erscheinungsjahr-21597","9":"pa_region-italien","10":"pa_sprache-de-it-2","12":"first","13":"instock","14":"taxable","15":"shipping-taxable","16":"purchasable","17":"product-type-simple"},"_links":{"self":[{"href":"https:\/\/pizbube.ch\/en\/wp-json\/wp\/v2\/product\/149054","targetHints":{"allow":["GET"]}}],"collection":[{"href":"https:\/\/pizbube.ch\/en\/wp-json\/wp\/v2\/product"}],"about":[{"href":"https:\/\/pizbube.ch\/en\/wp-json\/wp\/v2\/types\/product"}],"wp:featuredmedia":[{"embeddable":true,"href":"https:\/\/pizbube.ch\/en\/wp-json\/wp\/v2\/media\/182736"}],"wp:attachment":[{"href":"https:\/\/pizbube.ch\/en\/wp-json\/wp\/v2\/media?parent=149054"}],"wp:term":[{"taxonomy":"product_brand","embeddable":true,"href":"https:\/\/pizbube.ch\/en\/wp-json\/wp\/v2\/product_brand?post=149054"},{"taxonomy":"product_cat","embeddable":true,"href":"https:\/\/pizbube.ch\/en\/wp-json\/wp\/v2\/product_cat?post=149054"},{"taxonomy":"product_tag","embeddable":true,"href":"https:\/\/pizbube.ch\/en\/wp-json\/wp\/v2\/product_tag?post=149054"}],"curies":[{"name":"wp","href":"https:\/\/api.w.org\/{rel}","templated":true}]}}