{"id":149067,"date":"2021-01-15T10:58:48","date_gmt":"2021-01-15T10:58:48","guid":{"rendered":"https:\/\/codengine3.ch\/?product=import-placeholder-for-200567"},"modified":"2023-01-11T13:46:13","modified_gmt":"2023-01-11T12:46:13","slug":"wanderrouten-in-ostgroenland","status":"publish","type":"product","link":"https:\/\/pizbube.ch\/en\/shop\/wanderrouten-in-ostgroenland\/","title":{"rendered":"Wanderrouten in Ostgr\u00f6nland"},"content":{"rendered":"<p>Ammassalik \/ Tasiilaq<\/p>\n<p>Wanderrouten in Ostgr\u00f6nland, der mit den beiden Wanderkarten Nr 6<br \/>\nTassilaq\/Kulusuk und Nr. 7 Kuumiit in einem 3er Set in einer Plastiktasche<br \/>\nangeboten wird.<\/p>\n<p>Der Wanderf\u00fchrer umfasst 54 Seiten auf wasserfestem Papier, davon 20 Seiten<br \/>\nallgemeine Informationen zu Gr\u00f6nland \u00fcber Geschichte, Klima, Flora , Fauna,<br \/>\nGeologie, Tourenvorbereitung und Ausr\u00fcstung, Sicherheit im Fj\u00e4ll und<br \/>\nSicherheitsausr\u00fcstung, n\u00fctzliche Infos, Ortsnamen und ihre Bedeutung.<br \/>\n30 Seiten Routenbeschreibungen f\u00fcr l\u00e4ngere und k\u00fcrzere Touren.<\/p>\n<p>2 gefaltete Karten und Booklet in Plastikmappe (Kuumit &amp; Tasiilaq)<br \/>\nGr\u00f6\u00dfe der Karten offen: jeweils 71,5 cm x 41,5 cm, umfangreiche Infos und<br \/>\nWanderhinweise in englisch auf der Kartenr\u00fcckseite<br \/>\nKartenproduktion: 1994-1996<\/p>\n<p>Farbdruck auf wasserfestem Papier, gefaltet auf 21x10cm<br \/>\nH\u00f6henlinienintervalle auf Land und Eis: 25 Meter<br \/>\nZ\u00e4hlkurve auf Land und Eis 100m, UTM- und eographisches Gitter sind<br \/>\neingedruckt<br \/>\nKartendatum: WGS84<br \/>\nzus\u00e4tzlich eingezeichnet: Linien der magnetischen Deklination<\/p>","protected":false},"excerpt":{"rendered":"<p>Ammassalik \/ Tasiilaq Wanderrouten in Ostgr\u00f6nland, der mit den beiden Wanderkarten Nr 6 Tassilaq\/Kulusuk und Nr. 7 Kuumiit in einem 3er Set in einer Plastiktasche angeboten wird. Der Wanderf\u00fchrer umfasst 54 Seiten auf wasserfestem Papier, davon 20 Seiten allgemeine Informationen zu Gr\u00f6nland \u00fcber Geschichte, Klima, Flora , Fauna, Geologie, Tourenvorbereitung und Ausr\u00fcstung, Sicherheit im Fj\u00e4ll [&#8230;]\n","protected":false},"featured_media":27321,"template":"","meta":[],"product_brand":[],"product_cat":[21605],"product_tag":[],"class_list":{"0":"post-149067","1":"product","2":"type-product","3":"status-publish","4":"has-post-thumbnail","6":"product_cat-wanderfuehrer-trekking","7":"pa_autor-ausschuss-fuer-wandertourismus-in-groenland","8":"pa_erscheinungsjahr-22112","9":"pa_region-arktis-antarktis-groenland-island","10":"pa_sprache-de","12":"first","13":"outofstock","14":"taxable","15":"shipping-taxable","16":"purchasable","17":"product-type-simple"},"_links":{"self":[{"href":"https:\/\/pizbube.ch\/en\/wp-json\/wp\/v2\/product\/149067","targetHints":{"allow":["GET"]}}],"collection":[{"href":"https:\/\/pizbube.ch\/en\/wp-json\/wp\/v2\/product"}],"about":[{"href":"https:\/\/pizbube.ch\/en\/wp-json\/wp\/v2\/types\/product"}],"wp:featuredmedia":[{"embeddable":true,"href":"https:\/\/pizbube.ch\/en\/wp-json\/wp\/v2\/media\/27321"}],"wp:attachment":[{"href":"https:\/\/pizbube.ch\/en\/wp-json\/wp\/v2\/media?parent=149067"}],"wp:term":[{"taxonomy":"product_brand","embeddable":true,"href":"https:\/\/pizbube.ch\/en\/wp-json\/wp\/v2\/product_brand?post=149067"},{"taxonomy":"product_cat","embeddable":true,"href":"https:\/\/pizbube.ch\/en\/wp-json\/wp\/v2\/product_cat?post=149067"},{"taxonomy":"product_tag","embeddable":true,"href":"https:\/\/pizbube.ch\/en\/wp-json\/wp\/v2\/product_tag?post=149067"}],"curies":[{"name":"wp","href":"https:\/\/api.w.org\/{rel}","templated":true}]}}