{"id":149069,"date":"2021-01-15T10:58:48","date_gmt":"2021-01-15T10:58:48","guid":{"rendered":"https:\/\/codengine3.ch\/?product=import-placeholder-for-200568"},"modified":"2026-04-15T14:30:36","modified_gmt":"2026-04-15T12:30:36","slug":"korsika-mare-a-mare-sentier-de-la-transhumance","status":"publish","type":"product","link":"https:\/\/pizbube.ch\/en\/shop\/korsika-mare-a-mare-sentier-de-la-transhumance\/","title":{"rendered":"Korsika: Mare a Mare &amp; Sentier de la Transhumance"},"content":{"rendered":"<p>Korsika, zu Recht als &#171;Insel der Sch\u00f6nheit&#187; oder &#171;Gebirge im Meer&#187;<br \/>\nbezeichnet, ist zu einem Gro\u00dfteil Naturpark und mit seiner Landschaftsvielfalt<br \/>\nein wahres Wanderparadies: Beeindruckende Berglandschaften, wilde Schluchten,<br \/>\natemberaubende Felsformationen, pr\u00e4chtige Licht durchflutete Kastanienhaine,<br \/>\nherb duftende Macchia, hochst\u00e4mmige Lariccio-Kiefern und klare Bergfl\u00fcsse, die<br \/>\nzum Baden einladen, finden sich auf engstem Raum. &#171;Vom Meer zum Meer&#187; lautet<br \/>\ndas Motto der drei ausf\u00fchrlich beschriebenen &#171;Mare a Mare&#187;-Wege, die in 5<br \/>\nbis 11 Tagesetappen die Insel von der Ost- zur Westk\u00fcste queren, tief in die<br \/>\nunterschiedlichen Landschaftsregionen eintauchen und immer wieder kleine<br \/>\ncharmante Bergd\u00f6rfer streifen, die Unterkunft und Verpflegung anbieten.<\/p>\n<p>Ein echter Geheimtipp ist der Sentier de la Transhumance, der als thematischer<br \/>\nWanderweg dem traditionellen Almauftrieb folgt und in 6 Etappen auf<br \/>\ngr\u00f6\u00dftenteils alten Hirtenpfaden hinauf in die grandiose korsische Bergwelt<br \/>\nf\u00fchrt. Eine Vielzahl der beschriebenen Wege kann auch als Tagestour oder in<br \/>\ngek\u00fcrzter Form gelaufen werden. Kartenskizzen im Ma\u00dfstab 1:115.000, 1 farbige,<br \/>\nausklappbare \u00dcbersichtskarte.<br \/>\n1. Auflage 2014, 224 Seiten, 35 Karten, 51 farbige Abbildungen, 34 farbige<br \/>\nH\u00f6henprofile<\/p>","protected":false},"excerpt":{"rendered":"<p>Korsika, zu Recht als &#171;Insel der Sch\u00f6nheit&#187; oder &#171;Gebirge im Meer&#187; bezeichnet, ist zu einem Gro\u00dfteil Naturpark und mit seiner Landschaftsvielfalt ein wahres Wanderparadies: Beeindruckende Berglandschaften, wilde Schluchten, atemberaubende Felsformationen, pr\u00e4chtige Licht durchflutete Kastanienhaine, herb duftende Macchia, hochst\u00e4mmige Lariccio-Kiefern und klare Bergfl\u00fcsse, die zum Baden einladen, finden sich auf engstem Raum. &#171;Vom Meer zum Meer&#187; [&#8230;]\n","protected":false},"featured_media":27317,"template":"","meta":[],"product_brand":[],"product_cat":[21605],"product_tag":[],"class_list":{"0":"post-149069","1":"product","2":"type-product","3":"status-publish","4":"has-post-thumbnail","6":"product_cat-wanderfuehrer-trekking","7":"pa_autor-kaemper","8":"pa_erscheinungsjahr-21550","9":"pa_region-frankreich","10":"pa_sprache-de","12":"first","13":"outofstock","14":"taxable","15":"shipping-taxable","16":"purchasable","17":"product-type-simple"},"_links":{"self":[{"href":"https:\/\/pizbube.ch\/en\/wp-json\/wp\/v2\/product\/149069","targetHints":{"allow":["GET"]}}],"collection":[{"href":"https:\/\/pizbube.ch\/en\/wp-json\/wp\/v2\/product"}],"about":[{"href":"https:\/\/pizbube.ch\/en\/wp-json\/wp\/v2\/types\/product"}],"wp:featuredmedia":[{"embeddable":true,"href":"https:\/\/pizbube.ch\/en\/wp-json\/wp\/v2\/media\/27317"}],"wp:attachment":[{"href":"https:\/\/pizbube.ch\/en\/wp-json\/wp\/v2\/media?parent=149069"}],"wp:term":[{"taxonomy":"product_brand","embeddable":true,"href":"https:\/\/pizbube.ch\/en\/wp-json\/wp\/v2\/product_brand?post=149069"},{"taxonomy":"product_cat","embeddable":true,"href":"https:\/\/pizbube.ch\/en\/wp-json\/wp\/v2\/product_cat?post=149069"},{"taxonomy":"product_tag","embeddable":true,"href":"https:\/\/pizbube.ch\/en\/wp-json\/wp\/v2\/product_tag?post=149069"}],"curies":[{"name":"wp","href":"https:\/\/api.w.org\/{rel}","templated":true}]}}