{"id":149070,"date":"2021-01-15T10:58:48","date_gmt":"2021-01-15T10:58:48","guid":{"rendered":"https:\/\/codengine3.ch\/?product=import-placeholder-for-202761"},"modified":"2022-06-29T16:09:56","modified_gmt":"2022-06-29T14:09:56","slug":"trans-korsika-gr-20","status":"publish","type":"product","link":"https:\/\/pizbube.ch\/en\/shop\/trans-korsika-gr-20\/","title":{"rendered":"Trans-Korsika GR 20"},"content":{"rendered":"<p>Die faszinierende Bergwelt Korsikas macht den Weitwanderweg GR 20 zu einer der spannendsten Trekkingrouten Europas. Autor Erik Van de Perre stellt in diesem Buch sowohl den n\u00f6rdlichen Abschnitt des GR 20 von Calenzana nach Vizzavona (9 Etappen) als auch den s\u00fcdlichen Teil von Vizzavona nach Conca (7 Etappen) vor.<\/p>\n<p>Seine detaillierten Beschreibungen liefern wichtige Hinweise zum Wegverlauf und werden durch Informationen zu \u00dcbernachtungs- und Verpflegungsm\u00f6glichkeiten und Karten und H\u00f6henprofile erg\u00e4nzt. GPS-Tracks k\u00f6nnen kostenlos heruntergeladen werden. Au\u00dferdem finden Sie im Buch hilfreiche allgemeine Tipps f\u00fcr die Planung und Vorbereitung der Tour.<\/p>\n<p>Kartonierter Einband, <span class=\"value\">224 Seiten<\/span><\/p>\n<p><span class=\"value\">9., \u00fcberarbeitete Auflage 2022<br \/>\n<\/span><\/p>","protected":false},"excerpt":{"rendered":"<p>Die faszinierende Bergwelt Korsikas macht den Weitwanderweg GR 20 zu einer der spannendsten Trekkingrouten Europas. Autor Erik Van de Perre stellt in diesem Buch sowohl den n\u00f6rdlichen Abschnitt des GR 20 von Calenzana nach Vizzavona (9 Etappen) als auch den s\u00fcdlichen Teil von Vizzavona nach Conca (7 Etappen) vor. Seine detaillierten Beschreibungen liefern wichtige Hinweise [&#8230;]\n","protected":false},"featured_media":156886,"template":"","meta":[],"product_brand":[],"product_cat":[21605],"product_tag":[26837],"class_list":{"0":"post-149070","1":"product","2":"type-product","3":"status-publish","4":"has-post-thumbnail","6":"product_cat-wanderfuehrer-trekking","7":"product_tag-trans-korsika","8":"pa_autor-van-de-pere","9":"pa_erscheinungsjahr-27013","10":"pa_region-frankreich","11":"pa_sprache-de","13":"first","14":"instock","15":"taxable","16":"shipping-taxable","17":"purchasable","18":"product-type-simple"},"_links":{"self":[{"href":"https:\/\/pizbube.ch\/en\/wp-json\/wp\/v2\/product\/149070","targetHints":{"allow":["GET"]}}],"collection":[{"href":"https:\/\/pizbube.ch\/en\/wp-json\/wp\/v2\/product"}],"about":[{"href":"https:\/\/pizbube.ch\/en\/wp-json\/wp\/v2\/types\/product"}],"wp:featuredmedia":[{"embeddable":true,"href":"https:\/\/pizbube.ch\/en\/wp-json\/wp\/v2\/media\/156886"}],"wp:attachment":[{"href":"https:\/\/pizbube.ch\/en\/wp-json\/wp\/v2\/media?parent=149070"}],"wp:term":[{"taxonomy":"product_brand","embeddable":true,"href":"https:\/\/pizbube.ch\/en\/wp-json\/wp\/v2\/product_brand?post=149070"},{"taxonomy":"product_cat","embeddable":true,"href":"https:\/\/pizbube.ch\/en\/wp-json\/wp\/v2\/product_cat?post=149070"},{"taxonomy":"product_tag","embeddable":true,"href":"https:\/\/pizbube.ch\/en\/wp-json\/wp\/v2\/product_tag?post=149070"}],"curies":[{"name":"wp","href":"https:\/\/api.w.org\/{rel}","templated":true}]}}