{"id":149071,"date":"2021-01-15T10:58:48","date_gmt":"2021-01-15T10:58:48","guid":{"rendered":"https:\/\/codengine3.ch\/?product=import-placeholder-for-204463"},"modified":"2025-07-26T11:46:11","modified_gmt":"2025-07-26T09:46:11","slug":"korsika-mare-e-monti-%c2%b7-mare-a-mare","status":"publish","type":"product","link":"https:\/\/pizbube.ch\/en\/shop\/korsika-mare-e-monti-%c2%b7-mare-a-mare\/","title":{"rendered":"Korsika \u2013 Mare e Monti \u00b7 Mare a Mare"},"content":{"rendered":"<p>Korsika hat sich in den letzten Jahrzehnten zu einem idealen Urlaubsziel f\u00fcr<br \/>\nWanderer entwickelt. Die Sch\u00f6ne, wie die Insel schon von den alten Griechen<br \/>\ngenannt wurde, bietet bizarre Felsk\u00fcsten, Meeresbuchten, die zum Baden<br \/>\neinladen, W\u00e4lder mit erfrischenden B\u00e4chen, glitzernde Seen und aussichtsreiche<br \/>\nBerge.<\/p>\n<p>In diesem Rother Wanderf\u00fchrer werden die f\u00fcnf Mare-e-Monti- und Mare-a-Mare-<br \/>\nWege mit ihren Varianten beschrieben. Sie bilden zusammen mit dem alpinen<br \/>\nFernwanderweg Korsikas, dem GR 20, ein weit verzweigtes Netz, das es<br \/>\nerm\u00f6glicht, wochenlang die Insel zu durchstreifen. Aber auch dem, der auf<br \/>\neiner Tagestour D\u00f6rfer, W\u00e4lder und Berge erkunden oder an einem Fluss<br \/>\nBadestellen suchen m\u00f6chte, bietet dieser Wanderf\u00fchrer eine reiche Auswahl<br \/>\nlohnenswerter Touren. Die meisten der hier beschriebenen Wege k\u00f6nnen auch im<br \/>\nFr\u00fchjahr oder Herbst begangen werden, manche sogar im Winter. Sie f\u00fchren, zum<br \/>\nTeil auf alten Hirtenpfaden, durch bezaubernde Landschaften und idyllische<br \/>\nD\u00f6rfer \u2013 und an den Etappenzielen wird oft traditionelle korsische K\u00fcche<br \/>\ngeboten.<\/p>\n<p>Alle 44 Etappen und sechs Varianten werden mit einer pr\u00e4zisen Wegbeschreibung,<br \/>\neiner Karte mit eingezeichnetem Routenverlauf und einem aussagekr\u00e4ftigen<br \/>\nH\u00f6henprofil vorgestellt. Au\u00dferdem stehen GPS-Tracks zum Download bereit. Die<br \/>\nzahlreichen Farbfotos bieten einen ersten Eindruck der ab-wechslungsreichen<br \/>\nLandschaft Korsikas.<\/p>\n<p>2. \u00fcberarbeit. Auflage 2021<br \/>\n176 Seiten mit 82 Farbabbildungen<br \/>\n50 H\u00f6henprofile, 50 Wanderk\u00e4rtchen im Ma\u00dfstab 1:75.000, vier \u00dcbersichtskarten<br \/>\nim Ma\u00dfstab 1:600.000 sowie je eine im Ma\u00dfstab 1:650.000 und 1:1.125.000<\/p>","protected":false},"excerpt":{"rendered":"<p><strong>NEUAUFLAGE LAUT VERLAG GEPLANT, TERMIN UNBESTIMMT&#8230;<\/strong><\/p>","protected":false},"featured_media":167915,"template":"","meta":[],"product_brand":[],"product_cat":[21605],"product_tag":[],"class_list":{"0":"post-149071","1":"product","2":"type-product","3":"status-publish","4":"has-post-thumbnail","6":"product_cat-wanderfuehrer-trekking","7":"pa_autor-hausmann","8":"pa_erscheinungsjahr-25440","9":"pa_region-frankreich","10":"pa_sprache-de","12":"first","13":"outofstock","14":"taxable","15":"shipping-taxable","16":"purchasable","17":"product-type-simple"},"_links":{"self":[{"href":"https:\/\/pizbube.ch\/en\/wp-json\/wp\/v2\/product\/149071","targetHints":{"allow":["GET"]}}],"collection":[{"href":"https:\/\/pizbube.ch\/en\/wp-json\/wp\/v2\/product"}],"about":[{"href":"https:\/\/pizbube.ch\/en\/wp-json\/wp\/v2\/types\/product"}],"wp:featuredmedia":[{"embeddable":true,"href":"https:\/\/pizbube.ch\/en\/wp-json\/wp\/v2\/media\/167915"}],"wp:attachment":[{"href":"https:\/\/pizbube.ch\/en\/wp-json\/wp\/v2\/media?parent=149071"}],"wp:term":[{"taxonomy":"product_brand","embeddable":true,"href":"https:\/\/pizbube.ch\/en\/wp-json\/wp\/v2\/product_brand?post=149071"},{"taxonomy":"product_cat","embeddable":true,"href":"https:\/\/pizbube.ch\/en\/wp-json\/wp\/v2\/product_cat?post=149071"},{"taxonomy":"product_tag","embeddable":true,"href":"https:\/\/pizbube.ch\/en\/wp-json\/wp\/v2\/product_tag?post=149071"}],"curies":[{"name":"wp","href":"https:\/\/api.w.org\/{rel}","templated":true}]}}