{"id":149073,"date":"2021-01-15T10:58:48","date_gmt":"2021-01-15T10:58:48","guid":{"rendered":"https:\/\/codengine3.ch\/?product=import-placeholder-for-205383"},"modified":"2025-10-28T10:48:51","modified_gmt":"2025-10-28T09:48:51","slug":"corse-insolite","status":"publish","type":"product","link":"https:\/\/pizbube.ch\/en\/shop\/corse-insolite\/","title":{"rendered":"Corse insolite"},"content":{"rendered":"<p>Randonn\u00e9es au pays des merveilles<\/p>\n<p>Charles Pujos, qui a d\u00e9j\u00e0 sign\u00e9 de nombreux ouvrages sur l`\u00eele de Beaut\u00e9, part cette fois \u00e0 la d\u00e9couverte d`une Corse insolite, qui se r\u00e9v\u00e8le au travers de ses curiosit\u00e9s g\u00e9ologiques, de ses for\u00eats remarquables, de ses vestiges oubli\u00e9s, de ses sentiers, de ses lieux de l\u00e9gende, de mille autres lieux de patrimoine et d`histoire qui rappellent, fugitivement, d&#8217;autres \u00e9poques ou d`autres civilisations- Cette qu\u00eate des lieux de curiosit\u00e9 de la Corse profonde nous offre des images \u00e9tonnantes.<\/p>\n<p>Elle est aussi l`occasion de d\u00e9crire des balades ou des circuits originaux, en dehors des sentiers les plus couramment battus, tout en d\u00e9veloppant des sujets passionnants \u00e0 propos d`histoire et de l\u00e9gendes, d`art et de religion, de culture et de nature.<\/p>\n<p>144 pages,<br \/>\nFormat: <span class=\"MuiTypography-root sc-bb6e17aa-0 fcctQv MuiTypography-body2\">195mm x 258mm<\/span><\/p>","protected":false},"excerpt":{"rendered":"<p>Randonn\u00e9es au pays des merveilles Charles Pujos, qui a d\u00e9j\u00e0 sign\u00e9 de nombreux ouvrages sur l`\u00eele de Beaut\u00e9, part cette fois \u00e0 la d\u00e9couverte d`une Corse insolite, qui se r\u00e9v\u00e8le au travers de ses curiosit\u00e9s g\u00e9ologiques, de ses for\u00eats remarquables, de ses vestiges oubli\u00e9s, de ses sentiers, de ses lieux de l\u00e9gende, de mille autres [&#8230;]\n","protected":false},"featured_media":181454,"template":"","meta":[],"product_brand":[],"product_cat":[21605],"product_tag":[],"class_list":{"0":"post-149073","1":"product","2":"type-product","3":"status-publish","4":"has-post-thumbnail","6":"product_cat-wanderfuehrer-trekking","7":"pa_autor-pujos","8":"pa_erscheinungsjahr-21591","9":"pa_region-frankreich","10":"pa_sprache-fr","12":"first","13":"instock","14":"taxable","15":"shipping-taxable","16":"purchasable","17":"product-type-simple"},"_links":{"self":[{"href":"https:\/\/pizbube.ch\/en\/wp-json\/wp\/v2\/product\/149073","targetHints":{"allow":["GET"]}}],"collection":[{"href":"https:\/\/pizbube.ch\/en\/wp-json\/wp\/v2\/product"}],"about":[{"href":"https:\/\/pizbube.ch\/en\/wp-json\/wp\/v2\/types\/product"}],"wp:featuredmedia":[{"embeddable":true,"href":"https:\/\/pizbube.ch\/en\/wp-json\/wp\/v2\/media\/181454"}],"wp:attachment":[{"href":"https:\/\/pizbube.ch\/en\/wp-json\/wp\/v2\/media?parent=149073"}],"wp:term":[{"taxonomy":"product_brand","embeddable":true,"href":"https:\/\/pizbube.ch\/en\/wp-json\/wp\/v2\/product_brand?post=149073"},{"taxonomy":"product_cat","embeddable":true,"href":"https:\/\/pizbube.ch\/en\/wp-json\/wp\/v2\/product_cat?post=149073"},{"taxonomy":"product_tag","embeddable":true,"href":"https:\/\/pizbube.ch\/en\/wp-json\/wp\/v2\/product_tag?post=149073"}],"curies":[{"name":"wp","href":"https:\/\/api.w.org\/{rel}","templated":true}]}}