{"id":149074,"date":"2021-01-15T10:58:49","date_gmt":"2021-01-15T10:58:49","guid":{"rendered":"https:\/\/codengine3.ch\/?product=import-placeholder-for-206531"},"modified":"2024-07-12T09:04:11","modified_gmt":"2024-07-12T07:04:11","slug":"corse-du-sud-160000","status":"publish","type":"product","link":"https:\/\/pizbube.ch\/en\/shop\/corse-du-sud-160000\/","title":{"rendered":"Corse du Sud 1:60&#8217;000"},"content":{"rendered":"<p>Libris 09 Corse du Sud 1:60&#8217;000 (S\u00fcdliches Korsika)<br \/>\nPorto \/ Sagone \/ Pays d&#8217;Ajaccio<br \/>\nVall\u00e9e de Taravo \/ Alta Rocca<br \/>\nAiguilles de Bavella \/ Rivages du sud<\/p>\n<p>Libris\/ Didier Richard &#8211; Karten sind sehr zuverl\u00e4ssig, genau und detailgetreu<br \/>\n(IGN- Basis)und enthalten Angaben zu \u00dcbernachtungs- und Einkehrm\u00f6glichkeiten.<br \/>\nDie Wanderrouten sind farblich gekennzeichnet, und durch die Bildsymbole<br \/>\nwissen Sie sofort, wo die Sehensw\u00fcrdigkeiten liegen.<br \/>\nMit Satellitenbild auf R\u00fcckseite.Legende in Franz\u00f6sisch, Englisch, Deutsch und<br \/>\nItalienisch.<\/p>","protected":false},"excerpt":{"rendered":"<p>Libris 09 Corse du Sud 1:60&#8217;000 (S\u00fcdliches Korsika) Porto \/ Sagone \/ Pays d&#8217;Ajaccio Vall\u00e9e de Taravo \/ Alta Rocca Aiguilles de Bavella \/ Rivages du sud Libris\/ Didier Richard &#8211; Karten sind sehr zuverl\u00e4ssig, genau und detailgetreu (IGN- Basis)und enthalten Angaben zu \u00dcbernachtungs- und Einkehrm\u00f6glichkeiten. Die Wanderrouten sind farblich gekennzeichnet, und durch die Bildsymbole [&#8230;]\n","protected":false},"featured_media":173903,"template":"","meta":[],"product_brand":[],"product_cat":[21543],"product_tag":[],"class_list":{"0":"post-149074","1":"product","2":"type-product","3":"status-publish","4":"has-post-thumbnail","6":"product_cat-landkarten","7":"pa_autor-libris","8":"pa_erscheinungsjahr-21550","9":"pa_region-frankreich","10":"pa_sprache-d","11":"pa_sprache-f","12":"pa_sprache-i","14":"first","15":"instock","16":"taxable","17":"shipping-taxable","18":"purchasable","19":"product-type-simple"},"_links":{"self":[{"href":"https:\/\/pizbube.ch\/en\/wp-json\/wp\/v2\/product\/149074","targetHints":{"allow":["GET"]}}],"collection":[{"href":"https:\/\/pizbube.ch\/en\/wp-json\/wp\/v2\/product"}],"about":[{"href":"https:\/\/pizbube.ch\/en\/wp-json\/wp\/v2\/types\/product"}],"wp:featuredmedia":[{"embeddable":true,"href":"https:\/\/pizbube.ch\/en\/wp-json\/wp\/v2\/media\/173903"}],"wp:attachment":[{"href":"https:\/\/pizbube.ch\/en\/wp-json\/wp\/v2\/media?parent=149074"}],"wp:term":[{"taxonomy":"product_brand","embeddable":true,"href":"https:\/\/pizbube.ch\/en\/wp-json\/wp\/v2\/product_brand?post=149074"},{"taxonomy":"product_cat","embeddable":true,"href":"https:\/\/pizbube.ch\/en\/wp-json\/wp\/v2\/product_cat?post=149074"},{"taxonomy":"product_tag","embeddable":true,"href":"https:\/\/pizbube.ch\/en\/wp-json\/wp\/v2\/product_tag?post=149074"}],"curies":[{"name":"wp","href":"https:\/\/api.w.org\/{rel}","templated":true}]}}