{"id":149075,"date":"2021-01-15T10:58:49","date_gmt":"2021-01-15T10:58:49","guid":{"rendered":"https:\/\/codengine3.ch\/?product=import-placeholder-for-202080"},"modified":"2025-07-16T17:57:50","modified_gmt":"2025-07-16T15:57:50","slug":"korsika-die-schoensten-kuesten-und-bergwanderungen","status":"publish","type":"product","link":"https:\/\/pizbube.ch\/en\/shop\/korsika-die-schoensten-kuesten-und-bergwanderungen\/","title":{"rendered":"Korsika &#8211; Die sch\u00f6nsten K\u00fcsten- und Bergwanderungen"},"content":{"rendered":"<p class=\"mt-3\">88 Touren auf der \u00bbInsel der Sch\u00f6nheit\u00ab \u2013 die sch\u00f6nsten K\u00fcsten- und Bergwanderungen<\/p>\n<p><span class=\"value\">Korsika begeistert mit Kontrasten: Schroffe Felsk\u00fcsten, stille Sandbuchten, duftende Kastanienw\u00e4lder und imposante Gipfel \u00fcber 2700 Meter \u2013 kaum eine andere Urlaubsregion Europas vereint auf so kleinem Raum solch eindrucksvolle Natur. Wandern und Baden lassen sich hier ideal kombinieren \u2013 und mit dem Rother Wanderf\u00fchrer Korsika wird jeder Ausflug zum Erlebnis.<\/span><\/p>\n<p>In 88 sorgf\u00e4ltig ausgew\u00e4hlten K\u00fcsten- und Bergtouren f\u00fchrt der Wanderexperte und Korsika-Kenner Klaus Wolfsperger zu den sch\u00f6nsten Ecken der Mittelmeerinsel \u2013 von beliebten Klassikern bis hin zu echten Geheimtipps. Selbst eingefleischte Korsika-Kenner entdecken mit diesem Wanderf\u00fchrer noch unbekannte Pfade und \u00fcberraschende Natursch\u00f6nheiten: einsame Strandwanderungen mit Badepause, wildromantische Kaskadentouren oder aussichtsreiche Gipfelrouten \u2013 f\u00fcr jeden Geschmack ist etwas dabei.<\/p>\n<p>Die Tourenauswahl reicht von genussvollen Spazierg\u00e4ngen bis zu anspruchsvollen Bergabenteuern \u2013 ideal f\u00fcr Einsteiger, Familien und erfahrene Alpinisten gleicherma\u00dfen. Jede Wanderung ist mit einer pr\u00e4zisen Wegbeschreibung, einem Kartenausschnitt mit Routenverlauf und einem H\u00f6henprofil ausgestattet. GPS-Tracks stehen zum Download bereit und helfen bei der Orientierung in der korsischen Bergwelt.<\/p>\n<p>Praktische Tipps zu Einkehrm\u00f6glichkeiten, Badepl\u00e4tzen und lohnenden Wegvarianten machen diesen Wanderf\u00fchrer zum perfekten Urlaubsbegleiter. Seit vielen Jahren bew\u00e4hrt und gesch\u00e4tzt, ist er der umfangreichste Wanderf\u00fchrer Korsikas \u2013 und ein Muss f\u00fcr alle, die die Insel abseits der Stra\u00dfen entdecken m\u00f6chten.<\/p>\n<p>21., aktualisierte Auflage 2025<br \/>\n272 Seiten mit 295 Farbabbildungen<br \/>\n88 Wanderk\u00e4rtchen im Ma\u00dfstab 1:25.000 \/ 1:50.000 \/ 1:75.000, 90 H\u00f6henprofile,<br \/>\nvier \u00dcbersichtskarten im Ma\u00dfstab 1:650.000, GPS-Tracks zum Download<br \/>\nFormat 11,5 x 16,5 cm<\/p>","protected":false},"excerpt":{"rendered":"<p>88 Touren auf der \u00bbInsel der Sch\u00f6nheit\u00ab \u2013 die sch\u00f6nsten K\u00fcsten- und Bergwanderungen Korsika begeistert mit Kontrasten: Schroffe Felsk\u00fcsten, stille Sandbuchten, duftende Kastanienw\u00e4lder und imposante Gipfel \u00fcber 2700 Meter \u2013 kaum eine andere Urlaubsregion Europas vereint auf so kleinem Raum solch eindrucksvolle Natur. Wandern und Baden lassen sich hier ideal kombinieren \u2013 und mit dem [&#8230;]\n","protected":false},"featured_media":180516,"template":"","meta":[],"product_brand":[],"product_cat":[21605],"product_tag":[],"class_list":{"0":"post-149075","1":"product","2":"type-product","3":"status-publish","4":"has-post-thumbnail","6":"product_cat-wanderfuehrer-trekking","7":"pa_autor-wolfsperger","8":"pa_erscheinungsjahr-27415","9":"pa_region-frankreich","10":"pa_sprache-de","12":"first","13":"instock","14":"taxable","15":"shipping-taxable","16":"purchasable","17":"product-type-simple"},"_links":{"self":[{"href":"https:\/\/pizbube.ch\/en\/wp-json\/wp\/v2\/product\/149075","targetHints":{"allow":["GET"]}}],"collection":[{"href":"https:\/\/pizbube.ch\/en\/wp-json\/wp\/v2\/product"}],"about":[{"href":"https:\/\/pizbube.ch\/en\/wp-json\/wp\/v2\/types\/product"}],"wp:featuredmedia":[{"embeddable":true,"href":"https:\/\/pizbube.ch\/en\/wp-json\/wp\/v2\/media\/180516"}],"wp:attachment":[{"href":"https:\/\/pizbube.ch\/en\/wp-json\/wp\/v2\/media?parent=149075"}],"wp:term":[{"taxonomy":"product_brand","embeddable":true,"href":"https:\/\/pizbube.ch\/en\/wp-json\/wp\/v2\/product_brand?post=149075"},{"taxonomy":"product_cat","embeddable":true,"href":"https:\/\/pizbube.ch\/en\/wp-json\/wp\/v2\/product_cat?post=149075"},{"taxonomy":"product_tag","embeddable":true,"href":"https:\/\/pizbube.ch\/en\/wp-json\/wp\/v2\/product_tag?post=149075"}],"curies":[{"name":"wp","href":"https:\/\/api.w.org\/{rel}","templated":true}]}}