{"id":149077,"date":"2021-01-15T10:58:49","date_gmt":"2021-01-15T10:58:49","guid":{"rendered":"https:\/\/codengine3.ch\/?product=import-placeholder-for-208004"},"modified":"2022-10-26T09:56:49","modified_gmt":"2022-10-26T07:56:49","slug":"les-plus-beaux-sommets-de-corse","status":"publish","type":"product","link":"https:\/\/pizbube.ch\/en\/shop\/les-plus-beaux-sommets-de-corse\/","title":{"rendered":"Les plus beaux sommets de Corse"},"content":{"rendered":"<p>50 randonn\u00e9es en montagne<\/p>\n<p>La Corse est avant tout une \u00eele montagne. Une montagne aux hauts sommets<br \/>\nsouvent enneig\u00e9s, encercl\u00e9e dans l\u2019\u00e9crin d\u2019une nature verdoyante et sauvage<br \/>\nqui s\u2019\u00e9tale jusqu\u2019aux bords des longues plages de sables fins, derni\u00e8re<br \/>\nfronti\u00e8re min\u00e9rale avant la Grande Bleue.<\/p>\n<p>Que le sommet c\u00f4toie les plus hautes ou les plus modestes altitudes, il offre<br \/>\ntoujours un point de vue particulier sur une autre montagne, un lac, une<br \/>\nvall\u00e9e, un horizon, ou raconte une histoire du patrimoine de l\u2019\u00eele \u00e0 travers<br \/>\nun ancien sentier muletier, une bergerie ou une source d\u2019eau fra\u00eeche.<\/p>\n<p>Au-del\u00e0 du voyage en images propos\u00e9 dans ce petit beau livre, vous trouverez<br \/>\ntoutes les informations pour gravir ces 50 sommets tous accessibles en<br \/>\nrandonn\u00e9e.<\/p>\n<p>168 pages;<br \/>\nFormat 190 x 200 mm<\/p>","protected":false},"excerpt":{"rendered":"<p>50 randonn\u00e9es en montagne La Corse est avant tout une \u00eele montagne. Une montagne aux hauts sommets souvent enneig\u00e9s, encercl\u00e9e dans l\u2019\u00e9crin d\u2019une nature verdoyante et sauvage qui s\u2019\u00e9tale jusqu\u2019aux bords des longues plages de sables fins, derni\u00e8re fronti\u00e8re min\u00e9rale avant la Grande Bleue. Que le sommet c\u00f4toie les plus hautes ou les plus modestes [&#8230;]\n","protected":false},"featured_media":164182,"template":"","meta":[],"product_brand":[],"product_cat":[21605],"product_tag":[],"class_list":{"0":"post-149077","1":"product","2":"type-product","3":"status-publish","4":"has-post-thumbnail","6":"product_cat-wanderfuehrer-trekking","7":"pa_autor-lacroix-ferreira","8":"pa_erscheinungsjahr-21550","9":"pa_region-frankreich","10":"pa_sprache-fr","12":"first","13":"instock","14":"taxable","15":"shipping-taxable","16":"purchasable","17":"product-type-simple"},"_links":{"self":[{"href":"https:\/\/pizbube.ch\/en\/wp-json\/wp\/v2\/product\/149077","targetHints":{"allow":["GET"]}}],"collection":[{"href":"https:\/\/pizbube.ch\/en\/wp-json\/wp\/v2\/product"}],"about":[{"href":"https:\/\/pizbube.ch\/en\/wp-json\/wp\/v2\/types\/product"}],"wp:featuredmedia":[{"embeddable":true,"href":"https:\/\/pizbube.ch\/en\/wp-json\/wp\/v2\/media\/164182"}],"wp:attachment":[{"href":"https:\/\/pizbube.ch\/en\/wp-json\/wp\/v2\/media?parent=149077"}],"wp:term":[{"taxonomy":"product_brand","embeddable":true,"href":"https:\/\/pizbube.ch\/en\/wp-json\/wp\/v2\/product_brand?post=149077"},{"taxonomy":"product_cat","embeddable":true,"href":"https:\/\/pizbube.ch\/en\/wp-json\/wp\/v2\/product_cat?post=149077"},{"taxonomy":"product_tag","embeddable":true,"href":"https:\/\/pizbube.ch\/en\/wp-json\/wp\/v2\/product_tag?post=149077"}],"curies":[{"name":"wp","href":"https:\/\/api.w.org\/{rel}","templated":true}]}}