{"id":149078,"date":"2021-01-15T10:58:49","date_gmt":"2021-01-15T10:58:49","guid":{"rendered":"https:\/\/codengine3.ch\/?product=import-placeholder-for-208450"},"modified":"2024-01-22T09:09:59","modified_gmt":"2024-01-22T08:09:59","slug":"korsika-mare-e-monti-mare-e-monti-sud","status":"publish","type":"product","link":"https:\/\/pizbube.ch\/en\/shop\/korsika-mare-e-monti-mare-e-monti-sud\/","title":{"rendered":"Korsika: Mare e Monti &amp; Mare e Monti Sud"},"content":{"rendered":"<p>Der Mare e Monti Nord zieht sich in 11 Etappen durch den gebirgigen Nordwesten<br \/>\nKorsikas. Der 128 km lange Weg, der von Calenzana nach Carg\u00e8se f\u00fchrt,<br \/>\nerschlie\u00dft eine abwechslungsreiche Landschaft, gepr\u00e4gt von schroffen Bergen<br \/>\nund tiefen Schluchten, duftenden Macchien und schattigen Kiefern- oder<br \/>\nKastanienw\u00e4ldern. Leichte, aber aussichtsreiche Gratpassagen wechseln mit<br \/>\nidyllischen Buchten, die zum Baden einladen. Uralte Saumpfade verbinden urige<br \/>\nBergd\u00f6rfer und winzige Fischerorte. Zu den Highlights geh\u00f6ren auch die<br \/>\nDurchquerung der Spelunca-Schlucht mit ihren gut erhaltenen Genueserbr\u00fccken<br \/>\nsowie die Begegnung mit dem verwunschenen Geisterort U Tassu.<\/p>\n<p>Der Mare e Monti Sud pendelt wie das Pendant im Norden zwischen den Bergen und<br \/>\ndem Meer hin und her. Der 66,2 km lange Wanderweg im S\u00fcdwesten der Insel f\u00fchrt<br \/>\nin 5 Etappen von Porticcio nach Burgo. Er bietet spektakul\u00e4re Ausblicke auf<br \/>\ndie h\u00f6chsten Gipfel der Insel und auf dem Meer. Besonders im Fr\u00fchjahr<br \/>\nverleihen die unwiderstehlichen D\u00fcfte der Macchia beide Wege einen ganz<br \/>\nbesonderen Reiz. Neben genauen Wegbeschreibungen liefert der Autor wichtige<br \/>\nInformationen zur Vorbereitung und Durchf\u00fchrung der Reise, sowie detaillierte<br \/>\nAngaben zu \u00dcbernachtungsm\u00f6glichkeiten und Sehensw\u00fcrdigkeiten entlang der<br \/>\nWanderwege.<\/p>\n<p>1. Auflage 2015, 192 Seiten, 19 Karten, 54 farbige Abbildungen, 19 farbige<br \/>\nH\u00f6henprofile<\/p>","protected":false},"excerpt":{"rendered":"<p>Der Mare e Monti Nord zieht sich in 11 Etappen durch den gebirgigen Nordwesten Korsikas. Der 128 km lange Weg, der von Calenzana nach Carg\u00e8se f\u00fchrt, erschlie\u00dft eine abwechslungsreiche Landschaft, gepr\u00e4gt von schroffen Bergen und tiefen Schluchten, duftenden Macchien und schattigen Kiefern- oder Kastanienw\u00e4ldern. Leichte, aber aussichtsreiche Gratpassagen wechseln mit idyllischen Buchten, die zum Baden [&#8230;]\n","protected":false},"featured_media":40238,"template":"","meta":[],"product_brand":[],"product_cat":[21605],"product_tag":[],"class_list":{"0":"post-149078","1":"product","2":"type-product","3":"status-publish","4":"has-post-thumbnail","6":"product_cat-wanderfuehrer-trekking","7":"pa_autor-van-de-perre","8":"pa_erscheinungsjahr-21597","9":"pa_region-frankreich","10":"pa_sprache-de","12":"first","13":"outofstock","14":"taxable","15":"shipping-taxable","16":"purchasable","17":"product-type-simple"},"_links":{"self":[{"href":"https:\/\/pizbube.ch\/en\/wp-json\/wp\/v2\/product\/149078","targetHints":{"allow":["GET"]}}],"collection":[{"href":"https:\/\/pizbube.ch\/en\/wp-json\/wp\/v2\/product"}],"about":[{"href":"https:\/\/pizbube.ch\/en\/wp-json\/wp\/v2\/types\/product"}],"wp:featuredmedia":[{"embeddable":true,"href":"https:\/\/pizbube.ch\/en\/wp-json\/wp\/v2\/media\/40238"}],"wp:attachment":[{"href":"https:\/\/pizbube.ch\/en\/wp-json\/wp\/v2\/media?parent=149078"}],"wp:term":[{"taxonomy":"product_brand","embeddable":true,"href":"https:\/\/pizbube.ch\/en\/wp-json\/wp\/v2\/product_brand?post=149078"},{"taxonomy":"product_cat","embeddable":true,"href":"https:\/\/pizbube.ch\/en\/wp-json\/wp\/v2\/product_cat?post=149078"},{"taxonomy":"product_tag","embeddable":true,"href":"https:\/\/pizbube.ch\/en\/wp-json\/wp\/v2\/product_tag?post=149078"}],"curies":[{"name":"wp","href":"https:\/\/api.w.org\/{rel}","templated":true}]}}