{"id":149081,"date":"2021-01-15T10:58:49","date_gmt":"2021-01-15T10:58:49","guid":{"rendered":"https:\/\/codengine3.ch\/?product=import-placeholder-for-200570"},"modified":"2024-06-14T11:20:56","modified_gmt":"2024-06-14T09:20:56","slug":"fiche-granite-1-pilier-rouge-de-blaitiere-secteur-leau-rance-darabie","status":"publish","type":"product","link":"https:\/\/pizbube.ch\/en\/shop\/fiche-granite-1-pilier-rouge-de-blaitiere-secteur-leau-rance-darabie\/","title":{"rendered":"Fiche Granite 1 &#8211; Pilier Rouge de Blaiti\u00e8re: secteur l\u2019eau rance d\u2019arabie"},"content":{"rendered":"<p>16 Topo du secteur &#171;l\u2019eau rance d\u2019arabie&#187;<br \/>\n16 Detailed Topos of the sector &#171;l\u2019eau rance d\u2019arabie&#187;<\/p>\n<p>Michel Piola commence une nouvelle collection de topos : les fiches Granite<\/p>\n<p>Un tout nouveau concept en d\u00e9pliant avec des croquis et des trac\u00e9s sur photo<br \/>\nen format XXL (= le double des topos actuels), avec l&#8217;emplacement pr\u00e9cis des<br \/>\ngoujons-broches-pitons.<\/p>\n<p>Les derni\u00e8res nouvelles voies, tous les r\u00e9\u00e9quipements de ces derni\u00e8res ann\u00e9es,<br \/>\nune enqu\u00eate termin\u00e9e pour savoir qui a ouvert les premi\u00e8res voies (quand et o\u00f9<br \/>\npr\u00e9cis\u00e9ment).<\/p>\n<p>En hommage aux anciennes et fabuleuses &#171;fiches Mythra&#187;, la saga des &#171;FICHES<br \/>\nGRANITE&#187; commence par le secteur phare de fissures \u00e0 deux pas de Chamonix: le<br \/>\nPilier Rouge de Blaiti\u00e8re.<\/p>\n<p>Pour CHF 8.90, vous n&#8217;aurez plus aucune excuse \u00e0 h\u00e9siter entre les voies<br \/>\nhistoriques trad, les itin\u00e9raires r\u00e9\u00e9quip\u00e9s en scellements (presque tous,<br \/>\nparfois&#8230; chichement), les nouveaut\u00e9s 2017 et 2018&#8230;<\/p>\n<p>Granite et fissures de r\u00eave, cotations revisit\u00e9es, voies relook\u00e9es, dessins<br \/>\ngrand format.<\/p>\n<p>A new form of topo:<br \/>\nLeporello of high quality paper (waterproof) with the up-to-date climbing<br \/>\nroutes of Michel Piola!<br \/>\nPhoto topo with all the infos you need for climbing them&#8230;<\/p>","protected":false},"excerpt":{"rendered":"<p>16 Topo du secteur &#171;l\u2019eau rance d\u2019arabie&#187; 16 Detailed Topos of the sector &#171;l\u2019eau rance d\u2019arabie&#187; Michel Piola commence une nouvelle collection de topos : les fiches Granite Un tout nouveau concept en d\u00e9pliant avec des croquis et des trac\u00e9s sur photo en format XXL (= le double des topos actuels), avec l&#8217;emplacement pr\u00e9cis des [&#8230;]\n","protected":false},"featured_media":173420,"template":"","meta":[],"product_brand":[],"product_cat":[21539],"product_tag":[],"class_list":{"0":"post-149081","1":"product","2":"type-product","3":"status-publish","4":"has-post-thumbnail","6":"product_cat-fuehrerliteratur-sportklettern-bouldern","7":"pa_autor-piola","8":"pa_erscheinungsjahr-21546","9":"pa_region-frankreich","10":"pa_sprache-fr-en","12":"first","13":"instock","14":"taxable","15":"shipping-taxable","16":"purchasable","17":"product-type-simple"},"_links":{"self":[{"href":"https:\/\/pizbube.ch\/en\/wp-json\/wp\/v2\/product\/149081","targetHints":{"allow":["GET"]}}],"collection":[{"href":"https:\/\/pizbube.ch\/en\/wp-json\/wp\/v2\/product"}],"about":[{"href":"https:\/\/pizbube.ch\/en\/wp-json\/wp\/v2\/types\/product"}],"wp:featuredmedia":[{"embeddable":true,"href":"https:\/\/pizbube.ch\/en\/wp-json\/wp\/v2\/media\/173420"}],"wp:attachment":[{"href":"https:\/\/pizbube.ch\/en\/wp-json\/wp\/v2\/media?parent=149081"}],"wp:term":[{"taxonomy":"product_brand","embeddable":true,"href":"https:\/\/pizbube.ch\/en\/wp-json\/wp\/v2\/product_brand?post=149081"},{"taxonomy":"product_cat","embeddable":true,"href":"https:\/\/pizbube.ch\/en\/wp-json\/wp\/v2\/product_cat?post=149081"},{"taxonomy":"product_tag","embeddable":true,"href":"https:\/\/pizbube.ch\/en\/wp-json\/wp\/v2\/product_tag?post=149081"}],"curies":[{"name":"wp","href":"https:\/\/api.w.org\/{rel}","templated":true}]}}