{"id":149083,"date":"2021-01-15T10:58:49","date_gmt":"2021-01-15T10:58:49","guid":{"rendered":"https:\/\/codengine3.ch\/?product=import-placeholder-for-207572"},"modified":"2024-06-14T11:24:41","modified_gmt":"2024-06-14T09:24:41","slug":"fiche-granite-4-aiguille-du-midi-facette-sw-secteur-dame-du-lac","status":"publish","type":"product","link":"https:\/\/pizbube.ch\/en\/shop\/fiche-granite-4-aiguille-du-midi-facette-sw-secteur-dame-du-lac\/","title":{"rendered":"Fiche Granite 4 &#8211; Aiguille du Midi facette SW &#8211; secteur DAME DU LAC"},"content":{"rendered":"<p>Aiguille du Midi: les nouvelles fiches arrivent&#8230;<\/p>\n<p>Fiche 4: facette SW &#8211; secteur DAME DU LAC<\/p>\n<p>Vous saurez tout des incroyables lignes de fissures de cette facette raide.<\/p>\n<p>Dame du lac, Mazeaud, Super Dupont, Ma Dalton, Fou de l&#8217;aiguille, Ballade pour<br \/>\nAur\u00e9lia, etc&#8230;<\/p>\n<p>Quasi tous les relais ont \u00e9t\u00e9 revus (scellements) et la position des pitons et<br \/>\npoints fixes sont d\u00e9taill\u00e9s sur les croquis: impossible d\u00e9sormais de se<br \/>\ntromper dans le r\u00e9seau dense et croisements des voies si particuliers au<br \/>\nsecteur.<\/p>\n<p>A new form of topo:<br \/>\nLeporello of high quality paper (waterproof) with the up-to-date climbing<br \/>\nroutes of Michel Piola!<br \/>\nPhoto topo with all the infos you need for climbing them&#8230;<\/p>","protected":false},"excerpt":{"rendered":"<p>Aiguille du Midi: les nouvelles fiches arrivent&#8230; Fiche 4: facette SW &#8211; secteur DAME DU LAC Vous saurez tout des incroyables lignes de fissures de cette facette raide. Dame du lac, Mazeaud, Super Dupont, Ma Dalton, Fou de l&#8217;aiguille, Ballade pour Aur\u00e9lia, etc&#8230; Quasi tous les relais ont \u00e9t\u00e9 revus (scellements) et la position des [&#8230;]\n","protected":false},"featured_media":173422,"template":"","meta":[],"product_brand":[],"product_cat":[21539],"product_tag":[],"class_list":{"0":"post-149083","1":"product","2":"type-product","3":"status-publish","4":"has-post-thumbnail","6":"product_cat-fuehrerliteratur-sportklettern-bouldern","7":"pa_autor-piola","8":"pa_erscheinungsjahr-21586","9":"pa_region-frankreich","10":"pa_sprache-fr-en","12":"first","13":"instock","14":"taxable","15":"shipping-taxable","16":"purchasable","17":"product-type-simple"},"_links":{"self":[{"href":"https:\/\/pizbube.ch\/en\/wp-json\/wp\/v2\/product\/149083","targetHints":{"allow":["GET"]}}],"collection":[{"href":"https:\/\/pizbube.ch\/en\/wp-json\/wp\/v2\/product"}],"about":[{"href":"https:\/\/pizbube.ch\/en\/wp-json\/wp\/v2\/types\/product"}],"wp:featuredmedia":[{"embeddable":true,"href":"https:\/\/pizbube.ch\/en\/wp-json\/wp\/v2\/media\/173422"}],"wp:attachment":[{"href":"https:\/\/pizbube.ch\/en\/wp-json\/wp\/v2\/media?parent=149083"}],"wp:term":[{"taxonomy":"product_brand","embeddable":true,"href":"https:\/\/pizbube.ch\/en\/wp-json\/wp\/v2\/product_brand?post=149083"},{"taxonomy":"product_cat","embeddable":true,"href":"https:\/\/pizbube.ch\/en\/wp-json\/wp\/v2\/product_cat?post=149083"},{"taxonomy":"product_tag","embeddable":true,"href":"https:\/\/pizbube.ch\/en\/wp-json\/wp\/v2\/product_tag?post=149083"}],"curies":[{"name":"wp","href":"https:\/\/api.w.org\/{rel}","templated":true}]}}