{"id":149086,"date":"2021-01-15T10:58:49","date_gmt":"2021-01-15T10:58:49","guid":{"rendered":"https:\/\/codengine3.ch\/?product=import-placeholder-for-206585"},"modified":"2022-08-23T09:19:03","modified_gmt":"2022-08-23T07:19:03","slug":"himalaya-ladakh-spiti-mustang-dvd","status":"publish","type":"product","link":"https:\/\/pizbube.ch\/en\/shop\/himalaya-ladakh-spiti-mustang-dvd\/","title":{"rendered":"HIMALAYA Ladakh \/ Spiti \/ Mustang (DVD)"},"content":{"rendered":"<p>Gebetsfahnen wehen in allen Gegenden des Himalaya, in denen der tibetische<br \/>\nBuddhismus lebendig geblieben ist. Das mystische &#8218;Windpferd&#8216; tr\u00e4gt sie in alle<br \/>\nRichtungen.<br \/>\nDer Dreiteiler schildert eine Reise durch die indischen und nepalesischen<br \/>\nRegionen des Himalaya. Reisebegleiter ist Manuel Bauer, Schweizer und<br \/>\nLeibfotograf des Dalai Lama. Viele Jahre durfte er den tibetischen Gottk\u00f6nig<br \/>\nauf all seinen Reisen begleiten und ist so zum intimen Kenner der tibetischen<br \/>\nKultur und des Himalaya geworden.<\/p>\n<p>LADAKH<br \/>\nEine f\u00fcrchterliche Flutwelle ist \u00fcber die eigentlich w\u00fcstenartige Region<br \/>\nhinweg gefegt. Versp\u00e4tet geht die Reise weiter ins Nubra-Tal \u00fcber den h\u00f6chsten<br \/>\nbefahrbaren Pass der Erde. Dann im Kloster Diskit gleich zwei sehr seltene<br \/>\nZeremonien: Eine zweit\u00e4gige Feuerpuja und die Zerst\u00f6rung eines kunstvoll<br \/>\nerstellten Sandmandalas durch die M\u00f6nche selbst.<\/p>\n<p>SPITI<br \/>\n\u00dcber abenteuerliche Pfade erreicht der Film das fr\u00fchere tibetische K\u00f6nigreich<br \/>\nSpiti mit seinen vielen H\u00f6hepunkten: Kye-Gompa, Pin-Valley, aber auch das<br \/>\nKloster Tabo sind Sehnsuchtsziele in dieser entlegenen Gegend.<br \/>\nIn Dharamsala schaut sich Bauer im Kerngebiet der tibetischen Exilgemeinde um.<br \/>\nDie \u00f6ffentliche Trance der Priester des Orakels von Netchung wirkt wie ein<br \/>\nRelikt aus uralten Zeiten.<\/p>\n<p>MUSTANG<br \/>\nEinweihung eines Klosters im indischen Bundesstaat Himachal Pradesh. Ehrengast<br \/>\nist der 14.Dalai Lama. \u00dcber die nepalesische Hauptstadt Kathmandu geht es in<br \/>\ndas K\u00f6nigreich Mustang und dessen mittelalterliche Hauptstadt Lo Manthang, wo<br \/>\nBauer seinen Freund Lama Nawang trifft.<br \/>\nDas ehemalige &#8218;Sperrgebiet&#8216; Mustang \u00fcbt eine ungeheure Faszination aus, weil<br \/>\nhier die Zeit stehengeblieben zu sein scheint.<\/p>\n<p>Redaktion: Sabine Bubeck-Paaz; Kamera: R\u00fcdiger Kortz; Schnitt: Heike M\u00fcller,<br \/>\nFilmproduktion im Auftrag von ZDF\/Arte.<br \/>\nBildformat: 16 : 9; Tonformat: stereo; L\u00e4ndercode 02; DVD-Typ 5; Sprache:<br \/>\ndeutsch; Laufl\u00e4nge: 129 Min.<\/p>","protected":false},"excerpt":{"rendered":"<p>Gebetsfahnen wehen in allen Gegenden des Himalaya, in denen der tibetische Buddhismus lebendig geblieben ist. Das mystische &#8218;Windpferd&#8216; tr\u00e4gt sie in alle Richtungen. Der Dreiteiler schildert eine Reise durch die indischen und nepalesischen Regionen des Himalaya. Reisebegleiter ist Manuel Bauer, Schweizer und Leibfotograf des Dalai Lama. Viele Jahre durfte er den tibetischen Gottk\u00f6nig auf all [&#8230;]\n","protected":false},"featured_media":35662,"template":"","meta":[],"product_brand":[],"product_cat":[21628],"product_tag":[],"class_list":{"0":"post-149086","1":"product","2":"type-product","3":"status-publish","4":"has-post-thumbnail","6":"product_cat-video-dvd-multimedia","7":"pa_autor-bergmann-bauer","8":"pa_erscheinungsjahr-21610","9":"pa_region-asien","10":"pa_sprache-de","12":"first","13":"instock","14":"taxable","15":"shipping-taxable","16":"purchasable","17":"product-type-simple"},"_links":{"self":[{"href":"https:\/\/pizbube.ch\/en\/wp-json\/wp\/v2\/product\/149086","targetHints":{"allow":["GET"]}}],"collection":[{"href":"https:\/\/pizbube.ch\/en\/wp-json\/wp\/v2\/product"}],"about":[{"href":"https:\/\/pizbube.ch\/en\/wp-json\/wp\/v2\/types\/product"}],"wp:featuredmedia":[{"embeddable":true,"href":"https:\/\/pizbube.ch\/en\/wp-json\/wp\/v2\/media\/35662"}],"wp:attachment":[{"href":"https:\/\/pizbube.ch\/en\/wp-json\/wp\/v2\/media?parent=149086"}],"wp:term":[{"taxonomy":"product_brand","embeddable":true,"href":"https:\/\/pizbube.ch\/en\/wp-json\/wp\/v2\/product_brand?post=149086"},{"taxonomy":"product_cat","embeddable":true,"href":"https:\/\/pizbube.ch\/en\/wp-json\/wp\/v2\/product_cat?post=149086"},{"taxonomy":"product_tag","embeddable":true,"href":"https:\/\/pizbube.ch\/en\/wp-json\/wp\/v2\/product_tag?post=149086"}],"curies":[{"name":"wp","href":"https:\/\/api.w.org\/{rel}","templated":true}]}}