{"id":149089,"date":"2021-01-15T10:58:49","date_gmt":"2021-01-15T10:58:49","guid":{"rendered":"https:\/\/codengine3.ch\/?product=import-placeholder-for-206167"},"modified":"2021-01-15T14:46:55","modified_gmt":"2021-01-15T14:46:55","slug":"ladakh-zanskar-1300000","status":"publish","type":"product","link":"https:\/\/pizbube.ch\/en\/shop\/ladakh-zanskar-1300000\/","title":{"rendered":"Ladakh &#038; Zanskar 1:300&#8217;000"},"content":{"rendered":"<p>Carte Ladakh-Zanskar &#8211; Carte G\u00e9n\u00e9rale 1:300.000<br \/>\nGlobal map Ladakh and Zanskar (illustrated travel map) 1:300&#8217;000<br \/>\nNoubra, Ladakh, Zanskar, Rupshu  <\/p>\n<p>Edition in\u00e9dite d\u2019une nouvelle carte g\u00e9n\u00e9rale du Ladakh &#038; Zanskar \u00e0 l\u2019\u00e9chelle<br \/>\n1:300\u2019000, elle permet une orientation g\u00e9n\u00e9rale pour les utilisateurs qui<br \/>\nn\u2019auraient pas besoin d\u2019une carte d\u00e9taill\u00e9e pour le trekking. Les sites<br \/>\nd\u2019int\u00e9r\u00eat culturel (monast\u00e8res, temples, gompas, forteresses, etc.) sont<br \/>\nclairement indiqu\u00e9s. Les cyclistes et VTTistes, toujours plus nombreux dans<br \/>\nces contr\u00e9es, y trouveront l\u2019ensemble des routes et des sentiers qui leur sont<br \/>\naccessibles. Imprim\u00e9e recto verso sur papier plastifi\u00e9 et ind\u00e9chirable.<br \/>\nCette carte pr\u00e9cise les coordonn\u00e9es GPS.<br \/>\nLe Ladakh, \u00e9pargn\u00e9 par les grands maux qui frappent d\u2019autres r\u00e9gions d\u2019Asie,<br \/>\nreste une destination particuli\u00e8rement pris\u00e9e depuis plusieurs ann\u00e9es. Cette<br \/>\ncarte g\u00e9n\u00e9rale est indispensable \u00e0 tous les voyageurs pour s\u2019orienter sur<br \/>\nplace et pour comprendre la topographie des lieux. Elle est \u00e9galement le<br \/>\ncompl\u00e9ment incontournable au Guide Olizane Aventure Ladakh-Zanskar (10e<br \/>\n\u00e9dition) de Philippe Chabloz et Charles Genoud. Elle vient compl\u00e9ter les 3<br \/>\nfeuilles d\u00e9taill\u00e9es (1: 150\u2019000 nord\/centre\/sud) d\u00e9j\u00e0 existantes qui<br \/>\nrecouvrent le Ladakh-Zanskar.  <\/p>","protected":false},"excerpt":{"rendered":"<p>Carte Ladakh-Zanskar &#8211; Carte G\u00e9n\u00e9rale 1:300.000 Global map Ladakh and Zanskar (illustrated travel map) 1:300&#8217;000 Noubra, Ladakh, Zanskar, Rupshu Edition in\u00e9dite d\u2019une nouvelle carte g\u00e9n\u00e9rale du Ladakh &#038; Zanskar \u00e0 l\u2019\u00e9chelle 1:300\u2019000, elle permet une orientation g\u00e9n\u00e9rale pour les utilisateurs qui n\u2019auraient pas besoin d\u2019une carte d\u00e9taill\u00e9e pour le trekking. Les sites d\u2019int\u00e9r\u00eat culturel (monast\u00e8res, [&#8230;]\n","protected":false},"featured_media":35107,"template":"","meta":[],"product_brand":[],"product_cat":[21543],"product_tag":[],"class_list":{"0":"post-149089","1":"product","2":"type-product","3":"status-publish","4":"has-post-thumbnail","6":"product_cat-landkarten","7":"pa_autor-olizane","8":"pa_erscheinungsjahr-21830","9":"pa_region-asien","10":"pa_sprache-e","11":"pa_sprache-f","13":"first","14":"instock","15":"taxable","16":"shipping-taxable","17":"purchasable","18":"product-type-simple"},"_links":{"self":[{"href":"https:\/\/pizbube.ch\/en\/wp-json\/wp\/v2\/product\/149089","targetHints":{"allow":["GET"]}}],"collection":[{"href":"https:\/\/pizbube.ch\/en\/wp-json\/wp\/v2\/product"}],"about":[{"href":"https:\/\/pizbube.ch\/en\/wp-json\/wp\/v2\/types\/product"}],"wp:featuredmedia":[{"embeddable":true,"href":"https:\/\/pizbube.ch\/en\/wp-json\/wp\/v2\/media\/35107"}],"wp:attachment":[{"href":"https:\/\/pizbube.ch\/en\/wp-json\/wp\/v2\/media?parent=149089"}],"wp:term":[{"taxonomy":"product_brand","embeddable":true,"href":"https:\/\/pizbube.ch\/en\/wp-json\/wp\/v2\/product_brand?post=149089"},{"taxonomy":"product_cat","embeddable":true,"href":"https:\/\/pizbube.ch\/en\/wp-json\/wp\/v2\/product_cat?post=149089"},{"taxonomy":"product_tag","embeddable":true,"href":"https:\/\/pizbube.ch\/en\/wp-json\/wp\/v2\/product_tag?post=149089"}],"curies":[{"name":"wp","href":"https:\/\/api.w.org\/{rel}","templated":true}]}}