{"id":149090,"date":"2021-01-15T10:58:49","date_gmt":"2021-01-15T10:58:49","guid":{"rendered":"https:\/\/codengine3.ch\/?product=import-placeholder-for-203260"},"modified":"2026-04-17T14:59:07","modified_gmt":"2026-04-17T12:59:07","slug":"ladakh-zanskar-centre-1-150-000-indus-zanskar-pangong","status":"publish","type":"product","link":"https:\/\/pizbube.ch\/en\/shop\/ladakh-zanskar-centre-1-150-000-indus-zanskar-pangong\/","title":{"rendered":"Ladakh &#8211; Zanskar Centre 1: 150 000 Indus &#8211; Zanskar &#8211; Pangong"},"content":{"rendered":"<p>Cette nouvelle carte couvre le centre de la r\u00e9gion du Ladakh &#8211; Zanskar autour<br \/>\nde Leh, entre Padum \u00e0 l\u00b4ouest et Pangong \u00e0 l\u00b4est.<\/p>\n<p>The center map covers the central and lower Zangskar areas as the upper Ladakh<br \/>\nand Pangong regions.<\/p>\n<p>Nouvelle version mise \u00e0 jour, impression sur papier Polyart r\u00e9sistant \u00e0 l\u00b4eau<br \/>\net \u00e0 la d\u00e9chirure.<\/p>\n<p>Cette carte couvre le centre de la r\u00e9gion du Ladakh-Zanskar autour de Leh,<br \/>\nentre Padum \u00e0 l\u00b4ouest et Pangong \u00e0 l\u00b4est.<br \/>\nR\u00e9alis\u00e9e sur la base d\u00b4images satellites et d\u00b4informations r\u00e9centes r\u00e9colt\u00e9es<br \/>\nsur le terrain, elle est dot\u00e9e de courbes de niveau, d\u00b4un relief ombr\u00e9, et<br \/>\nindique tous les villages, monast\u00e8res, routes, ponts et autres lieux d\u00b4int\u00e9r\u00eat<br \/>\ntouristique. Les postes de contr\u00f4le qui interdisent l\u00b4acc\u00e8s \u00e0 certaines<br \/>\nvall\u00e9es dans les r\u00e9gions frontali\u00e8res avec la Chine sont \u00e9galement<br \/>\nmentionn\u00e9es.<br \/>\nLa carte contient les coordonn\u00e9es pour une utilisation avec GPS.<\/p>","protected":false},"excerpt":{"rendered":"<p>Cette nouvelle carte couvre le centre de la r\u00e9gion du Ladakh &#8211; Zanskar autour de Leh, entre Padum \u00e0 l\u00b4ouest et Pangong \u00e0 l\u00b4est. The center map covers the central and lower Zangskar areas as the upper Ladakh and Pangong regions. Nouvelle version mise \u00e0 jour, impression sur papier Polyart r\u00e9sistant \u00e0 l\u00b4eau et \u00e0 [&#8230;]\n","protected":false},"featured_media":33021,"template":"","meta":[],"product_brand":[],"product_cat":[21543],"product_tag":[],"class_list":{"0":"post-149090","1":"product","2":"type-product","3":"status-publish","4":"has-post-thumbnail","6":"product_cat-landkarten","7":"pa_autor-olizane","8":"pa_erscheinungsjahr-21568","9":"pa_region-asien","10":"pa_sprache-e","11":"pa_sprache-f","13":"first","14":"instock","15":"taxable","16":"shipping-taxable","17":"purchasable","18":"product-type-simple"},"_links":{"self":[{"href":"https:\/\/pizbube.ch\/en\/wp-json\/wp\/v2\/product\/149090","targetHints":{"allow":["GET"]}}],"collection":[{"href":"https:\/\/pizbube.ch\/en\/wp-json\/wp\/v2\/product"}],"about":[{"href":"https:\/\/pizbube.ch\/en\/wp-json\/wp\/v2\/types\/product"}],"wp:featuredmedia":[{"embeddable":true,"href":"https:\/\/pizbube.ch\/en\/wp-json\/wp\/v2\/media\/33021"}],"wp:attachment":[{"href":"https:\/\/pizbube.ch\/en\/wp-json\/wp\/v2\/media?parent=149090"}],"wp:term":[{"taxonomy":"product_brand","embeddable":true,"href":"https:\/\/pizbube.ch\/en\/wp-json\/wp\/v2\/product_brand?post=149090"},{"taxonomy":"product_cat","embeddable":true,"href":"https:\/\/pizbube.ch\/en\/wp-json\/wp\/v2\/product_cat?post=149090"},{"taxonomy":"product_tag","embeddable":true,"href":"https:\/\/pizbube.ch\/en\/wp-json\/wp\/v2\/product_tag?post=149090"}],"curies":[{"name":"wp","href":"https:\/\/api.w.org\/{rel}","templated":true}]}}