{"id":149092,"date":"2021-01-15T10:58:49","date_gmt":"2021-01-15T10:58:49","guid":{"rendered":"https:\/\/codengine3.ch\/?product=import-placeholder-for-206107"},"modified":"2026-04-14T14:56:19","modified_gmt":"2026-04-14T12:56:19","slug":"garhwal-zanskar-ladakh","status":"publish","type":"product","link":"https:\/\/pizbube.ch\/en\/shop\/garhwal-zanskar-ladakh\/","title":{"rendered":"Garhwal &#8211; Zanskar &amp; Ladakh"},"content":{"rendered":"<p class=\"mt-3\">Trekking im indischen Himalaya<\/p>\n<p><span class=\"value\">Seit Jahrtausenden \u00fcbt der Himalaya eine enorme Anziehungskraft aus: F\u00fcr die Einheimischen sind seine m\u00e4chtigen schneebedeckten Gipfel oft Wohnsitze von G\u00f6ttern, w\u00e4hrend viele Wanderer in ihnen die wei\u00dfe Krone der wohl beeindruckendsten Bergwelt der Erde sehen. Dieser Rother Wanderf\u00fchrer konzentriert sich auf die beliebtesten Trekkinggebiete des indischen Himalaya: Garhwal, Zanskar und Ladakh. Sie vermitteln dem Wanderer einen tiefen Einblick in die unglaubliche Vielfalt des h\u00f6chsten Gebirges der Welt.<\/span><\/p>\n<p>In Garhwal verlaufen die Wege durch dichte Urw\u00e4lder, \u00fcber bl\u00fchende Wiesen oder entlang kristallklarer B\u00e4che, mit atemberaubenden Blicken auf wei\u00dfe Bergketten. Zanskar und Ladakh hingegen gleichen einer Steinw\u00fcste mit vereinzelten gr\u00fcnen Oasen. Die extreme Trockenheit sorgt f\u00fcr ungetr\u00fcbte, kilometerweite Sicht von den teils \u00fcber 5.000 Meter hohen P\u00e4ssen auf die faszinierend schroffe Gebirgswelt.<\/p>\n<p>Der Autor Ralf Hellwich hat die Routen so ausgew\u00e4hlt, dass f\u00fcr jeden Geschmack etwas dabei ist, von einfachen Tagestouren bis zu anspruchsvollen mehrt\u00e4gigen Treks und der Besteigung des \u00fcber 6.000 Meter hohen Stok Kangri. Auch kulturell interessierte Wanderer kommen nicht zu kurz, da viele Wege an bedeutenden hinduistischen Tempeln oder buddhistischen Kl\u00f6stern vorbeif\u00fchren. Neben g\u00e4ngigen Wanderrouten \u2013 oft traditionelle Pilger- oder Handelswege \u2013 enth\u00e4lt das Buch auch einige eher selten benutzte Pfade. Pr\u00e4zise Streckenbeschreibungen, detaillierte Wanderk\u00e4rtchen und aussagekr\u00e4ftige H\u00f6henprofile, Informationen \u00fcber Anreise und Infrastruktur sowie Trekkingtipps erm\u00f6glichen die eigenst\u00e4ndige Planung und Durchf\u00fchrung der Touren und einen erlebnisreichen Aufenthalt im indischen Himalaya.<\/p>\n<p>216 Seiten;<br \/>\n27 H\u00f6henprofile, 41 Wanderk\u00e4rtchen im Ma\u00dfstab 1:25.000\/1:100.000\/1:150.000, drei \u00dcbersichtskarten<\/p>\n<p>2., vollst\u00e4ndig \u00fcberarbeitete Auflage 2023<\/p>","protected":false},"excerpt":{"rendered":"<p>Trekking im indischen Himalaya Seit Jahrtausenden \u00fcbt der Himalaya eine enorme Anziehungskraft aus: F\u00fcr die Einheimischen sind seine m\u00e4chtigen schneebedeckten Gipfel oft Wohnsitze von G\u00f6ttern, w\u00e4hrend viele Wanderer in ihnen die wei\u00dfe Krone der wohl beeindruckendsten Bergwelt der Erde sehen. Dieser Rother Wanderf\u00fchrer konzentriert sich auf die beliebtesten Trekkinggebiete des indischen Himalaya: Garhwal, Zanskar und [&#8230;]\n","protected":false},"featured_media":165597,"template":"","meta":[],"product_brand":[],"product_cat":[21605],"product_tag":[],"class_list":{"0":"post-149092","1":"product","2":"type-product","3":"status-publish","4":"has-post-thumbnail","6":"product_cat-wanderfuehrer-trekking","7":"pa_autor-hellwich","8":"pa_erscheinungsjahr-27129","9":"pa_region-asien","10":"pa_sprache-de","12":"first","13":"outofstock","14":"taxable","15":"shipping-taxable","16":"purchasable","17":"product-type-simple"},"_links":{"self":[{"href":"https:\/\/pizbube.ch\/en\/wp-json\/wp\/v2\/product\/149092","targetHints":{"allow":["GET"]}}],"collection":[{"href":"https:\/\/pizbube.ch\/en\/wp-json\/wp\/v2\/product"}],"about":[{"href":"https:\/\/pizbube.ch\/en\/wp-json\/wp\/v2\/types\/product"}],"wp:featuredmedia":[{"embeddable":true,"href":"https:\/\/pizbube.ch\/en\/wp-json\/wp\/v2\/media\/165597"}],"wp:attachment":[{"href":"https:\/\/pizbube.ch\/en\/wp-json\/wp\/v2\/media?parent=149092"}],"wp:term":[{"taxonomy":"product_brand","embeddable":true,"href":"https:\/\/pizbube.ch\/en\/wp-json\/wp\/v2\/product_brand?post=149092"},{"taxonomy":"product_cat","embeddable":true,"href":"https:\/\/pizbube.ch\/en\/wp-json\/wp\/v2\/product_cat?post=149092"},{"taxonomy":"product_tag","embeddable":true,"href":"https:\/\/pizbube.ch\/en\/wp-json\/wp\/v2\/product_tag?post=149092"}],"curies":[{"name":"wp","href":"https:\/\/api.w.org\/{rel}","templated":true}]}}