{"id":149093,"date":"2021-01-15T10:58:49","date_gmt":"2021-01-15T10:58:49","guid":{"rendered":"https:\/\/codengine3.ch\/?product=import-placeholder-for-204028"},"modified":"2021-01-15T14:29:02","modified_gmt":"2021-01-15T14:29:02","slug":"ladakh-zanskar","status":"publish","type":"product","link":"https:\/\/pizbube.ch\/en\/shop\/ladakh-zanskar\/","title":{"rendered":"Ladakh Zanskar"},"content":{"rendered":"<p>A l\u2019extr\u00eame nord de l\u00b4Inde, enserr\u00e9s entre le Pakistan et le Tibet, entour\u00e9s<br \/>\npar les deux cha\u00eenes de montagnes les plus hautes du monde, l\u00b4Himalaya au sud<br \/>\net le Karakoram au nord, le Ladakh et le Zanskar ont servi pendant des si\u00e8cles<br \/>\nde refuge \u00e0 des cultures isol\u00e9es. Actuellement, ils repr\u00e9sentent toujours l\u00b4un<br \/>\ndes derniers bastions de la culture tib\u00e9taine en terre libre.<\/p>\n<p>La fermeture des fronti\u00e8res, vers la fin des ann\u00e9es 40, avait mis un terme au<br \/>\npassage des grandes caravanes qui sillonnaient la Haute-Asie depuis des<br \/>\nsi\u00e8cles. Trente ans plus tard, l\u00b4ouverture de ces hauts plateaux d\u00e9sertiques<br \/>\nau tourisme acc\u00e9l\u00e9ra le processus d\u00b4int\u00e9gration du Ladakh dans le monde<br \/>\nmoderne.<\/p>\n<p>Depuis quelques ann\u00e9es, gr\u00e2ce \u00e0 l\u00b4accession du Ladakh \u00e0 l\u00b4autonomie au sein de<br \/>\nl\u00b4Etat du Jammu-Cachemire, les peuples habitant ces r\u00e9gions, tant bouddhistes<br \/>\nque musulmans, peuvent enfin regarder l\u00b4avenir avec confiance. Ils ont encore<br \/>\nen commun un fort attachement \u00e0 la terre et restent nomades au plus profond<br \/>\nd\u00b4eux-m\u00eames. Bien que ce mode de vie ne concerne plus qu\u00b4un petit nombre<br \/>\nd\u00b4entre eux, ils ont gard\u00e9 la nostalgie des grands espaces.<br \/>\nCes populations se rattachent \u00e0 des groupes linguistiques distincts qui sont<br \/>\nassoci\u00e9s \u00e0 des appartenances religieuses et corporatistes diff\u00e9rentes : d\u00b4une<br \/>\npart, ceux qui parlent des langues indo-europ\u00e9ennes, d\u00b4autre part, ceux<br \/>\nutilisant des langues tib\u00e9to-birmanes, et plus pr\u00e9cis\u00e9ment des dialectes<br \/>\ntib\u00e9tains.<\/p>\n<p>Cet ouvrage d\u00e9crit toute la richesse culturelle de la r\u00e9gion, impr\u00e9gn\u00e9e par le<br \/>\nbouddhisme, toujours majoritaire. Il contient de nombreux plans des somptueux<br \/>\nmonast\u00e8res dans les diff\u00e9rentes vall\u00e9es et \u00e9voque les f\u00eates rituelles qui s\u00b4y<br \/>\nd\u00e9roulent tout au long de l\u00b4ann\u00e9e. Prot\u00e9g\u00e9 par son relatif isolement<br \/>\ng\u00e9ographique, le Ladakh-Zanskar reste un paradis, tant pour les passionn\u00e9s de<br \/>\nculture que pour les amoureux de grands espaces.<\/p>\n<p>Il pr\u00e9sente \u00e9galement 22 itin\u00e9raires de trekking se d\u00e9roulant dans l\u00b4ensemble<br \/>\ndu Ladakh et du Zanskar, ainsi que la description de quelques itin\u00e9raires<br \/>\nd\u00b4alpinisme proprement dit, faisant l\u00b4objet d\u00b4un chapitre distinct. La<br \/>\ng\u00e9ologie et la faune de la r\u00e9gion, pr\u00e9sent\u00e9es de fa\u00e7on pr\u00e9cise, donnent tout<br \/>\nleur relief aux itin\u00e9raires sugg\u00e9r\u00e9s. Un chapitre important est consacr\u00e9 aux<br \/>\noiseaux, avec descriptions, illustrations et lieux o\u00f9 on peut les observer.<\/p>\n<p>La 11e \u00e9dition de ce guide, enti\u00e8rement remise \u00e0 jour, augment\u00e9e de 3 nouveaux<br \/>\ntrekking, et compl\u00e9t\u00e9e par les indispensables renseignements pratiques<br \/>\nn\u00e9cessaires au voyageur, est incontestablement l\u00b4ouvrage de r\u00e9f\u00e9rence en<br \/>\nlangue fran\u00e7aise sur cette partie de l\u00b4Himalaya.<\/p>","protected":false},"excerpt":{"rendered":"<p>A l\u2019extr\u00eame nord de l\u00b4Inde, enserr\u00e9s entre le Pakistan et le Tibet, entour\u00e9s par les deux cha\u00eenes de montagnes les plus hautes du monde, l\u00b4Himalaya au sud et le Karakoram au nord, le Ladakh et le Zanskar ont servi pendant des si\u00e8cles de refuge \u00e0 des cultures isol\u00e9es. Actuellement, ils repr\u00e9sentent toujours l\u00b4un des derniers [&#8230;]\n","protected":false},"featured_media":38656,"template":"","meta":[],"product_brand":[],"product_cat":[21605],"product_tag":[],"class_list":{"0":"post-149093","1":"product","2":"type-product","3":"status-publish","4":"has-post-thumbnail","6":"product_cat-wanderfuehrer-trekking","7":"pa_autor-genoud-chabloz","8":"pa_erscheinungsjahr-21610","9":"pa_region-asien","10":"pa_sprache-fr","12":"first","13":"instock","14":"taxable","15":"shipping-taxable","16":"purchasable","17":"product-type-simple"},"_links":{"self":[{"href":"https:\/\/pizbube.ch\/en\/wp-json\/wp\/v2\/product\/149093","targetHints":{"allow":["GET"]}}],"collection":[{"href":"https:\/\/pizbube.ch\/en\/wp-json\/wp\/v2\/product"}],"about":[{"href":"https:\/\/pizbube.ch\/en\/wp-json\/wp\/v2\/types\/product"}],"wp:featuredmedia":[{"embeddable":true,"href":"https:\/\/pizbube.ch\/en\/wp-json\/wp\/v2\/media\/38656"}],"wp:attachment":[{"href":"https:\/\/pizbube.ch\/en\/wp-json\/wp\/v2\/media?parent=149093"}],"wp:term":[{"taxonomy":"product_brand","embeddable":true,"href":"https:\/\/pizbube.ch\/en\/wp-json\/wp\/v2\/product_brand?post=149093"},{"taxonomy":"product_cat","embeddable":true,"href":"https:\/\/pizbube.ch\/en\/wp-json\/wp\/v2\/product_cat?post=149093"},{"taxonomy":"product_tag","embeddable":true,"href":"https:\/\/pizbube.ch\/en\/wp-json\/wp\/v2\/product_tag?post=149093"}],"curies":[{"name":"wp","href":"https:\/\/api.w.org\/{rel}","templated":true}]}}