{"id":149098,"date":"2021-01-15T10:58:50","date_gmt":"2021-01-15T10:58:50","guid":{"rendered":"https:\/\/codengine3.ch\/?product=import-placeholder-for-204911"},"modified":"2021-01-15T14:37:15","modified_gmt":"2021-01-15T14:37:15","slug":"swiss-singletrail-map-36-ticino-sopra-ceneri-1-50-000","status":"publish","type":"product","link":"https:\/\/pizbube.ch\/en\/shop\/swiss-singletrail-map-36-ticino-sopra-ceneri-1-50-000\/","title":{"rendered":"Swiss Singletrail Map 36 Ticino Sopra Ceneri 1: 50 000"},"content":{"rendered":"<p>Region: Bellinzona, Ceneri, Locarno, Centovalli, Maggiatal, Verzascatal<br \/>\nR\u00fcckseite: 10 Tourenvorschl\u00e4ge und viele n\u00fctzliche Informationen<br \/>\nKarte: Original Landeskarte 1:50`000 (Swisstopo) mit Mountainbikerouten in<br \/>\ndrei Schwierigkeitsgraden (einfach, mittel, extrem)<\/p>","protected":false},"excerpt":{"rendered":"<p>Region: Bellinzona, Ceneri, Locarno, Centovalli, Maggiatal, Verzascatal R\u00fcckseite: 10 Tourenvorschl\u00e4ge und viele n\u00fctzliche Informationen Karte: Original Landeskarte 1:50`000 (Swisstopo) mit Mountainbikerouten in drei Schwierigkeitsgraden (einfach, mittel, extrem)<\/p>","protected":false},"featured_media":33456,"template":"","meta":[],"product_brand":[],"product_cat":[21543],"product_tag":[],"class_list":{"0":"post-149098","1":"product","2":"type-product","3":"status-publish","4":"has-post-thumbnail","6":"product_cat-landkarten","7":"pa_autor-ssp","8":"pa_erscheinungsjahr-21568","9":"pa_region-schweiz","10":"pa_sprache-de","12":"first","13":"outofstock","14":"taxable","15":"shipping-taxable","16":"purchasable","17":"product-type-simple"},"_links":{"self":[{"href":"https:\/\/pizbube.ch\/en\/wp-json\/wp\/v2\/product\/149098","targetHints":{"allow":["GET"]}}],"collection":[{"href":"https:\/\/pizbube.ch\/en\/wp-json\/wp\/v2\/product"}],"about":[{"href":"https:\/\/pizbube.ch\/en\/wp-json\/wp\/v2\/types\/product"}],"wp:featuredmedia":[{"embeddable":true,"href":"https:\/\/pizbube.ch\/en\/wp-json\/wp\/v2\/media\/33456"}],"wp:attachment":[{"href":"https:\/\/pizbube.ch\/en\/wp-json\/wp\/v2\/media?parent=149098"}],"wp:term":[{"taxonomy":"product_brand","embeddable":true,"href":"https:\/\/pizbube.ch\/en\/wp-json\/wp\/v2\/product_brand?post=149098"},{"taxonomy":"product_cat","embeddable":true,"href":"https:\/\/pizbube.ch\/en\/wp-json\/wp\/v2\/product_cat?post=149098"},{"taxonomy":"product_tag","embeddable":true,"href":"https:\/\/pizbube.ch\/en\/wp-json\/wp\/v2\/product_tag?post=149098"}],"curies":[{"name":"wp","href":"https:\/\/api.w.org\/{rel}","templated":true}]}}