{"id":149100,"date":"2021-01-15T10:58:50","date_gmt":"2021-01-15T10:58:50","guid":{"rendered":"https:\/\/codengine3.ch\/?product=import-placeholder-for-208515"},"modified":"2024-03-04T13:23:41","modified_gmt":"2024-03-04T12:23:41","slug":"locarno-swiss-singletrail-map-36-1-50-000","status":"publish","type":"product","link":"https:\/\/pizbube.ch\/en\/shop\/locarno-swiss-singletrail-map-36-1-50-000\/","title":{"rendered":"Locarno &#8211; Swiss Singletrail Map 36 1: 50 000"},"content":{"rendered":"<p>Singletrail Map 036 Locarno<\/p>\n<p>Das detailliert aufbereitete Routennetz f\u00fcr Mountainbiker ist eingeteilt in<br \/>\nvier Schwierigkeitsgrade (einfach; mittel; schwierig; extrem), zudem ist die<br \/>\nWegbeschaffenheit erkennbar (Singletrail, Kiesweg, Asphaltstrasse). Damit sind<br \/>\ndie Karten f\u00fcr Anf\u00e4nger wie auch f\u00fcr versierte Freerider geeignet. Alle<br \/>\nSingletrail Maps sind auf ein reiss- und wasserfestes Spezialpapier gedruckt<br \/>\nund basieren auf dem Kartenmassstab 1:50&#8217;000. Auf der R\u00fcckseite sind die<br \/>\njeweils zehn attraktivsten Routen der Region ausf\u00fchrlich beschrieben.<\/p>\n<p>Abdeckung: Locarno, Ascona, Malesco, Centovalli, Maggia-Tal, Verzasca-Tal,<br \/>\nTenero, Brissago<\/p>\n<p>Inhalt: Routennetz f\u00fcr Mountainbiker, Bikeshops, Bahnh\u00f6fe, Spit\u00e4ler,<br \/>\nHighlights<br \/>\nRoutenbeschriebe: Corona di Pinz, Cardada, Monti di Motti, La Cima, Valle<br \/>\nVerzasca, Alpe di Neggia, Maggia, La Colma, Rasa, Arcegno-Trails<\/p>\n<p>Masstab: 1:50&#8217;000<br \/>\nAktuelle Auflage: 2018<br \/>\nSprache: deutsch\/englisch<\/p>","protected":false},"excerpt":{"rendered":"<p>Singletrail Map 036 Locarno Das detailliert aufbereitete Routennetz f\u00fcr Mountainbiker ist eingeteilt in vier Schwierigkeitsgrade (einfach; mittel; schwierig; extrem), zudem ist die Wegbeschaffenheit erkennbar (Singletrail, Kiesweg, Asphaltstrasse). Damit sind die Karten f\u00fcr Anf\u00e4nger wie auch f\u00fcr versierte Freerider geeignet. Alle Singletrail Maps sind auf ein reiss- und wasserfestes Spezialpapier gedruckt und basieren auf dem Kartenmassstab [&#8230;]\n","protected":false},"featured_media":40424,"template":"","meta":[],"product_brand":[],"product_cat":[21543],"product_tag":[],"class_list":{"0":"post-149100","1":"product","2":"type-product","3":"status-publish","4":"has-post-thumbnail","6":"product_cat-landkarten","7":"pa_autor-ssp","8":"pa_erscheinungsjahr-21546","9":"pa_region-schweiz","10":"pa_sprache-de","12":"first","13":"outofstock","14":"taxable","15":"shipping-taxable","16":"purchasable","17":"product-type-simple"},"_links":{"self":[{"href":"https:\/\/pizbube.ch\/en\/wp-json\/wp\/v2\/product\/149100","targetHints":{"allow":["GET"]}}],"collection":[{"href":"https:\/\/pizbube.ch\/en\/wp-json\/wp\/v2\/product"}],"about":[{"href":"https:\/\/pizbube.ch\/en\/wp-json\/wp\/v2\/types\/product"}],"wp:featuredmedia":[{"embeddable":true,"href":"https:\/\/pizbube.ch\/en\/wp-json\/wp\/v2\/media\/40424"}],"wp:attachment":[{"href":"https:\/\/pizbube.ch\/en\/wp-json\/wp\/v2\/media?parent=149100"}],"wp:term":[{"taxonomy":"product_brand","embeddable":true,"href":"https:\/\/pizbube.ch\/en\/wp-json\/wp\/v2\/product_brand?post=149100"},{"taxonomy":"product_cat","embeddable":true,"href":"https:\/\/pizbube.ch\/en\/wp-json\/wp\/v2\/product_cat?post=149100"},{"taxonomy":"product_tag","embeddable":true,"href":"https:\/\/pizbube.ch\/en\/wp-json\/wp\/v2\/product_tag?post=149100"}],"curies":[{"name":"wp","href":"https:\/\/api.w.org\/{rel}","templated":true}]}}