{"id":149102,"date":"2021-01-15T10:58:55","date_gmt":"2021-01-15T10:58:55","guid":{"rendered":"https:\/\/codengine3.ch\/?product=import-placeholder-for-205351"},"modified":"2022-07-23T14:47:15","modified_gmt":"2022-07-23T12:47:15","slug":"drus-montenvers-et-mer-de-glace","status":"publish","type":"product","link":"https:\/\/pizbube.ch\/en\/shop\/drus-montenvers-et-mer-de-glace\/","title":{"rendered":"Drus, Montenvers et mer de glace"},"content":{"rendered":"<p>Depuis le promontoire du Montenvers, la mer de glace \u00e9merveille chaque ann\u00e9e<br \/>\nun million de visiteurs, transport\u00e9s depuis Chamonix par le petit train \u00e0<br \/>\ncr\u00e9maill\u00e8re.<br \/>\nMais au Montenvers une montagne domine le paysage: l&#8217;aiguille du Dru, la plus<br \/>\nhaute et le plus difficile fl\u00e8che de granite que poss\u00e8de le massif du Mont-<br \/>\nBlanc.<\/p>\n<p>Les exploits qu&#8217;y ont accomplis Bonatti, Hemming, Desmaison, Profit,<br \/>\nDestivelle et tant d&#8217;autres r\u00e9sument \u00e0 merveille l&#8217;histoire de l&#8217;alpinisme.<\/p>","protected":false},"excerpt":{"rendered":"<p>Depuis le promontoire du Montenvers, la mer de glace \u00e9merveille chaque ann\u00e9e un million de visiteurs, transport\u00e9s depuis Chamonix par le petit train \u00e0 cr\u00e9maill\u00e8re. Mais au Montenvers une montagne domine le paysage: l&#8217;aiguille du Dru, la plus haute et le plus difficile fl\u00e8che de granite que poss\u00e8de le massif du Mont- Blanc. Les exploits [&#8230;]\n","protected":false},"featured_media":34028,"template":"","meta":[],"product_brand":[],"product_cat":[21542],"product_tag":[],"class_list":{"0":"post-149102","1":"product","2":"type-product","3":"status-publish","4":"has-post-thumbnail","6":"product_cat-sachbuecher-dokumentationen","7":"pa_autor-ballu","8":"pa_erscheinungsjahr-22144","9":"pa_region-frankreich","10":"pa_sprache-fr","12":"first","13":"outofstock","14":"taxable","15":"shipping-taxable","16":"purchasable","17":"product-type-simple"},"_links":{"self":[{"href":"https:\/\/pizbube.ch\/en\/wp-json\/wp\/v2\/product\/149102","targetHints":{"allow":["GET"]}}],"collection":[{"href":"https:\/\/pizbube.ch\/en\/wp-json\/wp\/v2\/product"}],"about":[{"href":"https:\/\/pizbube.ch\/en\/wp-json\/wp\/v2\/types\/product"}],"wp:featuredmedia":[{"embeddable":true,"href":"https:\/\/pizbube.ch\/en\/wp-json\/wp\/v2\/media\/34028"}],"wp:attachment":[{"href":"https:\/\/pizbube.ch\/en\/wp-json\/wp\/v2\/media?parent=149102"}],"wp:term":[{"taxonomy":"product_brand","embeddable":true,"href":"https:\/\/pizbube.ch\/en\/wp-json\/wp\/v2\/product_brand?post=149102"},{"taxonomy":"product_cat","embeddable":true,"href":"https:\/\/pizbube.ch\/en\/wp-json\/wp\/v2\/product_cat?post=149102"},{"taxonomy":"product_tag","embeddable":true,"href":"https:\/\/pizbube.ch\/en\/wp-json\/wp\/v2\/product_tag?post=149102"}],"curies":[{"name":"wp","href":"https:\/\/api.w.org\/{rel}","templated":true}]}}