{"id":149106,"date":"2021-01-15T10:58:55","date_gmt":"2021-01-15T10:58:55","guid":{"rendered":"https:\/\/codengine3.ch\/?product=import-placeholder-for-200575"},"modified":"2025-10-18T10:20:47","modified_gmt":"2025-10-18T08:20:47","slug":"die-schoensten-panoramatouren-in-der-schweiz","status":"publish","type":"product","link":"https:\/\/pizbube.ch\/en\/shop\/die-schoensten-panoramatouren-in-der-schweiz\/","title":{"rendered":"Die sch\u00f6nsten Panoramatouren in der Schweiz"},"content":{"rendered":"<p>Viel Panorama auf wenig begangenen Wegen.<br \/>\nKurze bis mittellange Wanderungen f\u00fcr jedermann.<br \/>\nDie sch\u00f6nsten Wanderungen in der Schweiz mit Fernsicht.<\/p>\n<p>Die sch\u00f6nsten Wanderungen zu den grossen Aussichtsklassikern der Schweiz:<br \/>\nBerge, die man einfach gesehen haben muss, T\u00e4ler, die ganz neue Blicke<br \/>\nerschliessen, Seen, die aus der Vogelperspektive wie Perlen in der Landschaft<br \/>\nliegen. Die vorgeschlagenen Routen sind so gew\u00e4hlt, dass sie wo immer m\u00f6glich<br \/>\nabseits der viel begangenen Wege verlaufen, aber mindestens ebenso viel<br \/>\nPanorama bieten.<\/p>\n<p>S\u00e4mtliche Wanderungen sind mit durchschnittlicher Kondition gut zu bew\u00e4ltigen.<br \/>\nDort, wo sie etwas fordernder werden, gibt es Abk\u00fcrzungsm\u00f6glichkeiten. Wer<br \/>\nalle in diesem Buch beschriebenen Wanderungen gemacht hat, kann von sich<br \/>\nsagen: Ich habe die Schweizer Alpen gesehen &#8211; in ihrer ganzen Sch\u00f6nheit und<br \/>\nVielfalt!<br \/>\nGebunden; 176 Seiten; 21 cm x 28 cm<\/p>","protected":false},"excerpt":{"rendered":"<p>Viel Panorama auf wenig begangenen Wegen. Kurze bis mittellange Wanderungen f\u00fcr jedermann. Die sch\u00f6nsten Wanderungen in der Schweiz mit Fernsicht. Die sch\u00f6nsten Wanderungen zu den grossen Aussichtsklassikern der Schweiz: Berge, die man einfach gesehen haben muss, T\u00e4ler, die ganz neue Blicke erschliessen, Seen, die aus der Vogelperspektive wie Perlen in der Landschaft liegen. Die vorgeschlagenen [&#8230;]\n","protected":false},"featured_media":27336,"template":"","meta":[],"product_brand":[],"product_cat":[21605],"product_tag":[],"class_list":{"0":"post-149106","1":"product","2":"type-product","3":"status-publish","4":"has-post-thumbnail","6":"product_cat-wanderfuehrer-trekking","7":"pa_autor-coulin","8":"pa_erscheinungsjahr-21574","9":"pa_region-schweiz","10":"pa_sprache-de","12":"first","13":"instock","14":"taxable","15":"shipping-taxable","16":"purchasable","17":"product-type-simple"},"_links":{"self":[{"href":"https:\/\/pizbube.ch\/en\/wp-json\/wp\/v2\/product\/149106","targetHints":{"allow":["GET"]}}],"collection":[{"href":"https:\/\/pizbube.ch\/en\/wp-json\/wp\/v2\/product"}],"about":[{"href":"https:\/\/pizbube.ch\/en\/wp-json\/wp\/v2\/types\/product"}],"wp:featuredmedia":[{"embeddable":true,"href":"https:\/\/pizbube.ch\/en\/wp-json\/wp\/v2\/media\/27336"}],"wp:attachment":[{"href":"https:\/\/pizbube.ch\/en\/wp-json\/wp\/v2\/media?parent=149106"}],"wp:term":[{"taxonomy":"product_brand","embeddable":true,"href":"https:\/\/pizbube.ch\/en\/wp-json\/wp\/v2\/product_brand?post=149106"},{"taxonomy":"product_cat","embeddable":true,"href":"https:\/\/pizbube.ch\/en\/wp-json\/wp\/v2\/product_cat?post=149106"},{"taxonomy":"product_tag","embeddable":true,"href":"https:\/\/pizbube.ch\/en\/wp-json\/wp\/v2\/product_tag?post=149106"}],"curies":[{"name":"wp","href":"https:\/\/api.w.org\/{rel}","templated":true}]}}