{"id":149108,"date":"2021-01-15T10:58:55","date_gmt":"2021-01-15T10:58:55","guid":{"rendered":"https:\/\/codengine3.ch\/?product=import-placeholder-for-207493"},"modified":"2021-01-15T16:03:55","modified_gmt":"2021-01-15T16:03:55","slug":"hoehenwege-im-wallis-huettenwege-panoramawanderungen-und-leichte-4000er","status":"publish","type":"product","link":"https:\/\/pizbube.ch\/en\/shop\/hoehenwege-im-wallis-huettenwege-panoramawanderungen-und-leichte-4000er\/","title":{"rendered":"H\u00f6henwege im Wallis &#8211; H\u00fcttenwege, Panoramawanderungen und leichte 4000er"},"content":{"rendered":"<p>Das Wallis &#8211; ein Traum f\u00fcr alle Bergfreunde, die zwischen herrlichen<br \/>\nPanoramawanderungen, H\u00fcttenwegen und leichten 4000er-Touren w\u00e4hlen und dabei<br \/>\nden Blick auf die Gipfel der Walliser und der Berner Alpen genie\u00dfen wollen.<\/p>\n<p>Auf Panoramapfaden oberhalb von Zermatt und Saas Fee sowie auf den<br \/>\nAussichtskanzeln \u00fcber dem Aletschgletscher und vor der 2400 Meter hohen Monte-<br \/>\nRosa-Ostwand sind herrliche Bergerlebnisse garantiert.<\/p>\n<p>144 Seiten, ca. 120 Abbildungen, Format 16,5 x 23,5 cm, Klappenbroschur mit<br \/>\nFadenheftung<\/p>","protected":false},"excerpt":{"rendered":"<p>Das Wallis &#8211; ein Traum f\u00fcr alle Bergfreunde, die zwischen herrlichen Panoramawanderungen, H\u00fcttenwegen und leichten 4000er-Touren w\u00e4hlen und dabei den Blick auf die Gipfel der Walliser und der Berner Alpen genie\u00dfen wollen. Auf Panoramapfaden oberhalb von Zermatt und Saas Fee sowie auf den Aussichtskanzeln \u00fcber dem Aletschgletscher und vor der 2400 Meter hohen Monte- Rosa-Ostwand [&#8230;]\n","protected":false},"featured_media":37649,"template":"","meta":[],"product_brand":[],"product_cat":[21605],"product_tag":[],"class_list":{"0":"post-149108","1":"product","2":"type-product","3":"status-publish","4":"has-post-thumbnail","6":"product_cat-wanderfuehrer-trekking","7":"pa_autor-fink-bleyer","8":"pa_erscheinungsjahr-21550","9":"pa_region-schweiz","10":"pa_sprache-de","12":"first","13":"outofstock","14":"taxable","15":"shipping-taxable","16":"purchasable","17":"product-type-simple"},"_links":{"self":[{"href":"https:\/\/pizbube.ch\/en\/wp-json\/wp\/v2\/product\/149108","targetHints":{"allow":["GET"]}}],"collection":[{"href":"https:\/\/pizbube.ch\/en\/wp-json\/wp\/v2\/product"}],"about":[{"href":"https:\/\/pizbube.ch\/en\/wp-json\/wp\/v2\/types\/product"}],"wp:featuredmedia":[{"embeddable":true,"href":"https:\/\/pizbube.ch\/en\/wp-json\/wp\/v2\/media\/37649"}],"wp:attachment":[{"href":"https:\/\/pizbube.ch\/en\/wp-json\/wp\/v2\/media?parent=149108"}],"wp:term":[{"taxonomy":"product_brand","embeddable":true,"href":"https:\/\/pizbube.ch\/en\/wp-json\/wp\/v2\/product_brand?post=149108"},{"taxonomy":"product_cat","embeddable":true,"href":"https:\/\/pizbube.ch\/en\/wp-json\/wp\/v2\/product_cat?post=149108"},{"taxonomy":"product_tag","embeddable":true,"href":"https:\/\/pizbube.ch\/en\/wp-json\/wp\/v2\/product_tag?post=149108"}],"curies":[{"name":"wp","href":"https:\/\/api.w.org\/{rel}","templated":true}]}}