{"id":149109,"date":"2021-01-15T10:58:55","date_gmt":"2021-01-15T10:58:55","guid":{"rendered":"https:\/\/codengine3.ch\/?product=import-placeholder-for-206021"},"modified":"2021-01-15T14:45:46","modified_gmt":"2021-01-15T14:45:46","slug":"logenplaetze-in-den-alpen","status":"publish","type":"product","link":"https:\/\/pizbube.ch\/en\/shop\/logenplaetze-in-den-alpen\/","title":{"rendered":"Logenpl\u00e4tze in den Alpen"},"content":{"rendered":"<p>40 leichte Touren zu den spektakul\u00e4rsten Aussichtspunkten zwischen Wetterstein<br \/>\nund Dolomiten.  <\/p>\n<p>Platz nehmen und schauen:<br \/>\nGewaltige W\u00e4nde, zerrissene Gletscher, sch\u00e4umende Wasser &#8211; und das alles ganz<br \/>\nohne Gefahr von einer sicheren Warte aus betrachten: Logenpl\u00e4tze in den Alpen<br \/>\nbieten die sch\u00f6nsten Einblicke in die Bergwelt, sind meist leicht erreichbar<br \/>\nund auch f\u00fcr Kinder gut geeignet. Evamaria Wecker hat viele Touren zu<br \/>\ngro\u00dfartigen Aussichtspunkten in den Ostalpen &#8211; vom Engadin bis zum Dachstein \/<br \/>\nTriglav \/ S\u00fcdtirol &#8211; f\u00fcr Sie entdeckt und erg\u00e4nzt jede Tourenbeschreibung<br \/>\ndurch spannende Geschichten, viele Tipps und gro\u00dfartige Bilder.<br \/>\nFarb. Fotos, Karten. 144 S.  <\/p>","protected":false},"excerpt":{"rendered":"<p>40 leichte Touren zu den spektakul\u00e4rsten Aussichtspunkten zwischen Wetterstein und Dolomiten. Platz nehmen und schauen: Gewaltige W\u00e4nde, zerrissene Gletscher, sch\u00e4umende Wasser &#8211; und das alles ganz ohne Gefahr von einer sicheren Warte aus betrachten: Logenpl\u00e4tze in den Alpen bieten die sch\u00f6nsten Einblicke in die Bergwelt, sind meist leicht erreichbar und auch f\u00fcr Kinder gut geeignet. [&#8230;]\n","protected":false},"featured_media":34908,"template":"","meta":[],"product_brand":[],"product_cat":[21544],"product_tag":[],"class_list":{"0":"post-149109","1":"product","2":"type-product","3":"status-publish","4":"has-post-thumbnail","6":"product_cat-fuehrerliteratur-alpin-sommer","7":"pa_autor-wecker","8":"pa_erscheinungsjahr-21830","9":"pa_region-uebrigers-europa","10":"pa_sprache-de","12":"first","13":"instock","14":"taxable","15":"shipping-taxable","16":"purchasable","17":"product-type-simple"},"_links":{"self":[{"href":"https:\/\/pizbube.ch\/en\/wp-json\/wp\/v2\/product\/149109","targetHints":{"allow":["GET"]}}],"collection":[{"href":"https:\/\/pizbube.ch\/en\/wp-json\/wp\/v2\/product"}],"about":[{"href":"https:\/\/pizbube.ch\/en\/wp-json\/wp\/v2\/types\/product"}],"wp:featuredmedia":[{"embeddable":true,"href":"https:\/\/pizbube.ch\/en\/wp-json\/wp\/v2\/media\/34908"}],"wp:attachment":[{"href":"https:\/\/pizbube.ch\/en\/wp-json\/wp\/v2\/media?parent=149109"}],"wp:term":[{"taxonomy":"product_brand","embeddable":true,"href":"https:\/\/pizbube.ch\/en\/wp-json\/wp\/v2\/product_brand?post=149109"},{"taxonomy":"product_cat","embeddable":true,"href":"https:\/\/pizbube.ch\/en\/wp-json\/wp\/v2\/product_cat?post=149109"},{"taxonomy":"product_tag","embeddable":true,"href":"https:\/\/pizbube.ch\/en\/wp-json\/wp\/v2\/product_tag?post=149109"}],"curies":[{"name":"wp","href":"https:\/\/api.w.org\/{rel}","templated":true}]}}