{"id":149110,"date":"2021-01-15T10:58:55","date_gmt":"2021-01-15T10:58:55","guid":{"rendered":"https:\/\/codengine3.ch\/?product=import-placeholder-for-200669"},"modified":"2021-01-15T10:59:47","modified_gmt":"2021-01-15T10:59:47","slug":"panoramawanderungen-schweiz","status":"publish","type":"product","link":"https:\/\/pizbube.ch\/en\/shop\/panoramawanderungen-schweiz\/","title":{"rendered":"Panoramawanderungen Schweiz"},"content":{"rendered":"<p>40 leichte H\u00f6henrouten in diversen Varianten und mit atemberaubender Aussicht<\/p>\n<p>Panoramawanderungen erfreuen sich grosser Beliebtheit. Neben atemberaubenden<br \/>\nAusblicken bieten sie auch vielf\u00e4ltige Einblicke in die Kultur und<br \/>\nGesellschaft des Landes. Die vorgeschlagenen Wanderungen mit unterschiedlicher<br \/>\nVariationen sind weder anstrengende Bergtouren noch blosse Spazierg\u00e4nge.<\/p>\n<p>Obwohl einige der Touren oberhalb von 2000 m. \u00fc. M. verlaufen, sind es auch<br \/>\nf\u00fcr weniger ge\u00fcbte Bergg\u00e4nger ideale und erlebnisreiche Tagesausfl\u00fcge. Der<br \/>\nF\u00fchrer zeigt eine Auswahl von viel begangenen Routen \u00fcber weniger bekannte<br \/>\nGegenden vom Tessin \u00fcber die West- bis zur Ostschweiz.<br \/>\n1. Auflage 2017; 300 Seiten, 14,3 x 21,4 cm, gebunden, Softcover; Mit 182<br \/>\nAbbildungen.<\/p>","protected":false},"excerpt":{"rendered":"<p>40 leichte H\u00f6henrouten in diversen Varianten und mit atemberaubender Aussicht Panoramawanderungen erfreuen sich grosser Beliebtheit. Neben atemberaubenden Ausblicken bieten sie auch vielf\u00e4ltige Einblicke in die Kultur und Gesellschaft des Landes. Die vorgeschlagenen Wanderungen mit unterschiedlicher Variationen sind weder anstrengende Bergtouren noch blosse Spazierg\u00e4nge. Obwohl einige der Touren oberhalb von 2000 m. \u00fc. M. verlaufen, sind [&#8230;]\n","protected":false},"featured_media":27557,"template":"","meta":[],"product_brand":[],"product_cat":[21605],"product_tag":[],"class_list":{"0":"post-149110","1":"product","2":"type-product","3":"status-publish","4":"has-post-thumbnail","6":"product_cat-wanderfuehrer-trekking","7":"pa_autor-auf-der-maur","8":"pa_erscheinungsjahr-21574","9":"pa_region-schweiz","10":"pa_sprache-de","12":"first","13":"instock","14":"taxable","15":"shipping-taxable","16":"purchasable","17":"product-type-simple"},"_links":{"self":[{"href":"https:\/\/pizbube.ch\/en\/wp-json\/wp\/v2\/product\/149110","targetHints":{"allow":["GET"]}}],"collection":[{"href":"https:\/\/pizbube.ch\/en\/wp-json\/wp\/v2\/product"}],"about":[{"href":"https:\/\/pizbube.ch\/en\/wp-json\/wp\/v2\/types\/product"}],"wp:featuredmedia":[{"embeddable":true,"href":"https:\/\/pizbube.ch\/en\/wp-json\/wp\/v2\/media\/27557"}],"wp:attachment":[{"href":"https:\/\/pizbube.ch\/en\/wp-json\/wp\/v2\/media?parent=149110"}],"wp:term":[{"taxonomy":"product_brand","embeddable":true,"href":"https:\/\/pizbube.ch\/en\/wp-json\/wp\/v2\/product_brand?post=149110"},{"taxonomy":"product_cat","embeddable":true,"href":"https:\/\/pizbube.ch\/en\/wp-json\/wp\/v2\/product_cat?post=149110"},{"taxonomy":"product_tag","embeddable":true,"href":"https:\/\/pizbube.ch\/en\/wp-json\/wp\/v2\/product_tag?post=149110"}],"curies":[{"name":"wp","href":"https:\/\/api.w.org\/{rel}","templated":true}]}}