{"id":149111,"date":"2021-01-15T10:58:55","date_gmt":"2021-01-15T10:58:55","guid":{"rendered":"https:\/\/codengine3.ch\/?product=import-placeholder-for-200576"},"modified":"2023-07-13T16:09:52","modified_gmt":"2023-07-13T14:09:52","slug":"jean-troillet-une-vie-a-8000-metres","status":"publish","type":"product","link":"https:\/\/pizbube.ch\/en\/shop\/jean-troillet-une-vie-a-8000-metres\/","title":{"rendered":"Jean Troillet &#8211; Une vie \u00e0 8000 m\u00e8tres"},"content":{"rendered":"<p>Jean Troillet est une v\u00e9ritable l\u00e9gende de l\u2019alpinisme: Le grand Himalayiste<br \/>\nSuisse! Pendant plus de 30 ans il a arpent\u00e9 la haute altitude en compagnie des<br \/>\nplus grands alpinistes de son temps. Il continue \u00e0 partir en exp\u00e9dition et \u00e0<br \/>\ntransmettre sa passion de l\u2019aventure.<\/p>\n<p>\u00ab Cet Everest-l\u00e0 vaut dix 8000 ! \u00bb s\u2019exclama Reinhold Messner au lendemain de<br \/>\nl\u2019ascension record de la cord\u00e9e Loretan-Troillet en 1986. Cord\u00e9e mythique qui<br \/>\npendant 10 ans n\u2019a eu de cesse de repousser les limites de l\u2019Himalayisme.<br \/>\nInventeurs du fameux style \u00abnight naked\u00bb, qui consistait \u00e0 partir ultra-l\u00e9ger<br \/>\net \u00e0 grimper la nuit en profitant des heures plus chaudes du jour pour se<br \/>\nreposer, Jean Troillet et Erhard Loretan ont marqu\u00e9 leur \u00e9poque avec des<br \/>\nascensions d\u2019une audace depuis in\u00e9gal\u00e9e. Mais on ne peut r\u00e9sumer Jean Troillet<br \/>\n\u00e0 la cord\u00e9e qu\u2019il constitua avec Erhard Loretan. Jean avait d\u00e9j\u00e0 une solide<br \/>\nexp\u00e9rience avant et il a continu\u00e9 \u00e0 monter en altitude apr\u00e8s cette<br \/>\n\u00e9tourdissante d\u00e9cennie.<\/p>\n<p>Jean Troillet a pass\u00e9 trente ans \u00e0 fr\u00e9quenter all\u00e8grement la \u00abzone de la<br \/>\nmort\u00bb. \u00c0 plus de 60 ans on le retrouve ainsi dans le plus pur style alpin au<br \/>\nsommet de la face sud du Shishapangma.<br \/>\nLe parcours de Jean Troillet est celui d\u2019un aventurier hors norme, passant<br \/>\nd\u2019une exp\u00e9dition \u00e0 l\u2019autre, avec une pr\u00e9dilection pour la haute altitude, mais<br \/>\npas seulement, puisqu\u2019on l\u2019a vu aux cot\u00e9s des meilleurs marins avec toujours<br \/>\ncette constante de l\u2019amiti\u00e9 et de la bonne humeur. Le livre est donc une somme<br \/>\n\u00e0 mettre \u00e0 l\u2019actif de la force sous ses formes les plus diverses et subtiles,<br \/>\nde la modestie et de la camaraderie.<\/p>","protected":false},"excerpt":{"rendered":"<ul>\n<li><a href=\"https:\/\/vimeo.com\/153358209\" target=\"_blank\" rel=\"noopener\">Video: TEMPLATE PIZ Attachment &gt; Webvideo Embedded [KOPIE]<\/a><\/li>\n<\/ul>\n","protected":false},"featured_media":168606,"template":"","meta":[],"product_brand":[],"product_cat":[21542],"product_tag":[],"class_list":{"0":"post-149111","1":"product","2":"type-product","3":"status-publish","4":"has-post-thumbnail","6":"product_cat-sachbuecher-dokumentationen","7":"pa_autor-buffet-chardonnens","8":"pa_erscheinungsjahr-21571","9":"pa_region-schweiz","10":"pa_sprache-fr","12":"first","13":"instock","14":"taxable","15":"shipping-taxable","16":"purchasable","17":"product-type-simple"},"_links":{"self":[{"href":"https:\/\/pizbube.ch\/en\/wp-json\/wp\/v2\/product\/149111","targetHints":{"allow":["GET"]}}],"collection":[{"href":"https:\/\/pizbube.ch\/en\/wp-json\/wp\/v2\/product"}],"about":[{"href":"https:\/\/pizbube.ch\/en\/wp-json\/wp\/v2\/types\/product"}],"wp:featuredmedia":[{"embeddable":true,"href":"https:\/\/pizbube.ch\/en\/wp-json\/wp\/v2\/media\/168606"}],"wp:attachment":[{"href":"https:\/\/pizbube.ch\/en\/wp-json\/wp\/v2\/media?parent=149111"}],"wp:term":[{"taxonomy":"product_brand","embeddable":true,"href":"https:\/\/pizbube.ch\/en\/wp-json\/wp\/v2\/product_brand?post=149111"},{"taxonomy":"product_cat","embeddable":true,"href":"https:\/\/pizbube.ch\/en\/wp-json\/wp\/v2\/product_cat?post=149111"},{"taxonomy":"product_tag","embeddable":true,"href":"https:\/\/pizbube.ch\/en\/wp-json\/wp\/v2\/product_tag?post=149111"}],"curies":[{"name":"wp","href":"https:\/\/api.w.org\/{rel}","templated":true}]}}