{"id":149113,"date":"2021-01-15T10:58:55","date_gmt":"2021-01-15T10:58:55","guid":{"rendered":"https:\/\/codengine3.ch\/?product=import-placeholder-for-204505"},"modified":"2021-10-01T12:38:27","modified_gmt":"2021-10-01T10:38:27","slug":"andre-georges-une-vie-pour-la-montagne","status":"publish","type":"product","link":"https:\/\/pizbube.ch\/en\/shop\/andre-georges-une-vie-pour-la-montagne\/","title":{"rendered":"Andr\u00e9 Georges &#8211; Une vie pour la montagne"},"content":{"rendered":"<p>N\u00e9 \u00e0 la Sage dans le Val d&#8217;H\u00e9rens, Andr\u00e9 Georges passe son enfance \u00e0<br \/>\ntravailler la campagne au coeur des montagnes, entour\u00e9 par des cimes<br \/>\nimpressionnantes. D\u00e8s sa seizi\u00e8me ann\u00e9e, Andr\u00e9 vit pleinement son amour pour<br \/>\nla montagne, en tentant de repousser ses propres limites et d&#8217;\u00e9largir son<br \/>\nterrain d&#8217;action. Il encha\u00eene les courses \u00e0 un rythme infernal, parcourant les<br \/>\nAlpes et ouvrant un grand nombre de voies. Qu&#8217;il s&#8217;agisse d&#8217;affronter la voie<br \/>\nGogna au nez de Zmutt en solitaire, de gravir la Directissime nord de la Dent<br \/>\nBlanche ou encore de parcourir la Couronne Imp\u00e9riale sans quitter l&#8217;ar\u00eate,<br \/>\nchaque ascension l&#8217;am\u00e8ne \u00e0 de nouveaux r\u00eaves. Cette soif qui l&#8217;anime va<br \/>\nfinalement le pousser \u00e0 lorgner du c\u00f4t\u00e9 des g\u00e9ants de l&#8217;Himalaya. Apr\u00e8s s&#8217;\u00eatre<br \/>\noffert la premi\u00e8re travers\u00e9e de l&#8217;Ama Dablam par l&#8217;ar\u00eate est, l&#8217;appel du toit<br \/>\ndu monde se fait de plus en plus insistant. Il avale tout d&#8217;abord l&#8217;Everest,<br \/>\npour fouler ensuite neuf autres sommets de plus de huit milles m\u00e8tres. C&#8217;est<br \/>\nenfin l&#8217;Antarctique qui va \u00e9galement le s\u00e9duire o\u00f9 il r\u00e9ussit dix premi\u00e8res<br \/>\nsur les fameuses tours de granit du Queen Maud Land.<\/p>\n<p>Il a gravi plus de deux mille sommets, dont soixante premi\u00e8res. Il a \u00e9galement<br \/>\nre\u00e7u plusieurs distinctions pour ses accomplissements: homme suisse de l\u2019ann\u00e9e<br \/>\nen 1996, m\u00e9rite sportif du Panathlon Club Valaisan en 2001, dipl\u00f4me d\u2019honneur<br \/>\ndes guides valaisans, et bien d\u2019autres. Dans ce t\u00e9moignage tr\u00e8s intime, Andr\u00e9<br \/>\nGeorges nous livre son parcours comme guide de montagne et constructeur de<br \/>\nchalets, son enfance, ses exploits et ses d\u00e9ceptions et bien d\u2019autres<br \/>\nanecdotes survenues tout au long de ses quarante ans de montagne. Un livre<br \/>\nsuperbement illustr\u00e9, racontant l\u2019histoire d\u2019un Suisse d\u2019exception.<\/p>","protected":false},"excerpt":{"rendered":"<p>N\u00e9 \u00e0 la Sage dans le Val d&#8217;H\u00e9rens, Andr\u00e9 Georges passe son enfance \u00e0 travailler la campagne au coeur des montagnes, entour\u00e9 par des cimes impressionnantes. D\u00e8s sa seizi\u00e8me ann\u00e9e, Andr\u00e9 vit pleinement son amour pour la montagne, en tentant de repousser ses propres limites et d&#8217;\u00e9largir son terrain d&#8217;action. Il encha\u00eene les courses \u00e0 [&#8230;]\n","protected":false},"featured_media":32542,"template":"","meta":[],"product_brand":[],"product_cat":[21542],"product_tag":[],"class_list":{"0":"post-149113","1":"product","2":"type-product","3":"status-publish","4":"has-post-thumbnail","6":"product_cat-sachbuecher-dokumentationen","7":"pa_autor-georges","8":"pa_erscheinungsjahr-21830","9":"pa_region-schweiz","10":"pa_sprache-fr","12":"first","13":"outofstock","14":"taxable","15":"shipping-taxable","16":"purchasable","17":"product-type-simple"},"_links":{"self":[{"href":"https:\/\/pizbube.ch\/en\/wp-json\/wp\/v2\/product\/149113","targetHints":{"allow":["GET"]}}],"collection":[{"href":"https:\/\/pizbube.ch\/en\/wp-json\/wp\/v2\/product"}],"about":[{"href":"https:\/\/pizbube.ch\/en\/wp-json\/wp\/v2\/types\/product"}],"wp:featuredmedia":[{"embeddable":true,"href":"https:\/\/pizbube.ch\/en\/wp-json\/wp\/v2\/media\/32542"}],"wp:attachment":[{"href":"https:\/\/pizbube.ch\/en\/wp-json\/wp\/v2\/media?parent=149113"}],"wp:term":[{"taxonomy":"product_brand","embeddable":true,"href":"https:\/\/pizbube.ch\/en\/wp-json\/wp\/v2\/product_brand?post=149113"},{"taxonomy":"product_cat","embeddable":true,"href":"https:\/\/pizbube.ch\/en\/wp-json\/wp\/v2\/product_cat?post=149113"},{"taxonomy":"product_tag","embeddable":true,"href":"https:\/\/pizbube.ch\/en\/wp-json\/wp\/v2\/product_tag?post=149113"}],"curies":[{"name":"wp","href":"https:\/\/api.w.org\/{rel}","templated":true}]}}