{"id":149116,"date":"2021-01-15T10:58:55","date_gmt":"2021-01-15T10:58:55","guid":{"rendered":"https:\/\/codengine3.ch\/?product=import-placeholder-for-200578"},"modified":"2024-05-29T09:36:47","modified_gmt":"2024-05-29T07:36:47","slug":"der-natuerliche-kompass","status":"publish","type":"product","link":"https:\/\/pizbube.ch\/en\/shop\/der-natuerliche-kompass\/","title":{"rendered":"Der nat\u00fcrliche Kompass"},"content":{"rendered":"<p>Mit allen Sinnen unterwegs<\/p>\n<p>Was zeigt die Kr\u00fcmmung eines Baumes an? Wie erkenne ich an Regenpf\u00fctzen, wo<br \/>\nNorden ist?<br \/>\nUnd was verr\u00e4t der Sand unter unseren F\u00fc\u00dfen \u00fcber Ebbe und Flut? Der<br \/>\nsympathische Abenteurer Tristan Gooley zeigt, wie man sich in Landschaften und<br \/>\nSt\u00e4dten, im Wald oder an der K\u00fcste orientieren kann &#8211; einzig mit den Sinnen.<\/p>\n<p>Ohne Landkarte oder GPS, nur mithilfe der Gestirne und Elemente. Dabei geht es<br \/>\nnicht nur um Outdoorabenteuer oder \u00dcberlebenstraining, sondern um eine<br \/>\nbeeindruckende, einfach zu erlernende Kunst. Dieses Buch bringt uns bei, genau<br \/>\nhinzuschauen, zu riechen, zu h\u00f6ren. F\u00fcr neugierige Daheimgebliebene und<br \/>\nenthusiastische Nachahmer.<\/p>\n<p>Mit 26 Abbildungen, 288 Seiten.<\/p>","protected":false},"excerpt":{"rendered":"<ul>\n<li><a href=\"https:\/\/pizbube.ch\/wp-content\/uploads\/attachments\/a_004\/383D2AD595102CB6893354E2144C0A37.pdf\" target=\"_blank\" rel=\"noopener\">PDF: Leseprobe &#8211; Der nat\u00fcrliche Kompass<\/a><\/li>\n<\/ul>","protected":false},"featured_media":37289,"template":"","meta":[],"product_brand":[],"product_cat":[21538],"product_tag":[],"class_list":{"0":"post-149116","1":"product","2":"type-product","3":"status-publish","4":"has-post-thumbnail","6":"product_cat-lehrbuecher","7":"pa_autor-gooley","8":"pa_erscheinungsjahr-21586","9":"pa_region-orientierung-wetter-ausbildung","10":"pa_sprache-de","12":"first","13":"instock","14":"taxable","15":"shipping-taxable","16":"purchasable","17":"product-type-simple"},"_links":{"self":[{"href":"https:\/\/pizbube.ch\/en\/wp-json\/wp\/v2\/product\/149116","targetHints":{"allow":["GET"]}}],"collection":[{"href":"https:\/\/pizbube.ch\/en\/wp-json\/wp\/v2\/product"}],"about":[{"href":"https:\/\/pizbube.ch\/en\/wp-json\/wp\/v2\/types\/product"}],"wp:featuredmedia":[{"embeddable":true,"href":"https:\/\/pizbube.ch\/en\/wp-json\/wp\/v2\/media\/37289"}],"wp:attachment":[{"href":"https:\/\/pizbube.ch\/en\/wp-json\/wp\/v2\/media?parent=149116"}],"wp:term":[{"taxonomy":"product_brand","embeddable":true,"href":"https:\/\/pizbube.ch\/en\/wp-json\/wp\/v2\/product_brand?post=149116"},{"taxonomy":"product_cat","embeddable":true,"href":"https:\/\/pizbube.ch\/en\/wp-json\/wp\/v2\/product_cat?post=149116"},{"taxonomy":"product_tag","embeddable":true,"href":"https:\/\/pizbube.ch\/en\/wp-json\/wp\/v2\/product_tag?post=149116"}],"curies":[{"name":"wp","href":"https:\/\/api.w.org\/{rel}","templated":true}]}}