{"id":149117,"date":"2021-01-15T10:58:55","date_gmt":"2021-01-15T10:58:55","guid":{"rendered":"https:\/\/codengine3.ch\/?product=import-placeholder-for-204913"},"modified":"2021-01-15T14:37:15","modified_gmt":"2021-01-15T14:37:15","slug":"gps-outdoor-navigation","status":"publish","type":"product","link":"https:\/\/pizbube.ch\/en\/shop\/gps-outdoor-navigation\/","title":{"rendered":"GPS Outdoor-Navigation"},"content":{"rendered":"<p>Aufgrund des gro\u00dfen Interesses und der rasanten technischen Entwicklung<br \/>\nerscheint die 7. Auflage als Komplettrelaunch mit deutlich erweitertem Umfang.<br \/>\nNoch mehr Augenmerk wird auf den technischen Hintergrund und die<br \/>\nFunktionsdetails der Ger\u00e4te sowie auf die Anwendungsf\u00e4lle in der Outdoor-<br \/>\nPraxis gelegt. So kommen jetzt auch Kanufahrer auf ihre Kosten.<\/p>\n<p>In bew\u00e4hrter Form erkl\u00e4rt der Autor komplizierteste technische Sachverhalte<br \/>\nallgemein verst\u00e4ndlich, unterst\u00fctzt durch viele Abbildungen und \u00dcbersichten.  <\/p>\n<p>GPS-Grundlagen: Funktionsweise, Vorteile, Grenzen, Genauigkeit, Fehlerquellen,<br \/>\nRisiken<br \/>\nGer\u00e4tevergleich und Kaufberatung<\/p>\n<p>GPS-Funktionen, Men\u00fc, Stra\u00dfennavigation<br \/>\nOrientierung: geod\u00e4tisches u. geographisches Gitter<br \/>\nNavigation, praktische Anwendung unterwegs, GPS mit Karte und Kompass,<br \/>\ndigitale Landkarten<\/p>","protected":false},"excerpt":{"rendered":"<p>Aufgrund des gro\u00dfen Interesses und der rasanten technischen Entwicklung erscheint die 7. Auflage als Komplettrelaunch mit deutlich erweitertem Umfang. Noch mehr Augenmerk wird auf den technischen Hintergrund und die Funktionsdetails der Ger\u00e4te sowie auf die Anwendungsf\u00e4lle in der Outdoor- Praxis gelegt. So kommen jetzt auch Kanufahrer auf ihre Kosten. In bew\u00e4hrter Form erkl\u00e4rt der Autor [&#8230;]\n","protected":false},"featured_media":27119,"template":"","meta":[],"product_brand":[],"product_cat":[21538],"product_tag":[],"class_list":{"0":"post-149117","1":"product","2":"type-product","3":"status-publish","4":"has-post-thumbnail","6":"product_cat-lehrbuecher","7":"pa_autor-hoeh","8":"pa_erscheinungsjahr-21568","9":"pa_region-orientierung-wetter-ausbildung","10":"pa_sprache-de","12":"first","13":"instock","14":"taxable","15":"shipping-taxable","16":"purchasable","17":"product-type-simple"},"_links":{"self":[{"href":"https:\/\/pizbube.ch\/en\/wp-json\/wp\/v2\/product\/149117","targetHints":{"allow":["GET"]}}],"collection":[{"href":"https:\/\/pizbube.ch\/en\/wp-json\/wp\/v2\/product"}],"about":[{"href":"https:\/\/pizbube.ch\/en\/wp-json\/wp\/v2\/types\/product"}],"wp:featuredmedia":[{"embeddable":true,"href":"https:\/\/pizbube.ch\/en\/wp-json\/wp\/v2\/media\/27119"}],"wp:attachment":[{"href":"https:\/\/pizbube.ch\/en\/wp-json\/wp\/v2\/media?parent=149117"}],"wp:term":[{"taxonomy":"product_brand","embeddable":true,"href":"https:\/\/pizbube.ch\/en\/wp-json\/wp\/v2\/product_brand?post=149117"},{"taxonomy":"product_cat","embeddable":true,"href":"https:\/\/pizbube.ch\/en\/wp-json\/wp\/v2\/product_cat?post=149117"},{"taxonomy":"product_tag","embeddable":true,"href":"https:\/\/pizbube.ch\/en\/wp-json\/wp\/v2\/product_tag?post=149117"}],"curies":[{"name":"wp","href":"https:\/\/api.w.org\/{rel}","templated":true}]}}