{"id":149119,"date":"2021-01-15T10:58:56","date_gmt":"2021-01-15T10:58:56","guid":{"rendered":"https:\/\/codengine3.ch\/?product=import-placeholder-for-201738"},"modified":"2021-01-15T12:04:11","modified_gmt":"2021-01-15T12:04:11","slug":"wie-helfe-ich-mir-draussen","status":"publish","type":"product","link":"https:\/\/pizbube.ch\/en\/shop\/wie-helfe-ich-mir-draussen\/","title":{"rendered":"Wie helfe ich mir draussen"},"content":{"rendered":"<p>Touren- und Expeditions- Ratgeber. Eine Kartei in Buchform, die nach dem<br \/>\nPrinzip aufgebaut ist&#8217;man nehme&#8217;&#8230;  <\/p>\n<p>Seit 20 Jahren gilt &#8218;der Lapp&#8216; als Standardwerk, denn er wei\u00df auf alle Fragen<br \/>\nzu Expeditionen und Wildnis-Touren eine Antwort. Er enth\u00e4lt leicht<br \/>\nverst\u00e4ndliche Texte ohne jeden theoretischen Ballast. Das Format ist kompakt<br \/>\nund deshalb f\u00fcr jede Tasche geeignet. Dieses Buch ist ein &#8218;Muss&#8216; f\u00fcr alle<br \/>\naktiven Menschen, die es in die Natur zieht. Einfach umsetzbar bietet es Hilfe<br \/>\nzur Selbsthilfe in allen erdenklichen Situationen.<\/p>\n<p>F\u00fcr die 10. Auflage wurden insbesondere die medizinischen Informationen auf<br \/>\nden neusten Stand gebracht, Infos zum Thema \u00bbVerhalten bei Gewitter\u00ab,<br \/>\n\u00bbWassergewinnung und -aufbereitung\u00ab und \u00bbHilfe f\u00fcr Offroader\u00ab erg\u00e4nzt.  <\/p>\n<p>10. erweiterte und \u00fcberarbeitete Ausgabe<\/p>","protected":false},"excerpt":{"rendered":"<p>Touren- und Expeditions- Ratgeber. Eine Kartei in Buchform, die nach dem Prinzip aufgebaut ist&#8217;man nehme&#8217;&#8230; Seit 20 Jahren gilt &#8218;der Lapp&#8216; als Standardwerk, denn er wei\u00df auf alle Fragen zu Expeditionen und Wildnis-Touren eine Antwort. Er enth\u00e4lt leicht verst\u00e4ndliche Texte ohne jeden theoretischen Ballast. Das Format ist kompakt und deshalb f\u00fcr jede Tasche geeignet. Dieses [&#8230;]\n","protected":false},"featured_media":29128,"template":"","meta":[],"product_brand":[],"product_cat":[21538],"product_tag":[],"class_list":{"0":"post-149119","1":"product","2":"type-product","3":"status-publish","4":"has-post-thumbnail","6":"product_cat-lehrbuecher","7":"pa_autor-lapp","8":"pa_erscheinungsjahr-21571","9":"pa_region-survival","10":"pa_sprache-de","12":"first","13":"instock","14":"taxable","15":"shipping-taxable","16":"purchasable","17":"product-type-simple"},"_links":{"self":[{"href":"https:\/\/pizbube.ch\/en\/wp-json\/wp\/v2\/product\/149119","targetHints":{"allow":["GET"]}}],"collection":[{"href":"https:\/\/pizbube.ch\/en\/wp-json\/wp\/v2\/product"}],"about":[{"href":"https:\/\/pizbube.ch\/en\/wp-json\/wp\/v2\/types\/product"}],"wp:featuredmedia":[{"embeddable":true,"href":"https:\/\/pizbube.ch\/en\/wp-json\/wp\/v2\/media\/29128"}],"wp:attachment":[{"href":"https:\/\/pizbube.ch\/en\/wp-json\/wp\/v2\/media?parent=149119"}],"wp:term":[{"taxonomy":"product_brand","embeddable":true,"href":"https:\/\/pizbube.ch\/en\/wp-json\/wp\/v2\/product_brand?post=149119"},{"taxonomy":"product_cat","embeddable":true,"href":"https:\/\/pizbube.ch\/en\/wp-json\/wp\/v2\/product_cat?post=149119"},{"taxonomy":"product_tag","embeddable":true,"href":"https:\/\/pizbube.ch\/en\/wp-json\/wp\/v2\/product_tag?post=149119"}],"curies":[{"name":"wp","href":"https:\/\/api.w.org\/{rel}","templated":true}]}}