{"id":149120,"date":"2021-01-15T10:58:56","date_gmt":"2021-01-15T10:58:56","guid":{"rendered":"https:\/\/codengine3.ch\/?product=import-placeholder-for-200663"},"modified":"2021-01-15T10:59:42","modified_gmt":"2021-01-15T10:59:42","slug":"gps-grundlagen-tourenplanung-navigation","status":"publish","type":"product","link":"https:\/\/pizbube.ch\/en\/shop\/gps-grundlagen-tourenplanung-navigation\/","title":{"rendered":"GPS &#8211;  Grundlagen Tourenplanung Navigation"},"content":{"rendered":"<p>Praxisorientiert beschreibt dieses Buch in Wort und Bild, was beim Umgang mit<br \/>\nGPS-Empf\u00e4ngern beachtet werden muss. Leicht verst\u00e4ndlich erkl\u00e4rt der Autor die<br \/>\nVor- und Nachteile verschiedener Ger\u00e4te und wichtige Einstellungen und<br \/>\nbeantwortet Fragen rund um das Kartenmaterial \u2013 welches gibt es, wo kann es<br \/>\nbezogen werden und wie wird es installiert?<\/p>\n<p>Anschlie\u00dfend erl\u00e4utert er anschaulich den Datenaustausch mit dem PC und eine<br \/>\nsinnvolle Vor- und Nachbereitung von Touren mit der Software BaseCamp.<br \/>\nAbgerundet wird das Buch mit der Vorstellung von Online-Tools und<br \/>\nTourenportalen im Internet. Ein unentbehrliches Nachschlagewerk, das in keinem<br \/>\nRucksack oder am PC fehlen darf!<\/p>\n<p>Ein GPS-Ger\u00e4t ist schnell gekauft, die Outdoor-Navigation aber viel komplexer,<br \/>\nals man zun\u00e4chst denkt. Dieses Buch er\u00f6ffnet Einsteigern den unkomplizierten<br \/>\nEinstieg in die GPS-Welt. Anhand zahlreicher Praxisbeispiele erfahren Sie<br \/>\nSchritt f\u00fcr Schritt, was am GPS-Ger\u00e4t und am PC zu tun ist, um die n\u00e4chste<br \/>\nWanderung, Radreise oder Kanutour zu planen.<\/p>\n<p>Wer bereits \u00fcber erste GPS-Erfahrung verf\u00fcgt, findet zudem zahlreiche<br \/>\nExpertentipps aus der langj\u00e4hrigen Outdoor-Erfahrung des Autors, um unterwegs<br \/>\ndas volle Potenzial moderner GPS-Empf\u00e4nger zu nutzen.<\/p>","protected":false},"excerpt":{"rendered":"<p>Praxisorientiert beschreibt dieses Buch in Wort und Bild, was beim Umgang mit GPS-Empf\u00e4ngern beachtet werden muss. Leicht verst\u00e4ndlich erkl\u00e4rt der Autor die Vor- und Nachteile verschiedener Ger\u00e4te und wichtige Einstellungen und beantwortet Fragen rund um das Kartenmaterial \u2013 welches gibt es, wo kann es bezogen werden und wie wird es installiert? Anschlie\u00dfend erl\u00e4utert er anschaulich [&#8230;]\n","protected":false},"featured_media":27545,"template":"","meta":[],"product_brand":[],"product_cat":[21538],"product_tag":[],"class_list":{"0":"post-149120","1":"product","2":"type-product","3":"status-publish","4":"has-post-thumbnail","6":"product_cat-lehrbuecher","7":"pa_autor-hennemann","8":"pa_erscheinungsjahr-21574","9":"pa_region-orientierung-wetter-ausbildung","10":"pa_sprache-de","12":"first","13":"instock","14":"taxable","15":"shipping-taxable","16":"purchasable","17":"product-type-simple"},"_links":{"self":[{"href":"https:\/\/pizbube.ch\/en\/wp-json\/wp\/v2\/product\/149120","targetHints":{"allow":["GET"]}}],"collection":[{"href":"https:\/\/pizbube.ch\/en\/wp-json\/wp\/v2\/product"}],"about":[{"href":"https:\/\/pizbube.ch\/en\/wp-json\/wp\/v2\/types\/product"}],"wp:featuredmedia":[{"embeddable":true,"href":"https:\/\/pizbube.ch\/en\/wp-json\/wp\/v2\/media\/27545"}],"wp:attachment":[{"href":"https:\/\/pizbube.ch\/en\/wp-json\/wp\/v2\/media?parent=149120"}],"wp:term":[{"taxonomy":"product_brand","embeddable":true,"href":"https:\/\/pizbube.ch\/en\/wp-json\/wp\/v2\/product_brand?post=149120"},{"taxonomy":"product_cat","embeddable":true,"href":"https:\/\/pizbube.ch\/en\/wp-json\/wp\/v2\/product_cat?post=149120"},{"taxonomy":"product_tag","embeddable":true,"href":"https:\/\/pizbube.ch\/en\/wp-json\/wp\/v2\/product_tag?post=149120"}],"curies":[{"name":"wp","href":"https:\/\/api.w.org\/{rel}","templated":true}]}}