{"id":149121,"date":"2021-01-15T10:58:56","date_gmt":"2021-01-15T10:58:56","guid":{"rendered":"https:\/\/codengine3.ch\/?product=import-placeholder-for-207669"},"modified":"2021-01-15T16:05:47","modified_gmt":"2021-01-15T16:05:47","slug":"orientierung-unterwegs-mit-karte-kompass-gps-smartphone","status":"publish","type":"product","link":"https:\/\/pizbube.ch\/en\/shop\/orientierung-unterwegs-mit-karte-kompass-gps-smartphone\/","title":{"rendered":"Orientierung &#8211; Unterwegs mit Karte, Kompass, GPS, Smartphone"},"content":{"rendered":"<p>\u201eOrientierung mit Karte, Kompass und GPS\u201c ist der ideale Reisebegleiter f\u00fcr<br \/>\ndas Gel\u00e4nde abseits von festgelegten Wegen und Stra\u00dfen. Das Buch erkl\u00e4rt, wie<br \/>\nSie sich orientieren k\u00f6nnen \u2013 ob klassisch mit Kompass oder Karte oder mit<br \/>\nmodernen Hilfsmitteln wie GPS, die die Wegfindung erleichtern.<\/p>\n<p>Folgende Fragen werden behandelt:<\/p>\n<p>Wahrnehmung der Landschaft: Wie orientiere ich mich anhand meiner Umgebung?<br \/>\nWanderkarten: Wie lese ich sie und setze sie richtig ein?<br \/>\nWie kann ich meine Route planen?<br \/>\nWie orientiere ich mich mit GPS-System, Smartphone etc.?<br \/>\nWie nutze ich Koordinaten, Wegpunkte, Routen und Tracks?<\/p>\n<p>Dieses Buch eignet sich damit f\u00fcr alle, die abseits von vorgezeichneten Wegen<br \/>\nunterwegs sind \u2013 egal ob Wanderer, Radfahrer oder Skitoureng\u00e4nger.<\/p>","protected":false},"excerpt":{"rendered":"<p>\u201eOrientierung mit Karte, Kompass und GPS\u201c ist der ideale Reisebegleiter f\u00fcr das Gel\u00e4nde abseits von festgelegten Wegen und Stra\u00dfen. Das Buch erkl\u00e4rt, wie Sie sich orientieren k\u00f6nnen \u2013 ob klassisch mit Kompass oder Karte oder mit modernen Hilfsmitteln wie GPS, die die Wegfindung erleichtern. Folgende Fragen werden behandelt: Wahrnehmung der Landschaft: Wie orientiere ich mich [&#8230;]\n","protected":false},"featured_media":38115,"template":"","meta":[],"product_brand":[],"product_cat":[21538],"product_tag":[],"class_list":{"0":"post-149121","1":"product","2":"type-product","3":"status-publish","4":"has-post-thumbnail","6":"product_cat-lehrbuecher","7":"pa_autor-lamory","8":"pa_erscheinungsjahr-21574","9":"pa_region-orientierung-wetter-ausbildung","10":"pa_sprache-de","12":"first","13":"instock","14":"taxable","15":"shipping-taxable","16":"purchasable","17":"product-type-simple"},"_links":{"self":[{"href":"https:\/\/pizbube.ch\/en\/wp-json\/wp\/v2\/product\/149121","targetHints":{"allow":["GET"]}}],"collection":[{"href":"https:\/\/pizbube.ch\/en\/wp-json\/wp\/v2\/product"}],"about":[{"href":"https:\/\/pizbube.ch\/en\/wp-json\/wp\/v2\/types\/product"}],"wp:featuredmedia":[{"embeddable":true,"href":"https:\/\/pizbube.ch\/en\/wp-json\/wp\/v2\/media\/38115"}],"wp:attachment":[{"href":"https:\/\/pizbube.ch\/en\/wp-json\/wp\/v2\/media?parent=149121"}],"wp:term":[{"taxonomy":"product_brand","embeddable":true,"href":"https:\/\/pizbube.ch\/en\/wp-json\/wp\/v2\/product_brand?post=149121"},{"taxonomy":"product_cat","embeddable":true,"href":"https:\/\/pizbube.ch\/en\/wp-json\/wp\/v2\/product_cat?post=149121"},{"taxonomy":"product_tag","embeddable":true,"href":"https:\/\/pizbube.ch\/en\/wp-json\/wp\/v2\/product_tag?post=149121"}],"curies":[{"name":"wp","href":"https:\/\/api.w.org\/{rel}","templated":true}]}}