{"id":149122,"date":"2021-01-15T10:58:56","date_gmt":"2021-01-15T10:58:56","guid":{"rendered":"https:\/\/codengine3.ch\/?product=import-placeholder-for-208312"},"modified":"2021-01-15T17:52:35","modified_gmt":"2021-01-15T17:52:35","slug":"gps-know-how-outdoor-navigation-so-gehts","status":"publish","type":"product","link":"https:\/\/pizbube.ch\/en\/shop\/gps-know-how-outdoor-navigation-so-gehts\/","title":{"rendered":"GPS know-how Outdoor-Navigation, so geht&#8217;s"},"content":{"rendered":"<p>GPS know-how Outdoor-Navigation, so geht&#8217;s<br \/>\nmit GPS-Ger\u00e4t und Smartphone<\/p>\n<p>Das Buch GPS know-how Outdoor-Navigation, so geht&#8217;s beschreibt alle relevanten<br \/>\nThemen, die f\u00fcr die Navigation mit GPS-Ger\u00e4te und Smartphones wichtig sind. Ob<br \/>\nAnf\u00e4nger, Fortgeschrittener oder Routinier, jeder findet hier fundiertes, auf<br \/>\nden neuesten Stand gebrachtes Wissen \u00fcber GPS. Kompakte Sachverhalte werden<br \/>\ndurch eine klare Gliederung, anschaulichen Grafiken und Bildern verst\u00e4ndlich,<br \/>\npraxisbezogen und \u00fcbersichtlich dargestellt.<\/p>\n<p>Das breite Spektrum der Themen reicht von den Grundlagen der GPS-Navigation,<br \/>\nden Funktionen und Anwendungsm\u00f6glichkeiten von GPS-Ger\u00e4ten, alles \u00fcber Tracks,<br \/>\nWegpunkte und Routen, die Navigationsm\u00f6glichkeiten mit dem GPS-Ger\u00e4t oder dem<br \/>\nSmartphone, Kartenkunde bis hin zu GPS-Softwareprogrammen. Das Buch ist ein<br \/>\nunverzichtbarer Ratgeber f\u00fcr jeden, der erfolgreich mit einem GPS-Ger\u00e4t oder<br \/>\neinem Smartphone navigieren m\u00f6chte.<\/p>\n<p>Bei verschiedenen Themen finden Sie in dem Buch auch Expertenwissen, das f\u00fcr<br \/>\ndie &#171;normale Navigation&#187; nicht unbedingt notwendig ist. Experten- und<br \/>\nHintergrundwissen hilft aber um auch die &#171;schwierigsten<br \/>\nOrientierungsaufgaben&#187; l\u00f6sen zu k\u00f6nnen.<\/p>\n<p>Der Inhalt<br \/>\n. Grundlagen der GPS-Navigation<br \/>\n. Positionsbestimmung<br \/>\n. Funktionen von GPS-Ger\u00e4ten<br \/>\n. Tracks, Wegpunkte, Routen<br \/>\n. Navigation mit GPS-Ger\u00e4ten<\/p>\n<p>. Grundlagen Koordinatensysteme<br \/>\n. Kartenkunde<br \/>\n. Navigation mit Smartphones<br \/>\n. GPS-Planungssoftware<br \/>\n. GPS-Datennutzung  <\/p>","protected":false},"excerpt":{"rendered":"<ul>\n<li><a href=\"https:\/\/pizbube.ch\/wp-content\/uploads\/attachments\/a_029\/D4642695D57FE3FDBDE3B60ED10369F8.pdf\" target=\"_blank\" rel=\"noopener\">PDF: Leseprobe-gps-know-how-outdoor-navigation.pdf<\/a><\/li>\n<\/ul>","protected":false},"featured_media":39956,"template":"","meta":[],"product_brand":[],"product_cat":[21538],"product_tag":[],"class_list":{"0":"post-149122","1":"product","2":"type-product","3":"status-publish","4":"has-post-thumbnail","6":"product_cat-lehrbuecher","7":"pa_autor-durner-abel","8":"pa_erscheinungsjahr-21546","9":"pa_region-orientierung-wetter-ausbildung","10":"pa_sprache-de","12":"first","13":"instock","14":"taxable","15":"shipping-taxable","16":"purchasable","17":"product-type-simple"},"_links":{"self":[{"href":"https:\/\/pizbube.ch\/en\/wp-json\/wp\/v2\/product\/149122","targetHints":{"allow":["GET"]}}],"collection":[{"href":"https:\/\/pizbube.ch\/en\/wp-json\/wp\/v2\/product"}],"about":[{"href":"https:\/\/pizbube.ch\/en\/wp-json\/wp\/v2\/types\/product"}],"wp:featuredmedia":[{"embeddable":true,"href":"https:\/\/pizbube.ch\/en\/wp-json\/wp\/v2\/media\/39956"}],"wp:attachment":[{"href":"https:\/\/pizbube.ch\/en\/wp-json\/wp\/v2\/media?parent=149122"}],"wp:term":[{"taxonomy":"product_brand","embeddable":true,"href":"https:\/\/pizbube.ch\/en\/wp-json\/wp\/v2\/product_brand?post=149122"},{"taxonomy":"product_cat","embeddable":true,"href":"https:\/\/pizbube.ch\/en\/wp-json\/wp\/v2\/product_cat?post=149122"},{"taxonomy":"product_tag","embeddable":true,"href":"https:\/\/pizbube.ch\/en\/wp-json\/wp\/v2\/product_tag?post=149122"}],"curies":[{"name":"wp","href":"https:\/\/api.w.org\/{rel}","templated":true}]}}