{"id":149123,"date":"2021-01-15T10:58:56","date_gmt":"2021-01-15T10:58:56","guid":{"rendered":"https:\/\/codengine3.ch\/?product=import-placeholder-for-208351"},"modified":"2024-07-17T12:04:00","modified_gmt":"2024-07-17T10:04:00","slug":"lebenswelt-alpen-sehen-kennen-verstehen","status":"publish","type":"product","link":"https:\/\/pizbube.ch\/en\/shop\/lebenswelt-alpen-sehen-kennen-verstehen\/","title":{"rendered":"Lebenswelt Alpen &#8211; sehen \/ kennen \/ verstehen"},"content":{"rendered":"<p>Lebenswelt Alpen ist ein wertvoller Begleiter f\u00fcr alle naturinteressierten Bergg\u00e4ngerinnen und Bergg\u00e4nger<\/p>\n<p>Das Handbuch liefert umfassende Informationen zur alpinen Tier- und Pflanzenwelt, zur Geologie und zum Leben der Menschen in den Alpen.<\/p>\n<p>Die Kapitel zu Klimawandel und Bergsport mit R\u00fccksicht auf die Natur regen zum genauen Beobachten und Nachdenken an. Allgemein verst\u00e4ndlich, reich bebildert, illustriert und rucksacktauglich \u2013 Lebenswelt Alpen ist dein Begleiter f\u00fcr die (Neu)entdeckung der Alpenwelt.<\/p>\n<p>310 Seiten, 330 Illustrationen<br \/>\n3. Auflage 2020<\/p>","protected":false},"excerpt":{"rendered":"<ul>\n<li><strong><a href=\"https:\/\/pizbube.ch\/wp-content\/uploads\/attachments\/a_029\/D7891B1F9E20BB23B665509083EB5FE5.pdf\" target=\"_blank\" rel=\"noopener\">PDF: Leseprobe_Lebenswelt_Alpen.pdf<\/a><\/strong><\/li>\n<\/ul>","protected":false},"featured_media":166821,"template":"","meta":[],"product_brand":[],"product_cat":[21538],"product_tag":[],"class_list":{"0":"post-149123","1":"product","2":"type-product","3":"status-publish","4":"has-post-thumbnail","6":"product_cat-lehrbuecher","7":"pa_autor-rosenkranz-meyer-luethi-zoller","8":"pa_erscheinungsjahr-21558","9":"pa_region-fauna-flora-geologie-glaziologie","10":"pa_sprache-de","12":"first","13":"instock","14":"taxable","15":"shipping-taxable","16":"purchasable","17":"product-type-simple"},"_links":{"self":[{"href":"https:\/\/pizbube.ch\/en\/wp-json\/wp\/v2\/product\/149123","targetHints":{"allow":["GET"]}}],"collection":[{"href":"https:\/\/pizbube.ch\/en\/wp-json\/wp\/v2\/product"}],"about":[{"href":"https:\/\/pizbube.ch\/en\/wp-json\/wp\/v2\/types\/product"}],"wp:featuredmedia":[{"embeddable":true,"href":"https:\/\/pizbube.ch\/en\/wp-json\/wp\/v2\/media\/166821"}],"wp:attachment":[{"href":"https:\/\/pizbube.ch\/en\/wp-json\/wp\/v2\/media?parent=149123"}],"wp:term":[{"taxonomy":"product_brand","embeddable":true,"href":"https:\/\/pizbube.ch\/en\/wp-json\/wp\/v2\/product_brand?post=149123"},{"taxonomy":"product_cat","embeddable":true,"href":"https:\/\/pizbube.ch\/en\/wp-json\/wp\/v2\/product_cat?post=149123"},{"taxonomy":"product_tag","embeddable":true,"href":"https:\/\/pizbube.ch\/en\/wp-json\/wp\/v2\/product_tag?post=149123"}],"curies":[{"name":"wp","href":"https:\/\/api.w.org\/{rel}","templated":true}]}}