{"id":149124,"date":"2021-01-15T10:58:56","date_gmt":"2021-01-15T10:58:56","guid":{"rendered":"https:\/\/codengine3.ch\/?product=import-placeholder-for-203295"},"modified":"2021-02-24T11:26:42","modified_gmt":"2021-02-24T10:26:42","slug":"flora-alpina","status":"publish","type":"product","link":"https:\/\/pizbube.ch\/en\/shop\/flora-alpina\/","title":{"rendered":"Flora Alpina"},"content":{"rendered":"<p>Wieviele Gef\u00e4\u00dfpflanzen umfasst die Flora der Alpen? Wie sehen sie aus? Wie<br \/>\nwerden sie korrekt benannt? Wann bl\u00fchen sie? Wo kann man ihnen begegnen? Die<br \/>\nFlora alpina behandelt erstmals in einem Werk s\u00e4mtliche Bl\u00fcten- und<br \/>\nFarnpflanzen des ganzen Alpenraumes, von Nizza bis Wien, von den Talb\u00f6den bis<br \/>\nzum ewigen Schnee, und gibt damit Antwort auf all diese Fragen. Die Autoren<br \/>\nlegen mit der Flora alpina ein sprachunabh\u00e4ngiges Referenzwerk von<br \/>\ninternationaler Bedeutung vor, das die Kommunikation zwischen Wissenschaftlern<br \/>\nund Amateuren wesentlich erleichtern wird. Das Buch schlie\u00dft eine empfindliche<br \/>\nL\u00fccke in der botanischen Literatur. Das Werk erscheint gleichzeitig in f\u00fcnf<br \/>\nL\u00e4ndern (D, A, CH, F, I).<br \/>\nLycopodiaceae &#8211; Alpiaceae\/ Gentianaceae &#8211; Orchidaceae\/ Register. Zahlr.<br \/>\nFarbfotos, Karten. 1159 S.\/ 1188 S.\/ 323 S. 3 Bde. im Schmuckschuber.<\/p>","protected":false},"excerpt":{"rendered":"<p>Wieviele Gef\u00e4\u00dfpflanzen umfasst die Flora der Alpen? Wie sehen sie aus? Wie werden sie korrekt benannt? Wann bl\u00fchen sie? Wo kann man ihnen begegnen? Die Flora alpina behandelt erstmals in einem Werk s\u00e4mtliche Bl\u00fcten- und Farnpflanzen des ganzen Alpenraumes, von Nizza bis Wien, von den Talb\u00f6den bis zum ewigen Schnee, und gibt damit Antwort auf [&#8230;]\n","protected":false},"featured_media":30879,"template":"","meta":[],"product_brand":[],"product_cat":[21542],"product_tag":[],"class_list":{"0":"post-149124","1":"product","2":"type-product","3":"status-publish","4":"has-post-thumbnail","6":"product_cat-sachbuecher-dokumentationen","7":"pa_autor-aeschimann-lauber-moser-theurillat","8":"pa_erscheinungsjahr-21920","9":"pa_region-fauna-flora-geologie-glaziologie","10":"pa_sprache-de","12":"first","13":"outofstock","14":"taxable","15":"shipping-taxable","16":"purchasable","17":"product-type-simple"},"_links":{"self":[{"href":"https:\/\/pizbube.ch\/en\/wp-json\/wp\/v2\/product\/149124","targetHints":{"allow":["GET"]}}],"collection":[{"href":"https:\/\/pizbube.ch\/en\/wp-json\/wp\/v2\/product"}],"about":[{"href":"https:\/\/pizbube.ch\/en\/wp-json\/wp\/v2\/types\/product"}],"wp:featuredmedia":[{"embeddable":true,"href":"https:\/\/pizbube.ch\/en\/wp-json\/wp\/v2\/media\/30879"}],"wp:attachment":[{"href":"https:\/\/pizbube.ch\/en\/wp-json\/wp\/v2\/media?parent=149124"}],"wp:term":[{"taxonomy":"product_brand","embeddable":true,"href":"https:\/\/pizbube.ch\/en\/wp-json\/wp\/v2\/product_brand?post=149124"},{"taxonomy":"product_cat","embeddable":true,"href":"https:\/\/pizbube.ch\/en\/wp-json\/wp\/v2\/product_cat?post=149124"},{"taxonomy":"product_tag","embeddable":true,"href":"https:\/\/pizbube.ch\/en\/wp-json\/wp\/v2\/product_tag?post=149124"}],"curies":[{"name":"wp","href":"https:\/\/api.w.org\/{rel}","templated":true}]}}