{"id":149126,"date":"2021-01-15T10:58:56","date_gmt":"2021-01-15T10:58:56","guid":{"rendered":"https:\/\/codengine3.ch\/?product=import-placeholder-for-207100"},"modified":"2021-01-15T14:55:06","modified_gmt":"2021-01-15T14:55:06","slug":"alpenblumen-2","status":"publish","type":"product","link":"https:\/\/pizbube.ch\/en\/shop\/alpenblumen-2\/","title":{"rendered":"Alpenblumen"},"content":{"rendered":"<p>\nAlpenblumen &#8211; Entdecken und erkennen<\/p>\n<p>Erleben Sie die sch\u00f6nsten Seiten der Natur! &#8211; 410 Alpenblumen sicher bestimmen<br \/>\nmit \u00fcber 440 Farbfotos und \u00fcber 280 farbigen Detailzeichnungen &#8211; Wichtige<br \/>\nMerkmale sind kurz und knapp herausgestellt &#8211; Mit vielen Infos zur Biologie<br \/>\nder Gipfelst\u00fcrmer und Tipps zum Natur aktiv Erleben Alpenblumen einfach und<br \/>\nzuverl\u00e4ssig bestimmen &#8211; das ist ganz leicht mit dem Ulmer Naturf\u00fchrer.<\/p>\n<p>Fotos aus dem nat\u00fcrlichen Lebensraum, Detailzeichnungen, Verbreitungskarten<br \/>\nund Fotos von Verwechslungsarten erleichtern die Unterscheidung. Natur-aktiv-<br \/>\nSeiten machen zudem Lust auf au\u00dfergew\u00f6hnliche Naturerlebnisse.  <\/p>\n<p>4. Auflage 2014. 192 S., 445 Farbfotos, 228 farbige Zeichnungen, kart.<\/p>","protected":false},"excerpt":{"rendered":"<p>Alpenblumen &#8211; Entdecken und erkennen Erleben Sie die sch\u00f6nsten Seiten der Natur! &#8211; 410 Alpenblumen sicher bestimmen mit \u00fcber 440 Farbfotos und \u00fcber 280 farbigen Detailzeichnungen &#8211; Wichtige Merkmale sind kurz und knapp herausgestellt &#8211; Mit vielen Infos zur Biologie der Gipfelst\u00fcrmer und Tipps zum Natur aktiv Erleben Alpenblumen einfach und zuverl\u00e4ssig bestimmen &#8211; das [&#8230;]\n","protected":false},"featured_media":36107,"template":"","meta":[],"product_brand":[],"product_cat":[21538],"product_tag":[],"class_list":{"0":"post-149126","1":"product","2":"type-product","3":"status-publish","4":"has-post-thumbnail","6":"product_cat-lehrbuecher","7":"pa_autor-finkenzeller","8":"pa_erscheinungsjahr-21550","9":"pa_region-fauna-flora-geologie-glaziologie","10":"pa_sprache-de","12":"first","13":"instock","14":"taxable","15":"shipping-taxable","16":"purchasable","17":"product-type-simple"},"_links":{"self":[{"href":"https:\/\/pizbube.ch\/en\/wp-json\/wp\/v2\/product\/149126","targetHints":{"allow":["GET"]}}],"collection":[{"href":"https:\/\/pizbube.ch\/en\/wp-json\/wp\/v2\/product"}],"about":[{"href":"https:\/\/pizbube.ch\/en\/wp-json\/wp\/v2\/types\/product"}],"wp:featuredmedia":[{"embeddable":true,"href":"https:\/\/pizbube.ch\/en\/wp-json\/wp\/v2\/media\/36107"}],"wp:attachment":[{"href":"https:\/\/pizbube.ch\/en\/wp-json\/wp\/v2\/media?parent=149126"}],"wp:term":[{"taxonomy":"product_brand","embeddable":true,"href":"https:\/\/pizbube.ch\/en\/wp-json\/wp\/v2\/product_brand?post=149126"},{"taxonomy":"product_cat","embeddable":true,"href":"https:\/\/pizbube.ch\/en\/wp-json\/wp\/v2\/product_cat?post=149126"},{"taxonomy":"product_tag","embeddable":true,"href":"https:\/\/pizbube.ch\/en\/wp-json\/wp\/v2\/product_tag?post=149126"}],"curies":[{"name":"wp","href":"https:\/\/api.w.org\/{rel}","templated":true}]}}