{"id":149127,"date":"2021-01-15T10:58:56","date_gmt":"2021-01-15T10:58:56","guid":{"rendered":"https:\/\/codengine3.ch\/?product=import-placeholder-for-208794"},"modified":"2025-12-17T11:38:26","modified_gmt":"2025-12-17T10:38:26","slug":"alpenblumen-3","status":"publish","type":"product","link":"https:\/\/pizbube.ch\/en\/shop\/alpenblumen-3\/","title":{"rendered":"Alpenblumen"},"content":{"rendered":"<p>Sehen und verstehen &#8211; <span class=\"value\">Der handliche Begleiter in die Natur<\/span><\/p>\n<p>Dieser KOMPASS Naturf\u00fchrer \u00fcberzeugt durch genaue Informationen \u00fcber Pflanzen<br \/>\nunserer Heimat<\/p>\n<p>70 Alpenblumen sind beschrieben; pr\u00e4chtige Farbfotos,<br \/>\nmit einem Farbleitsystem zum leichteren Finden der gesuchten Art.<\/p>","protected":false},"excerpt":{"rendered":"<p>Sehen und verstehen &#8211; Der handliche Begleiter in die Natur Dieser KOMPASS Naturf\u00fchrer \u00fcberzeugt durch genaue Informationen \u00fcber Pflanzen unserer Heimat 70 Alpenblumen sind beschrieben; pr\u00e4chtige Farbfotos, mit einem Farbleitsystem zum leichteren Finden der gesuchten Art.<\/p>","protected":false},"featured_media":178111,"template":"","meta":[],"product_brand":[],"product_cat":[21538],"product_tag":[],"class_list":{"0":"post-149127","1":"product","2":"type-product","3":"status-publish","4":"has-post-thumbnail","6":"product_cat-lehrbuecher","7":"pa_autor-jaitner","8":"pa_erscheinungsjahr-27129","9":"pa_region-fauna-flora-geologie-glaziologie","10":"pa_sprache-de","12":"first","13":"instock","14":"taxable","15":"shipping-taxable","16":"purchasable","17":"product-type-simple"},"_links":{"self":[{"href":"https:\/\/pizbube.ch\/en\/wp-json\/wp\/v2\/product\/149127","targetHints":{"allow":["GET"]}}],"collection":[{"href":"https:\/\/pizbube.ch\/en\/wp-json\/wp\/v2\/product"}],"about":[{"href":"https:\/\/pizbube.ch\/en\/wp-json\/wp\/v2\/types\/product"}],"wp:featuredmedia":[{"embeddable":true,"href":"https:\/\/pizbube.ch\/en\/wp-json\/wp\/v2\/media\/178111"}],"wp:attachment":[{"href":"https:\/\/pizbube.ch\/en\/wp-json\/wp\/v2\/media?parent=149127"}],"wp:term":[{"taxonomy":"product_brand","embeddable":true,"href":"https:\/\/pizbube.ch\/en\/wp-json\/wp\/v2\/product_brand?post=149127"},{"taxonomy":"product_cat","embeddable":true,"href":"https:\/\/pizbube.ch\/en\/wp-json\/wp\/v2\/product_cat?post=149127"},{"taxonomy":"product_tag","embeddable":true,"href":"https:\/\/pizbube.ch\/en\/wp-json\/wp\/v2\/product_tag?post=149127"}],"curies":[{"name":"wp","href":"https:\/\/api.w.org\/{rel}","templated":true}]}}