{"id":149131,"date":"2021-01-15T10:58:56","date_gmt":"2021-01-15T10:58:56","guid":{"rendered":"https:\/\/codengine3.ch\/?product=import-placeholder-for-200582"},"modified":"2021-01-15T10:59:00","modified_gmt":"2021-01-15T10:59:00","slug":"une-femme-sept-sommets-dix-secrets","status":"publish","type":"product","link":"https:\/\/pizbube.ch\/en\/shop\/une-femme-sept-sommets-dix-secrets\/","title":{"rendered":"Une femme, sept sommets, dix secrets"},"content":{"rendered":"<p>L\u2019\u00e9loge du &#171;savoir-suivre&#187;, r\u00e9cit de mes exp\u00e9ditions \u00e0 plus de 8000 m\u00e8tres<br \/>\nen Himalaya  <\/p>\n<p>Sophie Lavaud est une conf\u00e9renci\u00e8re et alpiniste de nationalit\u00e9s fran\u00e7aise,<br \/>\nsuisse et canadienne. D\u00e8s 2012, elle devient himalayiste, une des tr\u00e8s rares<br \/>\nEurop\u00e9ennes \u00e0 avoir atteint un tel palmar\u00e8s. Elle a gravi huit sommets de plus<br \/>\nde 8000 m\u00e8tres, dont l\u2019Everest, le plus haut point de la plan\u00e8te. Dans ce<br \/>\nlivre, elle raconte ses sept premiers exploits, mais aussi ses \u00e9checs.  <\/p>\n<p>Elle est de plus en plus sollicit\u00e9es pour des conf\u00e9rences ou par les m\u00e9dias,<br \/>\net d\u00e9veloppe une approche prudente et endurante de la montagne, sachant<br \/>\nrenoncer quand il le faut, et recommencer sans go\u00fbt immod\u00e9r\u00e9 de la prouesse<br \/>\nrisqu\u00e9e. En cela, elle est un mod\u00e8le que n\u2019importe qui ou presque peut suivre.<br \/>\nUn livre qui incitera chacun \u00e0 trouver le sommet qu\u2019il veut atteindre et \u00e0 se<br \/>\nforger une motivation et une m\u00e9thode pour avancer dans la vie avec le<br \/>\nsentiment d\u2019en tirer le meilleur. Un r\u00e9cit d\u2019aventure passionnant et<br \/>\nsuperbement illustr\u00e9.  <\/p>","protected":false},"excerpt":{"rendered":"<p>L\u2019\u00e9loge du &#171;savoir-suivre&#187;, r\u00e9cit de mes exp\u00e9ditions \u00e0 plus de 8000 m\u00e8tres en Himalaya Sophie Lavaud est une conf\u00e9renci\u00e8re et alpiniste de nationalit\u00e9s fran\u00e7aise, suisse et canadienne. D\u00e8s 2012, elle devient himalayiste, une des tr\u00e8s rares Europ\u00e9ennes \u00e0 avoir atteint un tel palmar\u00e8s. Elle a gravi huit sommets de plus de 8000 m\u00e8tres, dont l\u2019Everest, [&#8230;]\n","protected":false},"featured_media":27357,"template":"","meta":[],"product_brand":[],"product_cat":[21542],"product_tag":[],"class_list":{"0":"post-149131","1":"product","2":"type-product","3":"status-publish","4":"has-post-thumbnail","6":"product_cat-sachbuecher-dokumentationen","7":"pa_autor-lavaud-chambaretaud","8":"pa_erscheinungsjahr-21586","9":"pa_region-schweiz","10":"pa_sprache-fr","12":"first","13":"instock","14":"taxable","15":"shipping-taxable","16":"purchasable","17":"product-type-simple"},"_links":{"self":[{"href":"https:\/\/pizbube.ch\/en\/wp-json\/wp\/v2\/product\/149131","targetHints":{"allow":["GET"]}}],"collection":[{"href":"https:\/\/pizbube.ch\/en\/wp-json\/wp\/v2\/product"}],"about":[{"href":"https:\/\/pizbube.ch\/en\/wp-json\/wp\/v2\/types\/product"}],"wp:featuredmedia":[{"embeddable":true,"href":"https:\/\/pizbube.ch\/en\/wp-json\/wp\/v2\/media\/27357"}],"wp:attachment":[{"href":"https:\/\/pizbube.ch\/en\/wp-json\/wp\/v2\/media?parent=149131"}],"wp:term":[{"taxonomy":"product_brand","embeddable":true,"href":"https:\/\/pizbube.ch\/en\/wp-json\/wp\/v2\/product_brand?post=149131"},{"taxonomy":"product_cat","embeddable":true,"href":"https:\/\/pizbube.ch\/en\/wp-json\/wp\/v2\/product_cat?post=149131"},{"taxonomy":"product_tag","embeddable":true,"href":"https:\/\/pizbube.ch\/en\/wp-json\/wp\/v2\/product_tag?post=149131"}],"curies":[{"name":"wp","href":"https:\/\/api.w.org\/{rel}","templated":true}]}}