{"id":149132,"date":"2021-01-15T10:58:56","date_gmt":"2021-01-15T10:58:56","guid":{"rendered":"https:\/\/codengine3.ch\/?product=import-placeholder-for-204504"},"modified":"2026-04-13T15:53:54","modified_gmt":"2026-04-13T13:53:54","slug":"dictionnaire-des-femmes-alpinistes-dans-le-monde","status":"publish","type":"product","link":"https:\/\/pizbube.ch\/en\/shop\/dictionnaire-des-femmes-alpinistes-dans-le-monde\/","title":{"rendered":"Dictionnaire des femmes alpinistes dans le monde"},"content":{"rendered":"<p>Nanou Saint-L\u00e8be poursuit dans ce livre son \u0153uvre de divulgation du r\u00f4le et de<br \/>\nla place des femmes dans l\u2019exploration des montagnes.<br \/>\nApr\u00e8s ses deux ouvrages essentiels sur les Pyr\u00e9n\u00e9es, Les femmes \u00e0 la<br \/>\nd\u00e9couverte des Pyr\u00e9n\u00e9es, xviiie et xixe si\u00e8cles (Privat, 2002) et Les<br \/>\npremi\u00e8res f\u00e9minines dans les Pyr\u00e9n\u00e9es, xxe si\u00e8cle (Version Originale, 2012),<br \/>\nelle \u00e9largit g\u00e9ographiquement et th\u00e9matiquement son propos. Continuant par les<br \/>\nAlpes et les autres montagnes d\u2019Europe, elle aborde l\u2019Himalaya et les Andes<br \/>\npour envisager finalement toutes les montagnes de la plan\u00e8te.<\/p>\n<p>Voici donc la premi\u00e8re \u00e9dition de ce Dictionnaire des Femmes Alpinistes dans<br \/>\nle Monde. Il d\u00e9voile l\u2019existence de 575 femmes auteurs de premi\u00e8res<br \/>\nascensions, parmi lesquelles, pour les plus anciennes, Rosalie Ramond Borgella<br \/>\n(1793, Pyr\u00e9n\u00e9es) et Marie Paradis (1809, Alpes), et comporte plus de quatre<br \/>\ncents notices d\u00e9taill\u00e9es. \u00c0 c\u00f4t\u00e9 des grands noms de l\u2019alpinisme f\u00e9minin, on y<br \/>\nd\u00e9couvre une foule de grimpeuses inconnues ou oubli\u00e9es.<br \/>\nCe dictionnaire, ses chapitres introductifs et ses pr\u00e9cieuses annexes sont une<br \/>\n\u0153uvre pionni\u00e8re. Il n\u2019en existe en effet aucun \u00e9quivalent. C\u2019est dire la<br \/>\ndifficult\u00e9 de la t\u00e2che qui a consist\u00e9 \u00e0 en r\u00e9unir les \u00e9l\u00e9ments dispers\u00e9s dans<br \/>\nde nombreuses revues et ouvrages \u00e0 travers le monde.<br \/>\nAu-del\u00e0 de l\u2019illustration et de la d\u00e9fense du r\u00f4le des femmes en montagne,<br \/>\ncette \u0153uvre appara\u00eet aussi comme une contribution importante \u00e0 la connaissance<br \/>\nde l\u2019alpinisme dans son ensemble.<\/p>","protected":false},"excerpt":{"rendered":"<p>Nanou Saint-L\u00e8be poursuit dans ce livre son \u0153uvre de divulgation du r\u00f4le et de la place des femmes dans l\u2019exploration des montagnes. Apr\u00e8s ses deux ouvrages essentiels sur les Pyr\u00e9n\u00e9es, Les femmes \u00e0 la d\u00e9couverte des Pyr\u00e9n\u00e9es, xviiie et xixe si\u00e8cles (Privat, 2002) et Les premi\u00e8res f\u00e9minines dans les Pyr\u00e9n\u00e9es, xxe si\u00e8cle (Version Originale, 2012), [&#8230;]\n","protected":false},"featured_media":32499,"template":"","meta":[],"product_brand":[],"product_cat":[21542],"product_tag":[],"class_list":{"0":"post-149132","1":"product","2":"type-product","3":"status-publish","4":"has-post-thumbnail","6":"product_cat-sachbuecher-dokumentationen","7":"pa_autor-saint-lebe","8":"pa_erscheinungsjahr-21550","9":"pa_region-frankreich","10":"pa_sprache-de","12":"first","13":"outofstock","14":"taxable","15":"shipping-taxable","16":"purchasable","17":"product-type-simple"},"_links":{"self":[{"href":"https:\/\/pizbube.ch\/en\/wp-json\/wp\/v2\/product\/149132","targetHints":{"allow":["GET"]}}],"collection":[{"href":"https:\/\/pizbube.ch\/en\/wp-json\/wp\/v2\/product"}],"about":[{"href":"https:\/\/pizbube.ch\/en\/wp-json\/wp\/v2\/types\/product"}],"wp:featuredmedia":[{"embeddable":true,"href":"https:\/\/pizbube.ch\/en\/wp-json\/wp\/v2\/media\/32499"}],"wp:attachment":[{"href":"https:\/\/pizbube.ch\/en\/wp-json\/wp\/v2\/media?parent=149132"}],"wp:term":[{"taxonomy":"product_brand","embeddable":true,"href":"https:\/\/pizbube.ch\/en\/wp-json\/wp\/v2\/product_brand?post=149132"},{"taxonomy":"product_cat","embeddable":true,"href":"https:\/\/pizbube.ch\/en\/wp-json\/wp\/v2\/product_cat?post=149132"},{"taxonomy":"product_tag","embeddable":true,"href":"https:\/\/pizbube.ch\/en\/wp-json\/wp\/v2\/product_tag?post=149132"}],"curies":[{"name":"wp","href":"https:\/\/api.w.org\/{rel}","templated":true}]}}