{"id":149144,"date":"2021-01-15T10:58:57","date_gmt":"2021-01-15T10:58:57","guid":{"rendered":"https:\/\/codengine3.ch\/?product=import-placeholder-for-205300"},"modified":"2021-01-15T14:40:13","modified_gmt":"2021-01-15T14:40:13","slug":"annapurna-expeditionen-in-die-todeszone","status":"publish","type":"product","link":"https:\/\/pizbube.ch\/en\/shop\/annapurna-expeditionen-in-die-todeszone\/","title":{"rendered":"Annapurna Expeditionen in die Todeszone"},"content":{"rendered":"<p>Am 3. Juni 1950 erreicht erstmals ein Mensch den Gipfel eines Achttausenders:<br \/>\nDer Franzose Maurice Herzog steht auf der schmalen Firnscheide der 8091 m<br \/>\nhohen Annapurna. Der dramatische Abstieg mit seinem Partner Louis Lachenal und<br \/>\nihre Rettung geh\u00f6ren bis heute zu den aufregendsten Geschichten der<br \/>\nAchttausender-Chronik.  <\/p>\n<p>F\u00fcr Reinhold Messner bleibt die Erstbesteigung der damals g\u00e4nzlich<br \/>\nunerforschten Annapurna eine der gro\u00dfen Pionierleistungen der<br \/>\nBergsteigergeschichte. 1985 gelang ihm selbst dann mit der ersten<br \/>\nDurchsteigung der Annapurna-Nordwand &#8211; &#8218;meine schwierigste Achttausenderwand&#8216;<br \/>\n(Messner) &#8211; ein weiterer Meilenstein. Reinhold Messner l\u00e4\u00dft den Leser im<br \/>\nGeiste mitleben, mitsteigen, mitleiden.<br \/>\n2. Auflg.  <\/p>","protected":false},"excerpt":{"rendered":"<p>Am 3. Juni 1950 erreicht erstmals ein Mensch den Gipfel eines Achttausenders: Der Franzose Maurice Herzog steht auf der schmalen Firnscheide der 8091 m hohen Annapurna. Der dramatische Abstieg mit seinem Partner Louis Lachenal und ihre Rettung geh\u00f6ren bis heute zu den aufregendsten Geschichten der Achttausender-Chronik. F\u00fcr Reinhold Messner bleibt die Erstbesteigung der damals g\u00e4nzlich [&#8230;]\n","protected":false},"featured_media":33967,"template":"","meta":[],"product_brand":[],"product_cat":[21542],"product_tag":[],"class_list":{"0":"post-149144","1":"product","2":"type-product","3":"status-publish","4":"has-post-thumbnail","6":"product_cat-sachbuecher-dokumentationen","7":"pa_autor-messner","8":"pa_erscheinungsjahr-21830","9":"pa_region-asien","10":"pa_sprache-de","12":"first","13":"instock","14":"taxable","15":"shipping-taxable","16":"purchasable","17":"product-type-simple"},"_links":{"self":[{"href":"https:\/\/pizbube.ch\/en\/wp-json\/wp\/v2\/product\/149144","targetHints":{"allow":["GET"]}}],"collection":[{"href":"https:\/\/pizbube.ch\/en\/wp-json\/wp\/v2\/product"}],"about":[{"href":"https:\/\/pizbube.ch\/en\/wp-json\/wp\/v2\/types\/product"}],"wp:featuredmedia":[{"embeddable":true,"href":"https:\/\/pizbube.ch\/en\/wp-json\/wp\/v2\/media\/33967"}],"wp:attachment":[{"href":"https:\/\/pizbube.ch\/en\/wp-json\/wp\/v2\/media?parent=149144"}],"wp:term":[{"taxonomy":"product_brand","embeddable":true,"href":"https:\/\/pizbube.ch\/en\/wp-json\/wp\/v2\/product_brand?post=149144"},{"taxonomy":"product_cat","embeddable":true,"href":"https:\/\/pizbube.ch\/en\/wp-json\/wp\/v2\/product_cat?post=149144"},{"taxonomy":"product_tag","embeddable":true,"href":"https:\/\/pizbube.ch\/en\/wp-json\/wp\/v2\/product_tag?post=149144"}],"curies":[{"name":"wp","href":"https:\/\/api.w.org\/{rel}","templated":true}]}}