{"id":149147,"date":"2021-01-15T10:58:57","date_gmt":"2021-01-15T10:58:57","guid":{"rendered":"https:\/\/codengine3.ch\/?product=import-placeholder-for-203929"},"modified":"2021-01-15T14:27:59","modified_gmt":"2021-01-15T14:27:59","slug":"on-line","status":"publish","type":"product","link":"https:\/\/pizbube.ch\/en\/shop\/on-line\/","title":{"rendered":"on- line"},"content":{"rendered":"<p>Mobile Seilaufbauten (slackline) sind mittlerweile Klassiker! Welcher<br \/>\nFlaschenzug, welches Seil ist geeignet? Welche Kr\u00e4fte treten beim Balancieren<br \/>\noder H\u00e4ngen an gespannten Seilen auf? Spiele und Abenteuer mit dem Seil.<br \/>\nDewald und H\u00e4u\u00dfler pr\u00e4sentieren in diesem Buch grunds\u00e4tzliches Basiswissen zu<br \/>\nSicherheit, Bau und Betreibung mobiler Seilaufbauten. Vorschl\u00e4ge zur Umsetzung<br \/>\nfinden sich in \u00fcber 30 detailliert dargestellten Spielen und Abenteueraktionen<br \/>\n&#8211; outdoor und indoor, niederen wie hohen Seilaufbauten. s\/w. Fotos, Abb., 160<br \/>\nS.<br \/>\n2. Auflage 2007 \/ Nachdruck 2011  <\/p>","protected":false},"excerpt":{"rendered":"<p>Mobile Seilaufbauten (slackline) sind mittlerweile Klassiker! Welcher Flaschenzug, welches Seil ist geeignet? Welche Kr\u00e4fte treten beim Balancieren oder H\u00e4ngen an gespannten Seilen auf? Spiele und Abenteuer mit dem Seil. Dewald und H\u00e4u\u00dfler pr\u00e4sentieren in diesem Buch grunds\u00e4tzliches Basiswissen zu Sicherheit, Bau und Betreibung mobiler Seilaufbauten. Vorschl\u00e4ge zur Umsetzung finden sich in \u00fcber 30 detailliert dargestellten [&#8230;]\n","protected":false},"featured_media":31642,"template":"","meta":[],"product_brand":[],"product_cat":[21538],"product_tag":[],"class_list":{"0":"post-149147","1":"product","2":"type-product","3":"status-publish","4":"has-post-thumbnail","6":"product_cat-lehrbuecher","7":"pa_autor-dewald","8":"pa_erscheinungsjahr-21842","9":"pa_region-klettertechnik","10":"pa_sprache-de","12":"first","13":"instock","14":"taxable","15":"shipping-taxable","16":"purchasable","17":"product-type-simple"},"_links":{"self":[{"href":"https:\/\/pizbube.ch\/en\/wp-json\/wp\/v2\/product\/149147","targetHints":{"allow":["GET"]}}],"collection":[{"href":"https:\/\/pizbube.ch\/en\/wp-json\/wp\/v2\/product"}],"about":[{"href":"https:\/\/pizbube.ch\/en\/wp-json\/wp\/v2\/types\/product"}],"wp:featuredmedia":[{"embeddable":true,"href":"https:\/\/pizbube.ch\/en\/wp-json\/wp\/v2\/media\/31642"}],"wp:attachment":[{"href":"https:\/\/pizbube.ch\/en\/wp-json\/wp\/v2\/media?parent=149147"}],"wp:term":[{"taxonomy":"product_brand","embeddable":true,"href":"https:\/\/pizbube.ch\/en\/wp-json\/wp\/v2\/product_brand?post=149147"},{"taxonomy":"product_cat","embeddable":true,"href":"https:\/\/pizbube.ch\/en\/wp-json\/wp\/v2\/product_cat?post=149147"},{"taxonomy":"product_tag","embeddable":true,"href":"https:\/\/pizbube.ch\/en\/wp-json\/wp\/v2\/product_tag?post=149147"}],"curies":[{"name":"wp","href":"https:\/\/api.w.org\/{rel}","templated":true}]}}