{"id":149148,"date":"2021-01-15T10:58:57","date_gmt":"2021-01-15T10:58:57","guid":{"rendered":"https:\/\/codengine3.ch\/?product=import-placeholder-for-205596"},"modified":"2021-01-15T14:42:26","modified_gmt":"2021-01-15T14:42:26","slug":"slackline-tipps-tricks-technik","status":"publish","type":"product","link":"https:\/\/pizbube.ch\/en\/shop\/slackline-tipps-tricks-technik\/","title":{"rendered":"slackline Tipps Tricks Technik"},"content":{"rendered":"<p>Bis zur Fertigstellung der 4. Auflage hat es nun fast drei Jahre gedauert. Das<br \/>\nBuch wurde komplett neu aufgebaut. Fritz Miller und Daniel Mauser haben keinen<br \/>\nAufwand gescheut, um das \u00e4u\u00dferst facettenreiche Thema Slackline bestm\u00f6glich zu<br \/>\nbeschreiben. Besonders wichtig war den Autoren die Zusammenarbeit mit einigen<br \/>\nder besten Slacklinern unserer Zeit, mit Sport\u00adlehrern, Physikern und anderen<br \/>\nSpezialisten \u2013 vor allem, wenn es um heikle Themen wie das Long\u00adlinen und<br \/>\nHighlinen ging. Diese wurden nicht ausgeklammert oder mit ein paar<br \/>\noberfl\u00e4chlichen Gefahrenhinweisen abgetan, sondern hier wurde bewusst in die<br \/>\nTiefe gegangen.<\/p>\n<p>So ist inhaltlich f\u00fcr jeden etwas dabei: f\u00fcr Anf\u00e4nger genauso wie f\u00fcr<br \/>\nFortgeschrittene, f\u00fcr Trickliner genauso wie f\u00fcr alle, die technische und<br \/>\nmentale Herausforderungen suchen. Und wer sich ganz allgemein f\u00fcrs Thema<br \/>\nSlacklinen interessiert, f\u00fcr seine Geschichte, seine Geschichten, seine<br \/>\nPro\u00adta\u00adgonisten, wird ebenfalls f\u00fcndig. Obendrauf gibt\u2019s eine **DVD** mit<br \/>\nFilmclips der grundlegenden Slack\u00adline-Techniken, dem Aufbau verschiedener<br \/>\nSysteme, der coolsten Tricks und mehr.<\/p>\n<p>Um die Sache abzurunden hat der Panicoverlag sich nicht lumpen lassen und das<br \/>\nWissenskompendium mit einem aufwendigen Layout und einer tollen Bebilderung<br \/>\nversehen. Also jetzt das Buch bestellen \u2013 auf die Leine, fertig, los!<\/p>","protected":false},"excerpt":{"rendered":"<ul>\n<li><a href=\"https:\/\/youtu.be\/grDe-LloQMY\" target=\"_blank\" rel=\"noopener\">Video: slackline Lehrbuch Panico<\/a><\/li>\n<li><a href=\"https:\/\/pizbube.ch\/wp-content\/uploads\/attachments\/a_026\/A282179AE10D61548315A9525376B8D7.pdf\" target=\"_blank\" rel=\"noopener\">PDF: Slackline Lehrbuch Leseprobe<\/a><\/li>\n<\/ul>","protected":false},"featured_media":38221,"template":"","meta":[],"product_brand":[],"product_cat":[21538],"product_tag":[],"class_list":{"0":"post-149148","1":"product","2":"type-product","3":"status-publish","4":"has-post-thumbnail","6":"product_cat-lehrbuecher","7":"pa_autor-miller-mauser","8":"pa_erscheinungsjahr-21568","9":"pa_region-klettertechnik","10":"pa_sprache-de","12":"first","13":"outofstock","14":"taxable","15":"shipping-taxable","16":"purchasable","17":"product-type-simple"},"_links":{"self":[{"href":"https:\/\/pizbube.ch\/en\/wp-json\/wp\/v2\/product\/149148","targetHints":{"allow":["GET"]}}],"collection":[{"href":"https:\/\/pizbube.ch\/en\/wp-json\/wp\/v2\/product"}],"about":[{"href":"https:\/\/pizbube.ch\/en\/wp-json\/wp\/v2\/types\/product"}],"wp:featuredmedia":[{"embeddable":true,"href":"https:\/\/pizbube.ch\/en\/wp-json\/wp\/v2\/media\/38221"}],"wp:attachment":[{"href":"https:\/\/pizbube.ch\/en\/wp-json\/wp\/v2\/media?parent=149148"}],"wp:term":[{"taxonomy":"product_brand","embeddable":true,"href":"https:\/\/pizbube.ch\/en\/wp-json\/wp\/v2\/product_brand?post=149148"},{"taxonomy":"product_cat","embeddable":true,"href":"https:\/\/pizbube.ch\/en\/wp-json\/wp\/v2\/product_cat?post=149148"},{"taxonomy":"product_tag","embeddable":true,"href":"https:\/\/pizbube.ch\/en\/wp-json\/wp\/v2\/product_tag?post=149148"}],"curies":[{"name":"wp","href":"https:\/\/api.w.org\/{rel}","templated":true}]}}