{"id":149149,"date":"2021-01-15T10:58:57","date_gmt":"2021-01-15T10:58:57","guid":{"rendered":"https:\/\/codengine3.ch\/?product=import-placeholder-for-207026"},"modified":"2021-01-15T14:54:26","modified_gmt":"2021-01-15T14:54:26","slug":"slacklinen","status":"publish","type":"product","link":"https:\/\/pizbube.ch\/en\/shop\/slacklinen\/","title":{"rendered":"Slacklinen"},"content":{"rendered":"<p>Praxiswissen vom Profi zu Ausr\u00fcstung, Technik und Sicherheit  <\/p>\n<p>Slacklining hei\u00dft die neue Trendsportart all derer, die spielerisch Balance,<br \/>\nK\u00f6rperspannung und Konzentration trainieren oder einfach eine Menge Spa\u00df haben<br \/>\nwollen. Der kompetente Praxisband begleitet Anf\u00e4nger bei ihren ersten<br \/>\nSchritten auf dem gespannten Gurtband und erl\u00e4utert die Technik des Slackens.<br \/>\nFortgeschrittene erfahren, worauf es bei High- und Longlines ankommt. Mit<br \/>\nspektakul\u00e4ren Bildern und wichtigen Infos zu Sicherheit und Ausr\u00fcstung.  <\/p>","protected":false},"excerpt":{"rendered":"<p>Praxiswissen vom Profi zu Ausr\u00fcstung, Technik und Sicherheit Slacklining hei\u00dft die neue Trendsportart all derer, die spielerisch Balance, K\u00f6rperspannung und Konzentration trainieren oder einfach eine Menge Spa\u00df haben wollen. Der kompetente Praxisband begleitet Anf\u00e4nger bei ihren ersten Schritten auf dem gespannten Gurtband und erl\u00e4utert die Technik des Slackens. Fortgeschrittene erfahren, worauf es bei High- und [&#8230;]\n","protected":false},"featured_media":36605,"template":"","meta":[],"product_brand":[],"product_cat":[21538],"product_tag":[],"class_list":{"0":"post-149149","1":"product","2":"type-product","3":"status-publish","4":"has-post-thumbnail","6":"product_cat-lehrbuecher","7":"pa_autor-volery-rodenkrich","8":"pa_erscheinungsjahr-21621","9":"pa_region-klettertechnik","10":"pa_sprache-de","12":"first","13":"instock","14":"taxable","15":"shipping-taxable","16":"purchasable","17":"product-type-simple"},"_links":{"self":[{"href":"https:\/\/pizbube.ch\/en\/wp-json\/wp\/v2\/product\/149149","targetHints":{"allow":["GET"]}}],"collection":[{"href":"https:\/\/pizbube.ch\/en\/wp-json\/wp\/v2\/product"}],"about":[{"href":"https:\/\/pizbube.ch\/en\/wp-json\/wp\/v2\/types\/product"}],"wp:featuredmedia":[{"embeddable":true,"href":"https:\/\/pizbube.ch\/en\/wp-json\/wp\/v2\/media\/36605"}],"wp:attachment":[{"href":"https:\/\/pizbube.ch\/en\/wp-json\/wp\/v2\/media?parent=149149"}],"wp:term":[{"taxonomy":"product_brand","embeddable":true,"href":"https:\/\/pizbube.ch\/en\/wp-json\/wp\/v2\/product_brand?post=149149"},{"taxonomy":"product_cat","embeddable":true,"href":"https:\/\/pizbube.ch\/en\/wp-json\/wp\/v2\/product_cat?post=149149"},{"taxonomy":"product_tag","embeddable":true,"href":"https:\/\/pizbube.ch\/en\/wp-json\/wp\/v2\/product_tag?post=149149"}],"curies":[{"name":"wp","href":"https:\/\/api.w.org\/{rel}","templated":true}]}}